{"id":266,"date":"2023-09-05T16:09:49","date_gmt":"2023-09-05T14:09:49","guid":{"rendered":"https:\/\/www.waicogroup.com\/fr\/?page_id=266"},"modified":"2026-02-06T10:57:15","modified_gmt":"2026-02-06T09:57:15","slug":"espace-telechargements","status":"publish","type":"page","link":"https:\/\/www.waicogroup.com\/fr\/espace-telechargements\/","title":{"rendered":"Espace t\u00e9l\u00e9chargements"},"content":{"rendered":"\n<h2 class=\"wp-block-heading has-heading-large-font-size\" style=\"margin-top:var(--wp--preset--spacing--huge)\">ESPACE T\u00c9L\u00c9CHARGEMENTS<\/h2>\n\n\n\n<p class=\"has-heading-h-3-font-size\" style=\"margin-top:var(--wp--preset--spacing--xhuge)\">PROFIL DE L\u2019ENTREPRISE<\/p>\n\n\n\n<div class=\"wp-block-columns is-layout-flex wp-container-core-columns-is-layout-fc81da9a wp-block-columns-is-layout-flex\" style=\"margin-top:var(--wp--preset--spacing--xlarge);margin-bottom:var(--wp--preset--spacing--xlarge)\">\n<div class=\"wp-block-column is-layout-flow wp-block-column-is-layout-flow\">\n<figure class=\"wp-block-image size-full\"><img loading=\"lazy\" decoding=\"async\" width=\"369\" height=\"498\" src=\"https:\/\/www.waicogroup.com\/fr\/wp-content\/uploads\/sites\/3\/2023\/09\/CP.jpg\" alt=\"\" class=\"wp-image-633\" srcset=\"https:\/\/www.waicogroup.com\/fr\/wp-content\/uploads\/sites\/3\/2023\/09\/CP.jpg 369w, https:\/\/www.waicogroup.com\/fr\/wp-content\/uploads\/sites\/3\/2023\/09\/CP-222x300.jpg 222w\" sizes=\"auto, (max-width: 369px) 100vw, 369px\" \/><\/figure>\n\n\n\n<p class=\"\">Profil de l&rsquo;entreprise<\/p>\n\n\n\n<div class=\"wp-block-buttons is-layout-flex wp-block-buttons-is-layout-flex\" style=\"margin-top:var(--wp--preset--spacing--medium);margin-bottom:var(--wp--preset--spacing--medium)\">\n<div class=\"wp-block-button is-style-secondary has-icon-arrow-down has-icon-after\"><a class=\"wp-block-button__link wp-element-button\" href=\"https:\/\/www.waicogroup.com\/fr\/wp-content\/uploads\/sites\/3\/2025\/10\/company-profile-ENG-web.pdf\" target=\"_blank\" rel=\"noreferrer noopener\">DOWNLOAD<\/a><\/div>\n<\/div>\n<\/div>\n\n\n\n<div class=\"wp-block-column is-layout-flow wp-block-column-is-layout-flow\"><\/div>\n\n\n\n<div class=\"wp-block-column is-layout-flow wp-block-column-is-layout-flow\"><\/div>\n\n\n\n<div class=\"wp-block-column is-layout-flow wp-block-column-is-layout-flow\"><\/div>\n\n\n\n<div class=\"wp-block-column is-layout-flow wp-block-column-is-layout-flow\"><\/div>\n\n\n\n<div class=\"wp-block-column is-layout-flow wp-block-column-is-layout-flow\"><\/div>\n<\/div>\n\n\n\n<p class=\"has-heading-h-3-font-size\" style=\"margin-top:var(--wp--preset--spacing--xhuge)\">CATALOGUES<\/p>\n\n\n\n<div class=\"wp-block-columns is-layout-flex wp-container-core-columns-is-layout-fc81da9a wp-block-columns-is-layout-flex\" style=\"margin-top:var(--wp--preset--spacing--xlarge);margin-bottom:var(--wp--preset--spacing--xlarge)\">\n<div class=\"wp-block-column is-layout-flow wp-block-column-is-layout-flow\">\n<figure class=\"wp-block-image size-full\"><img loading=\"lazy\" decoding=\"async\" width=\"369\" height=\"498\" src=\"https:\/\/www.waicogroup.com\/fr\/wp-content\/uploads\/sites\/3\/2026\/02\/starmix.jpg\" alt=\"\" class=\"wp-image-1161\" srcset=\"https:\/\/www.waicogroup.com\/fr\/wp-content\/uploads\/sites\/3\/2026\/02\/starmix.jpg 369w, https:\/\/www.waicogroup.com\/fr\/wp-content\/uploads\/sites\/3\/2026\/02\/starmix-222x300.jpg 222w\" sizes=\"auto, (max-width: 369px) 100vw, 369px\" \/><\/figure>\n\n\n\n<p class=\"\">Starmix<\/p>\n\n\n\n<div class=\"wp-block-buttons is-layout-flex wp-block-buttons-is-layout-flex\" style=\"margin-top:var(--wp--preset--spacing--medium);margin-bottom:var(--wp--preset--spacing--medium)\">\n<div class=\"wp-block-button is-style-secondary has-icon-arrow-down has-icon-after\"><a class=\"wp-block-button__link wp-element-button\" href=\"https:\/\/risorse.waicogroup.com\/fr\/download-catalogues\/\" target=\"_blank\" rel=\"noreferrer noopener\">DOWNLOAD<\/a><\/div>\n<\/div>\n<\/div>\n\n\n\n<div class=\"wp-block-column is-layout-flow wp-block-column-is-layout-flow\">\n<figure class=\"wp-block-image size-full\"><img loading=\"lazy\" decoding=\"async\" width=\"369\" height=\"498\" src=\"https:\/\/www.waicogroup.com\/fr\/wp-content\/uploads\/sites\/3\/2023\/09\/starmix-industrial.jpg\" alt=\"\" class=\"wp-image-361\" srcset=\"https:\/\/www.waicogroup.com\/fr\/wp-content\/uploads\/sites\/3\/2023\/09\/starmix-industrial.jpg 369w, https:\/\/www.waicogroup.com\/fr\/wp-content\/uploads\/sites\/3\/2023\/09\/starmix-industrial-222x300.jpg 222w\" sizes=\"auto, (max-width: 369px) 100vw, 369px\" \/><\/figure>\n\n\n\n<p class=\"\">Starmix Industrial<\/p>\n\n\n\n<div class=\"wp-block-buttons is-layout-flex wp-block-buttons-is-layout-flex\" style=\"margin-top:var(--wp--preset--spacing--medium);margin-bottom:var(--wp--preset--spacing--medium)\">\n<div class=\"wp-block-button is-style-secondary has-icon-arrow-down has-icon-after\"><a class=\"wp-block-button__link wp-element-button\" href=\"https:\/\/risorse.waicogroup.com\/fr\/download-catalogues\/\" target=\"_blank\" rel=\"noreferrer noopener\">DOWNLOAD<\/a><\/div>\n<\/div>\n<\/div>\n\n\n\n<div class=\"wp-block-column is-layout-flow wp-block-column-is-layout-flow\">\n<figure class=\"wp-block-image size-full\"><img loading=\"lazy\" decoding=\"async\" width=\"369\" height=\"498\" src=\"https:\/\/www.waicogroup.com\/fr\/wp-content\/uploads\/sites\/3\/2026\/02\/vitella.jpg\" alt=\"\" class=\"wp-image-1160\" srcset=\"https:\/\/www.waicogroup.com\/fr\/wp-content\/uploads\/sites\/3\/2026\/02\/vitella.jpg 369w, https:\/\/www.waicogroup.com\/fr\/wp-content\/uploads\/sites\/3\/2026\/02\/vitella-222x300.jpg 222w\" sizes=\"auto, (max-width: 369px) 100vw, 369px\" \/><\/figure>\n\n\n\n<p class=\"\">Vitella<\/p>\n\n\n\n<div class=\"wp-block-buttons is-layout-flex wp-block-buttons-is-layout-flex\" style=\"margin-top:var(--wp--preset--spacing--medium);margin-bottom:var(--wp--preset--spacing--medium)\">\n<div class=\"wp-block-button is-style-secondary has-icon-arrow-down has-icon-after\"><a class=\"wp-block-button__link wp-element-button\" href=\"https:\/\/risorse.waicogroup.com\/fr\/download-catalogues\/\" target=\"_blank\" rel=\"noreferrer noopener\">DOWNLOAD<\/a><\/div>\n<\/div>\n<\/div>\n\n\n\n<div class=\"wp-block-column is-layout-flow wp-block-column-is-layout-flow\">\n<figure class=\"wp-block-image size-full\"><img loading=\"lazy\" decoding=\"async\" width=\"369\" height=\"498\" src=\"https:\/\/www.waicogroup.com\/fr\/wp-content\/uploads\/sites\/3\/2023\/09\/italforni.jpg\" alt=\"\" class=\"wp-image-366\" srcset=\"https:\/\/www.waicogroup.com\/fr\/wp-content\/uploads\/sites\/3\/2023\/09\/italforni.jpg 369w, https:\/\/www.waicogroup.com\/fr\/wp-content\/uploads\/sites\/3\/2023\/09\/italforni-222x300.jpg 222w\" sizes=\"auto, (max-width: 369px) 100vw, 369px\" \/><\/figure>\n\n\n\n<p class=\"\">Italforni<\/p>\n\n\n\n<div class=\"wp-block-buttons is-layout-flex wp-block-buttons-is-layout-flex\" style=\"margin-top:var(--wp--preset--spacing--medium);margin-bottom:var(--wp--preset--spacing--medium)\">\n<div class=\"wp-block-button is-style-secondary has-icon-arrow-down has-icon-after\"><a class=\"wp-block-button__link wp-element-button\" href=\"https:\/\/risorse.waicogroup.com\/fr\/download-catalogues\/\" target=\"_blank\" rel=\"noreferrer noopener\">DOWNLOAD<\/a><\/div>\n<\/div>\n<\/div>\n\n\n\n<div class=\"wp-block-column is-layout-flow wp-block-column-is-layout-flow\">\n<figure class=\"wp-block-image size-full\"><img loading=\"lazy\" decoding=\"async\" width=\"369\" height=\"498\" src=\"https:\/\/www.waicogroup.com\/fr\/wp-content\/uploads\/sites\/3\/2023\/09\/flamic.jpg\" alt=\"\" class=\"wp-image-364\" srcset=\"https:\/\/www.waicogroup.com\/fr\/wp-content\/uploads\/sites\/3\/2023\/09\/flamic.jpg 369w, https:\/\/www.waicogroup.com\/fr\/wp-content\/uploads\/sites\/3\/2023\/09\/flamic-222x300.jpg 222w\" sizes=\"auto, (max-width: 369px) 100vw, 369px\" \/><\/figure>\n\n\n\n<p class=\"\">Flamic<\/p>\n\n\n\n<div class=\"wp-block-buttons is-layout-flex wp-block-buttons-is-layout-flex\" style=\"margin-top:var(--wp--preset--spacing--medium);margin-bottom:var(--wp--preset--spacing--medium)\">\n<div class=\"wp-block-button is-style-secondary has-icon-arrow-down has-icon-after\"><a class=\"wp-block-button__link wp-element-button\" href=\"https:\/\/risorse.waicogroup.com\/fr\/download-catalogues\/\" target=\"_blank\" rel=\"noreferrer noopener\">DOWNLOAD<\/a><\/div>\n<\/div>\n<\/div>\n\n\n\n<div class=\"wp-block-column is-layout-flow wp-block-column-is-layout-flow\">\n<figure class=\"wp-block-image size-full\"><img loading=\"lazy\" decoding=\"async\" width=\"369\" height=\"498\" src=\"https:\/\/www.waicogroup.com\/fr\/wp-content\/uploads\/sites\/3\/2026\/02\/effedue.jpg\" alt=\"\" class=\"wp-image-1159\" srcset=\"https:\/\/www.waicogroup.com\/fr\/wp-content\/uploads\/sites\/3\/2026\/02\/effedue.jpg 369w, https:\/\/www.waicogroup.com\/fr\/wp-content\/uploads\/sites\/3\/2026\/02\/effedue-222x300.jpg 222w\" sizes=\"auto, (max-width: 369px) 100vw, 369px\" \/><\/figure>\n\n\n\n<p class=\"\">Effedue<\/p>\n\n\n\n<div class=\"wp-block-buttons is-layout-flex wp-block-buttons-is-layout-flex\" style=\"margin-top:var(--wp--preset--spacing--medium);margin-bottom:var(--wp--preset--spacing--medium)\">\n<div class=\"wp-block-button is-style-secondary has-icon-arrow-down has-icon-after\"><a class=\"wp-block-button__link wp-element-button\" href=\"https:\/\/risorse.waicogroup.com\/fr\/download-catalogues\/\" target=\"_blank\" rel=\"noreferrer noopener\">DOWNLOAD<\/a><\/div>\n<\/div>\n<\/div>\n<\/div>\n","protected":false},"excerpt":{"rendered":"<p>ESPACE T\u00c9L\u00c9CHARGEMENTS PROFIL DE L\u2019ENTREPRISE Profil de l&rsquo;entreprise CATALOGUES Starmix Starmix Industrial Vitella Italforni Flamic Effedue<\/p>\n","protected":false},"author":1,"featured_media":0,"parent":0,"menu_order":0,"comment_status":"closed","ping_status":"closed","template":"","meta":{"_acf_changed":false,"content-type":"","footnotes":""},"class_list":["post-266","page","type-page","status-publish","hentry"],"acf":[],"yoast_head":"<!-- This site is optimized with the Yoast SEO plugin v26.6 - https:\/\/yoast.com\/wordpress\/plugins\/seo\/ -->\n<title>Espace t\u00e9l\u00e9chargements - Waico Group Fran\u00e7ais<\/title>\n<meta name=\"robots\" content=\"index, follow, max-snippet:-1, max-image-preview:large, max-video-preview:-1\" \/>\n<link rel=\"canonical\" href=\"https:\/\/www.waicogroup.com\/fr\/espace-telechargements\/\" \/>\n<meta property=\"og:locale\" content=\"fr_FR\" \/>\n<meta property=\"og:type\" content=\"article\" \/>\n<meta property=\"og:title\" content=\"Espace t\u00e9l\u00e9chargements - Waico Group Fran\u00e7ais\" \/>\n<meta property=\"og:description\" content=\"ESPACE T\u00c9L\u00c9CHARGEMENTS PROFIL DE L\u2019ENTREPRISE Profil de l&rsquo;entreprise CATALOGUES Starmix Starmix Industrial Vitella Italforni Flamic Effedue\" \/>\n<meta property=\"og:url\" content=\"https:\/\/www.waicogroup.com\/fr\/espace-telechargements\/\" \/>\n<meta property=\"og:site_name\" content=\"Waico Group Fran\u00e7ais\" \/>\n<meta property=\"article:modified_time\" content=\"2026-02-06T09:57:15+00:00\" \/>\n<meta property=\"og:image\" content=\"https:\/\/www.waicogroup.com\/fr\/wp-content\/uploads\/sites\/3\/2023\/09\/CP.jpg\" \/>\n\t<meta property=\"og:image:width\" content=\"369\" \/>\n\t<meta property=\"og:image:height\" content=\"498\" \/>\n\t<meta property=\"og:image:type\" content=\"image\/jpeg\" \/>\n<meta name=\"twitter:card\" content=\"summary_large_image\" \/>\n<meta name=\"twitter:label1\" content=\"Dur\u00e9e de lecture estim\u00e9e\" \/>\n\t<meta name=\"twitter:data1\" content=\"2 minutes\" \/>\n<script type=\"application\/ld+json\" class=\"yoast-schema-graph\">{\"@context\":\"https:\/\/schema.org\",\"@graph\":[{\"@type\":\"WebPage\",\"@id\":\"https:\/\/www.waicogroup.com\/fr\/espace-telechargements\/\",\"url\":\"https:\/\/www.waicogroup.com\/fr\/espace-telechargements\/\",\"name\":\"Espace t\u00e9l\u00e9chargements - Waico Group Fran\u00e7ais\",\"isPartOf\":{\"@id\":\"https:\/\/www.waicogroup.com\/fr\/#website\"},\"primaryImageOfPage\":{\"@id\":\"https:\/\/www.waicogroup.com\/fr\/espace-telechargements\/#primaryimage\"},\"image\":{\"@id\":\"https:\/\/www.waicogroup.com\/fr\/espace-telechargements\/#primaryimage\"},\"thumbnailUrl\":\"https:\/\/www.waicogroup.com\/fr\/wp-content\/uploads\/sites\/3\/2023\/09\/CP.jpg\",\"datePublished\":\"2023-09-05T14:09:49+00:00\",\"dateModified\":\"2026-02-06T09:57:15+00:00\",\"breadcrumb\":{\"@id\":\"https:\/\/www.waicogroup.com\/fr\/espace-telechargements\/#breadcrumb\"},\"inLanguage\":\"fr-FR\",\"potentialAction\":[{\"@type\":\"ReadAction\",\"target\":[\"https:\/\/www.waicogroup.com\/fr\/espace-telechargements\/\"]}]},{\"@type\":\"ImageObject\",\"inLanguage\":\"fr-FR\",\"@id\":\"https:\/\/www.waicogroup.com\/fr\/espace-telechargements\/#primaryimage\",\"url\":\"https:\/\/www.waicogroup.com\/fr\/wp-content\/uploads\/sites\/3\/2023\/09\/CP.jpg\",\"contentUrl\":\"https:\/\/www.waicogroup.com\/fr\/wp-content\/uploads\/sites\/3\/2023\/09\/CP.jpg\",\"width\":369,\"height\":498},{\"@type\":\"BreadcrumbList\",\"@id\":\"https:\/\/www.waicogroup.com\/fr\/espace-telechargements\/#breadcrumb\",\"itemListElement\":[{\"@type\":\"ListItem\",\"position\":1,\"name\":\"Home\",\"item\":\"https:\/\/www.waicogroup.com\/fr\/\"},{\"@type\":\"ListItem\",\"position\":2,\"name\":\"Espace t\u00e9l\u00e9chargements\"}]},{\"@type\":\"WebSite\",\"@id\":\"https:\/\/www.waicogroup.com\/fr\/#website\",\"url\":\"https:\/\/www.waicogroup.com\/fr\/\",\"name\":\"Waico Group Fran\u00e7ais\",\"description\":\"\",\"potentialAction\":[{\"@type\":\"SearchAction\",\"target\":{\"@type\":\"EntryPoint\",\"urlTemplate\":\"https:\/\/www.waicogroup.com\/fr\/?s={search_term_string}\"},\"query-input\":{\"@type\":\"PropertyValueSpecification\",\"valueRequired\":true,\"valueName\":\"search_term_string\"}}],\"inLanguage\":\"fr-FR\"}]}<\/script>\n<!-- \/ Yoast SEO plugin. -->","yoast_head_json":{"title":"Espace t\u00e9l\u00e9chargements - Waico Group Fran\u00e7ais","robots":{"index":"index","follow":"follow","max-snippet":"max-snippet:-1","max-image-preview":"max-image-preview:large","max-video-preview":"max-video-preview:-1"},"canonical":"https:\/\/www.waicogroup.com\/fr\/espace-telechargements\/","og_locale":"fr_FR","og_type":"article","og_title":"Espace t\u00e9l\u00e9chargements - Waico Group Fran\u00e7ais","og_description":"ESPACE T\u00c9L\u00c9CHARGEMENTS PROFIL DE L\u2019ENTREPRISE Profil de l&rsquo;entreprise CATALOGUES Starmix Starmix Industrial Vitella Italforni Flamic Effedue","og_url":"https:\/\/www.waicogroup.com\/fr\/espace-telechargements\/","og_site_name":"Waico Group Fran\u00e7ais","article_modified_time":"2026-02-06T09:57:15+00:00","og_image":[{"width":369,"height":498,"url":"https:\/\/www.waicogroup.com\/fr\/wp-content\/uploads\/sites\/3\/2023\/09\/CP.jpg","type":"image\/jpeg"}],"twitter_card":"summary_large_image","twitter_misc":{"Dur\u00e9e de lecture estim\u00e9e":"2 minutes"},"schema":{"@context":"https:\/\/schema.org","@graph":[{"@type":"WebPage","@id":"https:\/\/www.waicogroup.com\/fr\/espace-telechargements\/","url":"https:\/\/www.waicogroup.com\/fr\/espace-telechargements\/","name":"Espace t\u00e9l\u00e9chargements - Waico Group Fran\u00e7ais","isPartOf":{"@id":"https:\/\/www.waicogroup.com\/fr\/#website"},"primaryImageOfPage":{"@id":"https:\/\/www.waicogroup.com\/fr\/espace-telechargements\/#primaryimage"},"image":{"@id":"https:\/\/www.waicogroup.com\/fr\/espace-telechargements\/#primaryimage"},"thumbnailUrl":"https:\/\/www.waicogroup.com\/fr\/wp-content\/uploads\/sites\/3\/2023\/09\/CP.jpg","datePublished":"2023-09-05T14:09:49+00:00","dateModified":"2026-02-06T09:57:15+00:00","breadcrumb":{"@id":"https:\/\/www.waicogroup.com\/fr\/espace-telechargements\/#breadcrumb"},"inLanguage":"fr-FR","potentialAction":[{"@type":"ReadAction","target":["https:\/\/www.waicogroup.com\/fr\/espace-telechargements\/"]}]},{"@type":"ImageObject","inLanguage":"fr-FR","@id":"https:\/\/www.waicogroup.com\/fr\/espace-telechargements\/#primaryimage","url":"https:\/\/www.waicogroup.com\/fr\/wp-content\/uploads\/sites\/3\/2023\/09\/CP.jpg","contentUrl":"https:\/\/www.waicogroup.com\/fr\/wp-content\/uploads\/sites\/3\/2023\/09\/CP.jpg","width":369,"height":498},{"@type":"BreadcrumbList","@id":"https:\/\/www.waicogroup.com\/fr\/espace-telechargements\/#breadcrumb","itemListElement":[{"@type":"ListItem","position":1,"name":"Home","item":"https:\/\/www.waicogroup.com\/fr\/"},{"@type":"ListItem","position":2,"name":"Espace t\u00e9l\u00e9chargements"}]},{"@type":"WebSite","@id":"https:\/\/www.waicogroup.com\/fr\/#website","url":"https:\/\/www.waicogroup.com\/fr\/","name":"Waico Group Fran\u00e7ais","description":"","potentialAction":[{"@type":"SearchAction","target":{"@type":"EntryPoint","urlTemplate":"https:\/\/www.waicogroup.com\/fr\/?s={search_term_string}"},"query-input":{"@type":"PropertyValueSpecification","valueRequired":true,"valueName":"search_term_string"}}],"inLanguage":"fr-FR"}]}},"_links":{"self":[{"href":"https:\/\/www.waicogroup.com\/fr\/wp-json\/wp\/v2\/pages\/266","targetHints":{"allow":["GET"]}}],"collection":[{"href":"https:\/\/www.waicogroup.com\/fr\/wp-json\/wp\/v2\/pages"}],"about":[{"href":"https:\/\/www.waicogroup.com\/fr\/wp-json\/wp\/v2\/types\/page"}],"author":[{"embeddable":true,"href":"https:\/\/www.waicogroup.com\/fr\/wp-json\/wp\/v2\/users\/1"}],"replies":[{"embeddable":true,"href":"https:\/\/www.waicogroup.com\/fr\/wp-json\/wp\/v2\/comments?post=266"}],"version-history":[{"count":0,"href":"https:\/\/www.waicogroup.com\/fr\/wp-json\/wp\/v2\/pages\/266\/revisions"}],"wp:attachment":[{"href":"https:\/\/www.waicogroup.com\/fr\/wp-json\/wp\/v2\/media?parent=266"}],"curies":[{"name":"wp","href":"https:\/\/api.w.org\/{rel}","templated":true}]}}