{"id":24,"date":"2023-08-21T11:26:23","date_gmt":"2023-08-21T09:26:23","guid":{"rendered":"https:\/\/www.waicogroup.com\/fr\/?page_id=24"},"modified":"2024-10-24T11:10:28","modified_gmt":"2024-10-24T09:10:28","slug":"durabilite","status":"publish","type":"page","link":"https:\/\/www.waicogroup.com\/fr\/durabilite\/","title":{"rendered":"Durabilit\u00e9"},"content":{"rendered":"\n<h1 class=\"wp-block-heading has-heading-xlarge-font-size\" style=\"margin-top:var(--wp--preset--spacing--huge);margin-bottom:var(--wp--preset--spacing--xlarge)\">Durabilit\u00e9<\/h1>\n\n\n\n<div class=\"wp-block-columns is-layout-flex wp-container-core-columns-is-layout-97ba4f2d wp-block-columns-is-layout-flex\" style=\"margin-bottom:var(--wp--preset--spacing--xhuge)\">\n<div class=\"wp-block-column is-layout-flow wp-block-column-is-layout-flow\">\n<h1 class=\"wp-block-heading has-heading-h-1-font-size\">Produire en respectant communaut\u00e9 et environnement<\/h1>\n\n\n\n<div class=\"wp-block-group has-max-width is-layout-flow wp-block-group-is-layout-flow\" style=\"--c-max-width:82%\">\n<p class=\"has-text-medium-font-size\">Chez Waico Group, la <strong>durabilit\u00e9<\/strong> est la capacit\u00e9 de l\u2019entreprise d\u2019<strong>op\u00e9rer \u00e0 long terme<\/strong>, en r\u00e9duisant l\u2019impact n\u00e9gatif sur l\u2019environnement et sur les ressources, afin de garantir une croissance durable sans p\u00e9naliser l\u2019avenir des nouvelles g\u00e9n\u00e9rations. Notre <strong>objectif<\/strong> est d\u2019<strong>\u00e9quilibrer la cr\u00e9ation de valeur<\/strong> avec la r<strong>esponsabilit\u00e9 sociale et environnementale<\/strong>.<br><br>Nous sommes tr\u00e8s vigilants en termes d\u2019efficacit\u00e9 \u00e9nerg\u00e9tique et de durabilit\u00e9 environnementale et sociale. De <strong>gros investissements<\/strong> y sont consacr\u00e9s, avec un engagement constant et grandissant \u00e0 am\u00e9liorer les proc\u00e9d\u00e9s de fabrication, utiliser des <strong>mat\u00e9riaux durables<\/strong> dans le temps et des <strong>technologies<\/strong> pour mieux g\u00e9rer l\u2019\u00e9nergie, en <strong>consommant moins<\/strong>.<\/p>\n<\/div>\n<\/div>\n\n\n\n<div class=\"wp-block-column is-layout-flow wp-block-column-is-layout-flow\" style=\"flex-basis:45%\">\n<figure class=\"wp-block-image size-full u-image-full-width\"><img loading=\"lazy\" decoding=\"async\" width=\"622\" height=\"678\" src=\"https:\/\/www.waicogroup.com\/fr\/wp-content\/uploads\/sites\/3\/2023\/09\/Sostenibilita-impresa.jpg\" alt=\"\" class=\"wp-image-515\" srcset=\"https:\/\/www.waicogroup.com\/fr\/wp-content\/uploads\/sites\/3\/2023\/09\/Sostenibilita-impresa.jpg 622w, https:\/\/www.waicogroup.com\/fr\/wp-content\/uploads\/sites\/3\/2023\/09\/Sostenibilita-impresa-275x300.jpg 275w\" sizes=\"auto, (max-width: 622px) 100vw, 622px\" \/><\/figure>\n<\/div>\n<\/div>\n\n\n\n<figure class=\"wp-block-image alignfull size-full\"><img loading=\"lazy\" decoding=\"async\" width=\"2560\" height=\"745\" src=\"https:\/\/www.waicogroup.com\/fr\/wp-content\/uploads\/sites\/3\/2023\/09\/panoramica-azienda-bianco-e-nero-1.jpg\" alt=\"\" class=\"wp-image-696\" srcset=\"https:\/\/www.waicogroup.com\/fr\/wp-content\/uploads\/sites\/3\/2023\/09\/panoramica-azienda-bianco-e-nero-1.jpg 2560w, https:\/\/www.waicogroup.com\/fr\/wp-content\/uploads\/sites\/3\/2023\/09\/panoramica-azienda-bianco-e-nero-1-300x87.jpg 300w, https:\/\/www.waicogroup.com\/fr\/wp-content\/uploads\/sites\/3\/2023\/09\/panoramica-azienda-bianco-e-nero-1-1024x298.jpg 1024w, https:\/\/www.waicogroup.com\/fr\/wp-content\/uploads\/sites\/3\/2023\/09\/panoramica-azienda-bianco-e-nero-1-768x224.jpg 768w, https:\/\/www.waicogroup.com\/fr\/wp-content\/uploads\/sites\/3\/2023\/09\/panoramica-azienda-bianco-e-nero-1-1536x447.jpg 1536w, https:\/\/www.waicogroup.com\/fr\/wp-content\/uploads\/sites\/3\/2023\/09\/panoramica-azienda-bianco-e-nero-1-2048x596.jpg 2048w\" sizes=\"auto, (max-width: 2560px) 100vw, 2560px\" \/><\/figure>\n\n\n\n<div class=\"wp-block-columns is-layout-flex wp-container-core-columns-is-layout-6b17d054 wp-block-columns-is-layout-flex\" style=\"margin-top:var(--wp--preset--spacing--xhuge)\">\n<div class=\"wp-block-column is-layout-flow wp-block-column-is-layout-flow\" style=\"flex-basis:75%\">\n<p class=\"has-heading-h-1-font-size\">\u00c9quilibrer la cr\u00e9ation de valeur avec la responsabilit\u00e9 sociale et environnementale<\/p>\n<\/div>\n\n\n\n<div class=\"wp-block-column is-vertically-aligned-bottom is-layout-flow wp-block-column-is-layout-flow\" style=\"flex-basis:25%\"><\/div>\n<\/div>\n\n\n\n<div class=\"wp-block-columns is-layout-flex wp-container-core-columns-is-layout-5016e1a0 wp-block-columns-is-layout-flex\">\n<div class=\"wp-block-column is-layout-flow wp-block-column-is-layout-flow\" style=\"flex-basis:21.4%\">\n<div class=\"wp-block-group has-white-color has-grey-100-background-color has-text-color has-background has-heading-h-3-font-size has-global-padding is-layout-constrained wp-container-core-group-is-layout-22a2f77b wp-block-group-is-layout-constrained wp-container-1 is-position-sticky\" style=\"padding-top:var(--wp--preset--spacing--medium);padding-right:var(--wp--preset--spacing--medium);padding-bottom:var(--wp--preset--spacing--huge);padding-left:var(--wp--preset--spacing--medium)\">\n<p style=\"font-size:28px\" class=\"\">Notre engagement pour la plan\u00e8te<\/p>\n<\/div>\n<\/div>\n\n\n\n<div class=\"wp-block-column is-layout-flow wp-block-column-is-layout-flow\" style=\"flex-basis:48%\">\n<figure class=\"wp-block-image aligncenter size-full u-image-full-width\"><img loading=\"lazy\" decoding=\"async\" width=\"613\" height=\"613\" src=\"https:\/\/www.waicogroup.com\/fr\/wp-content\/uploads\/sites\/3\/2023\/09\/Waico-impegno-sostenibile-1.jpg\" alt=\"\" class=\"wp-image-374\" style=\"object-fit:cover\" srcset=\"https:\/\/www.waicogroup.com\/fr\/wp-content\/uploads\/sites\/3\/2023\/09\/Waico-impegno-sostenibile-1.jpg 613w, https:\/\/www.waicogroup.com\/fr\/wp-content\/uploads\/sites\/3\/2023\/09\/Waico-impegno-sostenibile-1-300x300.jpg 300w, https:\/\/www.waicogroup.com\/fr\/wp-content\/uploads\/sites\/3\/2023\/09\/Waico-impegno-sostenibile-1-150x150.jpg 150w\" sizes=\"auto, (max-width: 613px) 100vw, 613px\" \/><\/figure>\n<\/div>\n\n\n\n<div class=\"wp-block-column is-vertically-aligned-bottom is-layout-flow wp-block-column-is-layout-flow\" style=\"flex-basis:30%\">\n<h2 class=\"wp-block-heading\" style=\"font-size:39px;font-style:normal\">R\u00e9duire les consommations en garantissant de hautes performances<\/h2>\n\n\n\n<p class=\"has-text-medium-font-size\">Le cycle de production de nos produits repr\u00e9sente un t\u00e9moignage concret de notre engagement pour la durabilit\u00e9. <strong>Des actions cibl\u00e9es<\/strong> qui se traduisent par une <strong>r\u00e9duction des \u00e9missions<\/strong>, une <strong>gestion rigoureuse des ressources<\/strong> et une approche active de la <strong>promotion<\/strong> du <strong>recyclage<\/strong> et de la r\u00e9utilisation des mat\u00e9riaux.<\/p>\n<\/div>\n<\/div>\n\n\n\n<div class=\"wp-block-columns is-layout-flex wp-container-core-columns-is-layout-494b7923 wp-block-columns-is-layout-flex\">\n<div class=\"wp-block-column is-layout-flow wp-block-column-is-layout-flow\" style=\"flex-basis:23%\"><\/div>\n\n\n\n<div class=\"wp-block-column is-layout-flow wp-block-column-is-layout-flow\" style=\"flex-basis:75%\">\n<div style=\"margin-top:var(--wp--preset--spacing--medium);margin-bottom:var(--wp--preset--spacing--medium);\" class=\"is-variation-secondary is-style-secondary wp-block-waico-card\">\n\t<div class=\"wp-block-waico-card__number has-heading-h-4-font-size\">01<\/div>\n\t<div class=\"wp-block-waico-card__title has-heading-h-4-font-size\">\u00c9CONOMIE D&#039;\u00c9NERGIE<\/div>\n\t<p class=\"wp-block-waico-card__description\">Pour chaque nouveau produit, nous insistons sur les \u00e9conomies d\u2019\u00e9nergie avec des am\u00e9liorations techniques, pour des machines et fours performants \u00e0 basse consommation. Nous avons investi dans l\u2019auto-production d\u2019\u00e9nergie avec l\u2019installation photovolta\u00efque en cours de r\u00e9alisation sur le toit du nouveau si\u00e8ge central.<\/p>\n<\/div>\n\n\n\n<div style=\"margin-top:var(--wp--preset--spacing--medium);margin-bottom:var(--wp--preset--spacing--medium);\" class=\"is-variation-secondary is-style-secondary wp-block-waico-card\">\n\t<div class=\"wp-block-waico-card__number has-heading-h-4-font-size\">02<\/div>\n\t<div class=\"wp-block-waico-card__title has-heading-h-4-font-size\">QUALIT\u00c9 ET DURABILIT\u00c9<\/div>\n\t<p class=\"wp-block-waico-card__description\">Les machines et fours que nous produisons durent longtemps gr\u00e2ce \u00e0 des mat\u00e9riaux de qualit\u00e9 et au souci de r\u00e9duire composants et transformations. Cette approche contribue \u00e0 promouvoir une vision d\u2019\u00e9conomie circulaire, en respectant pleinement l\u2019environnement.<\/p>\n<\/div>\n\n\n\n<div style=\"margin-top:var(--wp--preset--spacing--medium);margin-bottom:var(--wp--preset--spacing--medium);\" class=\"is-variation-secondary is-style-secondary wp-block-waico-card\">\n\t<div class=\"wp-block-waico-card__number has-heading-h-4-font-size\">03<\/div>\n\t<div class=\"wp-block-waico-card__title has-heading-h-4-font-size\">EMBALLAGES \u00c9COLOGIQUES<\/div>\n\t<p class=\"wp-block-waico-card__description\">Nos emballages sont d\u00e9j\u00e0 en mat\u00e9riaux hautement recyclables et \u00e9cologiques, con\u00e7us pour r\u00e9duire l\u2019impact environnemental associ\u00e9 \u00e0 la production, l\u2019utilisation et l\u2019\u00e9limination de ces derniers. Nous recherchons constamment des solutions qui r\u00e9duisent les variantes de formes et \u00e9paisseurs et la consommation de mat\u00e9riaux.<\/p>\n<\/div>\n\n\n\n<div style=\"margin-top:var(--wp--preset--spacing--medium);margin-bottom:var(--wp--preset--spacing--medium);\" class=\"is-variation-secondary is-style-secondary wp-block-waico-card\">\n\t<div class=\"wp-block-waico-card__number has-heading-h-4-font-size\">04<\/div>\n\t<div class=\"wp-block-waico-card__title has-heading-h-4-font-size\">ENVIRONNEMENT DE TRAVAIL<\/div>\n\t<p class=\"wp-block-waico-card__description\">Waico a destin\u00e9 d\u2019importantes ressources au bien-\u00eatre de ses salari\u00e9s en investissant dans l\u2019am\u00e9lioration de la qualit\u00e9 de l\u2019environnement de travail.<\/p>\n<\/div>\n<\/div>\n<\/div>\n\n\n\n<p class=\"has-heading-small-font-size\" style=\"margin-top:var(--wp--preset--spacing--xlarge);margin-bottom:var(--wp--preset--spacing--xhuge)\">Innovation industrielle pour un monde durable&nbsp;: notre engagement pour l\u2019avenir<\/p>\n","protected":false},"excerpt":{"rendered":"<p>Durabilit\u00e9 Produire en respectant communaut\u00e9 et environnement Chez Waico Group, la durabilit\u00e9 est la capacit\u00e9 de l\u2019entreprise d\u2019op\u00e9rer \u00e0 long terme, en r\u00e9duisant l\u2019impact n\u00e9gatif sur l\u2019environnement et sur les ressources, afin de garantir une croissance durable sans p\u00e9naliser l\u2019avenir des nouvelles g\u00e9n\u00e9rations. Notre objectif est d\u2019\u00e9quilibrer la cr\u00e9ation de valeur avec la responsabilit\u00e9 sociale [&hellip;]<\/p>\n","protected":false},"author":1,"featured_media":0,"parent":0,"menu_order":0,"comment_status":"closed","ping_status":"closed","template":"","meta":{"_acf_changed":false,"content-type":"","footnotes":""},"class_list":["post-24","page","type-page","status-publish","hentry"],"acf":[],"yoast_head":"<!-- This site is optimized with the Yoast SEO plugin v27.6 - https:\/\/yoast.com\/product\/yoast-seo-wordpress\/ -->\n<title>Durabilit\u00e9 - Waico Group Fran\u00e7ais<\/title>\n<meta name=\"robots\" content=\"index, follow, max-snippet:-1, max-image-preview:large, max-video-preview:-1\" \/>\n<link rel=\"canonical\" href=\"https:\/\/www.waicogroup.com\/fr\/durabilite\/\" \/>\n<meta property=\"og:locale\" content=\"fr_FR\" \/>\n<meta property=\"og:type\" content=\"article\" \/>\n<meta property=\"og:title\" content=\"Durabilit\u00e9 - Waico Group Fran\u00e7ais\" \/>\n<meta property=\"og:description\" content=\"Durabilit\u00e9 Produire en respectant communaut\u00e9 et environnement Chez Waico Group, la durabilit\u00e9 est la capacit\u00e9 de l\u2019entreprise d\u2019op\u00e9rer \u00e0 long terme, en r\u00e9duisant l\u2019impact n\u00e9gatif sur l\u2019environnement et sur les ressources, afin de garantir une croissance durable sans p\u00e9naliser l\u2019avenir des nouvelles g\u00e9n\u00e9rations. Notre objectif est d\u2019\u00e9quilibrer la cr\u00e9ation de valeur avec la responsabilit\u00e9 sociale [&hellip;]\" \/>\n<meta property=\"og:url\" content=\"https:\/\/www.waicogroup.com\/fr\/durabilite\/\" \/>\n<meta property=\"og:site_name\" content=\"Waico Group Fran\u00e7ais\" \/>\n<meta property=\"article:modified_time\" content=\"2024-10-24T09:10:28+00:00\" \/>\n<meta property=\"og:image\" content=\"https:\/\/www.waicogroup.com\/fr\/wp-content\/uploads\/sites\/3\/2023\/09\/Sostenibilita-impresa.jpg\" \/>\n<meta name=\"twitter:card\" content=\"summary_large_image\" \/>\n<meta name=\"twitter:label1\" content=\"Dur\u00e9e de lecture estim\u00e9e\" \/>\n\t<meta name=\"twitter:data1\" content=\"2 minutes\" \/>\n<script type=\"application\/ld+json\" class=\"yoast-schema-graph\">{\"@context\":\"https:\\\/\\\/schema.org\",\"@graph\":[{\"@type\":\"WebPage\",\"@id\":\"https:\\\/\\\/www.waicogroup.com\\\/fr\\\/durabilite\\\/\",\"url\":\"https:\\\/\\\/www.waicogroup.com\\\/fr\\\/durabilite\\\/\",\"name\":\"Durabilit\u00e9 - Waico Group Fran\u00e7ais\",\"isPartOf\":{\"@id\":\"https:\\\/\\\/www.waicogroup.com\\\/fr\\\/#website\"},\"primaryImageOfPage\":{\"@id\":\"https:\\\/\\\/www.waicogroup.com\\\/fr\\\/durabilite\\\/#primaryimage\"},\"image\":{\"@id\":\"https:\\\/\\\/www.waicogroup.com\\\/fr\\\/durabilite\\\/#primaryimage\"},\"thumbnailUrl\":\"https:\\\/\\\/www.waicogroup.com\\\/fr\\\/wp-content\\\/uploads\\\/sites\\\/3\\\/2023\\\/09\\\/Sostenibilita-impresa.jpg\",\"datePublished\":\"2023-08-21T09:26:23+00:00\",\"dateModified\":\"2024-10-24T09:10:28+00:00\",\"breadcrumb\":{\"@id\":\"https:\\\/\\\/www.waicogroup.com\\\/fr\\\/durabilite\\\/#breadcrumb\"},\"inLanguage\":\"fr-FR\",\"potentialAction\":[{\"@type\":\"ReadAction\",\"target\":[\"https:\\\/\\\/www.waicogroup.com\\\/fr\\\/durabilite\\\/\"]}]},{\"@type\":\"ImageObject\",\"inLanguage\":\"fr-FR\",\"@id\":\"https:\\\/\\\/www.waicogroup.com\\\/fr\\\/durabilite\\\/#primaryimage\",\"url\":\"https:\\\/\\\/www.waicogroup.com\\\/fr\\\/wp-content\\\/uploads\\\/sites\\\/3\\\/2023\\\/09\\\/Sostenibilita-impresa.jpg\",\"contentUrl\":\"https:\\\/\\\/www.waicogroup.com\\\/fr\\\/wp-content\\\/uploads\\\/sites\\\/3\\\/2023\\\/09\\\/Sostenibilita-impresa.jpg\",\"width\":622,\"height\":678},{\"@type\":\"BreadcrumbList\",\"@id\":\"https:\\\/\\\/www.waicogroup.com\\\/fr\\\/durabilite\\\/#breadcrumb\",\"itemListElement\":[{\"@type\":\"ListItem\",\"position\":1,\"name\":\"Home\",\"item\":\"https:\\\/\\\/www.waicogroup.com\\\/fr\\\/\"},{\"@type\":\"ListItem\",\"position\":2,\"name\":\"Durabilit\u00e9\"}]},{\"@type\":\"WebSite\",\"@id\":\"https:\\\/\\\/www.waicogroup.com\\\/fr\\\/#website\",\"url\":\"https:\\\/\\\/www.waicogroup.com\\\/fr\\\/\",\"name\":\"Waico Group Fran\u00e7ais\",\"description\":\"\",\"potentialAction\":[{\"@type\":\"SearchAction\",\"target\":{\"@type\":\"EntryPoint\",\"urlTemplate\":\"https:\\\/\\\/www.waicogroup.com\\\/fr\\\/?s={search_term_string}\"},\"query-input\":{\"@type\":\"PropertyValueSpecification\",\"valueRequired\":true,\"valueName\":\"search_term_string\"}}],\"inLanguage\":\"fr-FR\"}]}<\/script>\n<!-- \/ Yoast SEO plugin. -->","yoast_head_json":{"title":"Durabilit\u00e9 - Waico Group Fran\u00e7ais","robots":{"index":"index","follow":"follow","max-snippet":"max-snippet:-1","max-image-preview":"max-image-preview:large","max-video-preview":"max-video-preview:-1"},"canonical":"https:\/\/www.waicogroup.com\/fr\/durabilite\/","og_locale":"fr_FR","og_type":"article","og_title":"Durabilit\u00e9 - Waico Group Fran\u00e7ais","og_description":"Durabilit\u00e9 Produire en respectant communaut\u00e9 et environnement Chez Waico Group, la durabilit\u00e9 est la capacit\u00e9 de l\u2019entreprise d\u2019op\u00e9rer \u00e0 long terme, en r\u00e9duisant l\u2019impact n\u00e9gatif sur l\u2019environnement et sur les ressources, afin de garantir une croissance durable sans p\u00e9naliser l\u2019avenir des nouvelles g\u00e9n\u00e9rations. Notre objectif est d\u2019\u00e9quilibrer la cr\u00e9ation de valeur avec la responsabilit\u00e9 sociale [&hellip;]","og_url":"https:\/\/www.waicogroup.com\/fr\/durabilite\/","og_site_name":"Waico Group Fran\u00e7ais","article_modified_time":"2024-10-24T09:10:28+00:00","og_image":[{"url":"https:\/\/www.waicogroup.com\/fr\/wp-content\/uploads\/sites\/3\/2023\/09\/Sostenibilita-impresa.jpg","type":"","width":"","height":""}],"twitter_card":"summary_large_image","twitter_misc":{"Dur\u00e9e de lecture estim\u00e9e":"2 minutes"},"schema":{"@context":"https:\/\/schema.org","@graph":[{"@type":"WebPage","@id":"https:\/\/www.waicogroup.com\/fr\/durabilite\/","url":"https:\/\/www.waicogroup.com\/fr\/durabilite\/","name":"Durabilit\u00e9 - Waico Group Fran\u00e7ais","isPartOf":{"@id":"https:\/\/www.waicogroup.com\/fr\/#website"},"primaryImageOfPage":{"@id":"https:\/\/www.waicogroup.com\/fr\/durabilite\/#primaryimage"},"image":{"@id":"https:\/\/www.waicogroup.com\/fr\/durabilite\/#primaryimage"},"thumbnailUrl":"https:\/\/www.waicogroup.com\/fr\/wp-content\/uploads\/sites\/3\/2023\/09\/Sostenibilita-impresa.jpg","datePublished":"2023-08-21T09:26:23+00:00","dateModified":"2024-10-24T09:10:28+00:00","breadcrumb":{"@id":"https:\/\/www.waicogroup.com\/fr\/durabilite\/#breadcrumb"},"inLanguage":"fr-FR","potentialAction":[{"@type":"ReadAction","target":["https:\/\/www.waicogroup.com\/fr\/durabilite\/"]}]},{"@type":"ImageObject","inLanguage":"fr-FR","@id":"https:\/\/www.waicogroup.com\/fr\/durabilite\/#primaryimage","url":"https:\/\/www.waicogroup.com\/fr\/wp-content\/uploads\/sites\/3\/2023\/09\/Sostenibilita-impresa.jpg","contentUrl":"https:\/\/www.waicogroup.com\/fr\/wp-content\/uploads\/sites\/3\/2023\/09\/Sostenibilita-impresa.jpg","width":622,"height":678},{"@type":"BreadcrumbList","@id":"https:\/\/www.waicogroup.com\/fr\/durabilite\/#breadcrumb","itemListElement":[{"@type":"ListItem","position":1,"name":"Home","item":"https:\/\/www.waicogroup.com\/fr\/"},{"@type":"ListItem","position":2,"name":"Durabilit\u00e9"}]},{"@type":"WebSite","@id":"https:\/\/www.waicogroup.com\/fr\/#website","url":"https:\/\/www.waicogroup.com\/fr\/","name":"Waico Group Fran\u00e7ais","description":"","potentialAction":[{"@type":"SearchAction","target":{"@type":"EntryPoint","urlTemplate":"https:\/\/www.waicogroup.com\/fr\/?s={search_term_string}"},"query-input":{"@type":"PropertyValueSpecification","valueRequired":true,"valueName":"search_term_string"}}],"inLanguage":"fr-FR"}]}},"_links":{"self":[{"href":"https:\/\/www.waicogroup.com\/fr\/wp-json\/wp\/v2\/pages\/24","targetHints":{"allow":["GET"]}}],"collection":[{"href":"https:\/\/www.waicogroup.com\/fr\/wp-json\/wp\/v2\/pages"}],"about":[{"href":"https:\/\/www.waicogroup.com\/fr\/wp-json\/wp\/v2\/types\/page"}],"author":[{"embeddable":true,"href":"https:\/\/www.waicogroup.com\/fr\/wp-json\/wp\/v2\/users\/1"}],"replies":[{"embeddable":true,"href":"https:\/\/www.waicogroup.com\/fr\/wp-json\/wp\/v2\/comments?post=24"}],"version-history":[{"count":0,"href":"https:\/\/www.waicogroup.com\/fr\/wp-json\/wp\/v2\/pages\/24\/revisions"}],"wp:attachment":[{"href":"https:\/\/www.waicogroup.com\/fr\/wp-json\/wp\/v2\/media?parent=24"}],"curies":[{"name":"wp","href":"https:\/\/api.w.org\/{rel}","templated":true}]}}