{"id":23,"date":"2023-08-21T11:26:14","date_gmt":"2023-08-21T09:26:14","guid":{"rendered":"https:\/\/www.waicogroup.com\/fr\/?page_id=23"},"modified":"2025-01-27T10:36:15","modified_gmt":"2025-01-27T09:36:15","slug":"innovation","status":"publish","type":"page","link":"https:\/\/www.waicogroup.com\/fr\/innovation\/","title":{"rendered":"Innovation"},"content":{"rendered":"\n<h1 class=\"wp-block-heading has-heading-xlarge-font-size\" style=\"margin-top:var(--wp--preset--spacing--huge);margin-bottom:var(--wp--preset--spacing--xlarge)\">Innovation<\/h1>\n\n\n\n<div class=\"wp-block-columns is-layout-flex wp-container-core-columns-is-layout-5016e1a0 wp-block-columns-is-layout-flex\">\n<div class=\"wp-block-column is-layout-flow wp-block-column-is-layout-flow\">\n<figure class=\"wp-block-image size-full u-image-full-width\"><img loading=\"lazy\" decoding=\"async\" width=\"836\" height=\"418\" src=\"https:\/\/www.waicogroup.com\/fr\/wp-content\/uploads\/sites\/3\/2023\/09\/Display-Diamond.jpg\" alt=\"\" class=\"wp-image-380\" srcset=\"https:\/\/www.waicogroup.com\/fr\/wp-content\/uploads\/sites\/3\/2023\/09\/Display-Diamond.jpg 836w, https:\/\/www.waicogroup.com\/fr\/wp-content\/uploads\/sites\/3\/2023\/09\/Display-Diamond-300x150.jpg 300w, https:\/\/www.waicogroup.com\/fr\/wp-content\/uploads\/sites\/3\/2023\/09\/Display-Diamond-768x384.jpg 768w\" sizes=\"auto, (max-width: 836px) 100vw, 836px\" \/><\/figure>\n<\/div>\n\n\n\n<div class=\"wp-block-column has-white-color has-black-background-color has-text-color has-background is-layout-flow wp-block-column-is-layout-flow\" style=\"flex-basis:450px\">\n<div class=\"wp-block-group has-heading-h-3-font-size has-global-padding is-content-justification-center is-layout-constrained wp-container-core-group-is-layout-50790159 wp-block-group-is-layout-constrained\" style=\"padding-top:var(--wp--preset--spacing--medium);padding-right:var(--wp--preset--spacing--medium);padding-bottom:var(--wp--preset--spacing--medium);padding-left:var(--wp--preset--spacing--medium)\">\n<p class=\"has-heading-h-3-font-size\" style=\"margin-bottom:var(--wp--preset--spacing--medium)\">Nouvelles id\u00e9es et nouveaux proc\u00e9d\u00e9s<br><br>Innovation technologique et industrielle<\/p>\n<\/div>\n<\/div>\n<\/div>\n\n\n\n<div class=\"wp-block-group container-xlarge has-global-padding is-layout-constrained wp-block-group-is-layout-constrained\">\n<h2 class=\"wp-block-heading container-large has-heading-h-2-font-size\" style=\"margin-top:var(--wp--preset--spacing--xxlarge);margin-bottom:var(--wp--preset--spacing--xxlarge)\">L\u2019innovation repr\u00e9sente pour nous l\u2019adoption de nouveaux proc\u00e9d\u00e9s, id\u00e9es, technologies qui conduisent \u00e0 une am\u00e9lioration continue<\/h2>\n<\/div>\n\n\n\n<div class=\"wp-block-group container-xlarge has-global-padding is-layout-constrained wp-block-group-is-layout-constrained\">\n<div class=\"wp-block-columns container-large is-layout-flex wp-container-core-columns-is-layout-28f84493 wp-block-columns-is-layout-flex\">\n<div class=\"wp-block-column is-layout-flow wp-block-column-is-layout-flow\" style=\"flex-basis:30%\">\n<p class=\"has-heading-h-4-font-size\">Produits<\/p>\n<\/div>\n\n\n\n<div class=\"wp-block-column is-layout-flow wp-block-column-is-layout-flow\">\n<p class=\"has-text-medium-font-size\">Notre \u00e9quipe de recherche travaille sur la <strong>conception de machines et de fours<\/strong> toujours plus performants et fiables. Des produits qui r\u00e9pondent aux besoins et attentes du professionnel, pour l\u2019assister aux diff\u00e9rentes phases de travail en <strong>simplifiant les proc\u00e9d\u00e9s<\/strong> et avec <strong>plus de souplesse<\/strong>. Le d\u00e9fi de l\u2019innovation pour des machines et fours professionnels sera ax\u00e9 surtout sur une technologie de pointe, l\u2019\u00e9conomie d\u2019\u00e9nergie et l\u2019int\u00e9gration num\u00e9rique.<\/p>\n<\/div>\n<\/div>\n\n\n\n<hr class=\"wp-block-separator has-alpha-channel-opacity container-large\" style=\"margin-top:var(--wp--preset--spacing--medium);margin-bottom:var(--wp--preset--spacing--medium)\"\/>\n<\/div>\n\n\n\n<div class=\"wp-block-group container-xlarge has-global-padding is-layout-constrained wp-block-group-is-layout-constrained\">\n<div class=\"wp-block-columns container-large is-layout-flex wp-container-core-columns-is-layout-28f84493 wp-block-columns-is-layout-flex\">\n<div class=\"wp-block-column is-layout-flow wp-block-column-is-layout-flow\" style=\"flex-basis:30%\">\n<p class=\"has-heading-h-4-font-size\">Services<\/p>\n<\/div>\n\n\n\n<div class=\"wp-block-column is-layout-flow wp-block-column-is-layout-flow\">\n<p class=\"has-text-medium-font-size\">Nous avons toujours \u00e9t\u00e9 ax\u00e9s sur la <strong>personnalisation des services offerts<\/strong> au cours de la proc\u00e9dure d\u2019achat, pour r\u00e9pondre aux exigences particuli\u00e8res du client et de <strong>cr\u00e9er une valeur ajout\u00e9e<\/strong> qui d\u00e9passe la qualit\u00e9 technique du produit. L\u2019automatisation des proc\u00e9d\u00e9s, <strong>la simplification des proc\u00e9dures<\/strong>, la <strong>formation<\/strong> des clients ou le <strong>conseil sp\u00e9cialis\u00e9<\/strong> font partie des services que nous proposons.<\/p>\n<\/div>\n<\/div>\n\n\n\n<hr class=\"wp-block-separator has-alpha-channel-opacity container-large\" style=\"margin-top:var(--wp--preset--spacing--medium);margin-bottom:var(--wp--preset--spacing--medium)\"\/>\n<\/div>\n\n\n\n<div class=\"wp-block-group container-xlarge has-global-padding is-layout-constrained wp-block-group-is-layout-constrained\">\n<div class=\"wp-block-columns container-large is-layout-flex wp-container-core-columns-is-layout-28f84493 wp-block-columns-is-layout-flex\">\n<div class=\"wp-block-column is-layout-flow wp-block-column-is-layout-flow\" style=\"flex-basis:30%\">\n<p class=\"has-heading-h-4-font-size\">Proc\u00e9d\u00e9s<\/p>\n<\/div>\n\n\n\n<div class=\"wp-block-column is-layout-flow wp-block-column-is-layout-flow\">\n<p class=\"has-text-medium-font-size\">Au printemps 2023, le groupe a entam\u00e9 un grand processus d\u2019<strong>int\u00e9gration industrielle<\/strong>. Les activit\u00e9s d\u2019exploitation des quatre marques de la division machines Starmix, Vitella, Effedue, Flamic ont \u00e9t\u00e9 transf\u00e9r\u00e9es au <strong>nouveau site d\u2019Isola Vicentina<\/strong>. De nouveaux proc\u00e9d\u00e9s de fabrication int\u00e9gr\u00e9s y ont \u00e9t\u00e9 cr\u00e9\u00e9s, et de nombreuses proc\u00e9dures num\u00e9ris\u00e9es, afin de mieux servir nos client et de pr\u00e9parer le groupe \u00e0 une nouvelle phase de <strong>d\u00e9veloppement technologique et commercial<\/strong>.<\/p>\n<\/div>\n<\/div>\n\n\n\n<hr class=\"wp-block-separator has-alpha-channel-opacity container-large\" style=\"margin-top:var(--wp--preset--spacing--medium);margin-bottom:var(--wp--preset--spacing--medium)\"\/>\n<\/div>\n\n\n\n<div class=\"wp-block-group container-xlarge has-global-padding is-layout-constrained wp-block-group-is-layout-constrained\">\n<div class=\"wp-block-columns container-large is-layout-flex wp-container-core-columns-is-layout-28f84493 wp-block-columns-is-layout-flex\">\n<div class=\"wp-block-column is-layout-flow wp-block-column-is-layout-flow\" style=\"flex-basis:30%\">\n<p class=\"has-heading-h-4-font-size\">Culture<\/p>\n<\/div>\n\n\n\n<div class=\"wp-block-column is-layout-flow wp-block-column-is-layout-flow\">\n<p class=\"has-text-medium-font-size\">Nous cr\u00e9ons actuellement un espace qui pr\u00e9conise l\u2019<strong>innovation<\/strong> entre les salari\u00e9s et les incitations au <strong>partage d\u2019id\u00e9es<\/strong>, de la pens\u00e9e critique et l\u2019<strong>implication active<\/strong> au sein des proc\u00e9dures d\u2019entreprise, afin de favoriser l\u2019arriv\u00e9e de solutions nouvelles et valables \u00e0 court terme, et de <strong>promouvoir la formation et l\u2019apprentissage<\/strong> constant entre les salari\u00e9s en stimulant une approche naturelle de l\u2019innovation.<\/p>\n<\/div>\n<\/div>\n<\/div>\n\n\n\n<div class=\"wp-block-group alignfull has-global-padding is-layout-constrained wp-container-core-group-is-layout-3b2fa69b wp-block-group-is-layout-constrained\" style=\"margin-top:var(--wp--preset--spacing--xhuge);margin-bottom:var(--wp--preset--spacing--xhuge);padding-top:var(--wp--preset--spacing--xlarge);padding-right:0;padding-bottom:var(--wp--preset--spacing--xlarge);padding-left:0\">\n<hr class=\"wp-block-separator has-alpha-channel-opacity\"\/>\n<\/div>\n\n\n\n<div class=\"wp-block-columns is-layout-flex wp-container-core-columns-is-layout-6a3c3214 wp-block-columns-is-layout-flex\" style=\"margin-top:var(--wp--preset--spacing--xhuge)\">\n<div class=\"wp-block-column is-layout-flow wp-block-column-is-layout-flow\" style=\"flex-basis:30%\">\n<figure class=\"wp-block-image size-full u-image-full-width\"><img loading=\"lazy\" decoding=\"async\" width=\"415\" height=\"415\" src=\"https:\/\/www.waicogroup.com\/fr\/wp-content\/uploads\/sites\/3\/2023\/09\/quadro-vitella.jpg\" alt=\"\" class=\"wp-image-381\" srcset=\"https:\/\/www.waicogroup.com\/fr\/wp-content\/uploads\/sites\/3\/2023\/09\/quadro-vitella.jpg 415w, https:\/\/www.waicogroup.com\/fr\/wp-content\/uploads\/sites\/3\/2023\/09\/quadro-vitella-300x300.jpg 300w, https:\/\/www.waicogroup.com\/fr\/wp-content\/uploads\/sites\/3\/2023\/09\/quadro-vitella-150x150.jpg 150w\" sizes=\"auto, (max-width: 415px) 100vw, 415px\" \/><\/figure>\n<\/div>\n\n\n\n<div class=\"wp-block-column has-max-width is-layout-flow wp-block-column-is-layout-flow\" style=\"--c-max-width:60%\">\n<h2 class=\"wp-block-heading\" style=\"margin-bottom:var(--wp--preset--spacing--xlarge)\">\u00catre capable de s\u2019adapter rapidement aux variations du march\u00e9<\/h2>\n\n\n\n<div class=\"wp-block-columns is-layout-flex wp-container-core-columns-is-layout-28f84493 wp-block-columns-is-layout-flex\">\n<div class=\"wp-block-column is-layout-flow wp-block-column-is-layout-flow\">\n<p class=\"has-text-medium-font-size\">Pour nous, innovation, design de produit et service au client sont essentiels pour le d\u00e9veloppement du <strong>groupe Waico<\/strong>. Design au sens de souci de la fonctionnalit\u00e9, de l\u2019ergonomie, des performances et du co\u00fbt, de la facilit\u00e9 d\u2019utilisation, de l\u2019efficacit\u00e9 et de la durabilit\u00e9. Des machines toujours plus <strong>intelligentes<\/strong> et <strong>performantes<\/strong>, qui guident le professionnel \u00e0 toutes les \u00e9tapes de travail avec des intrants, programmes <strong>personnalis\u00e9s<\/strong> et applications d\u00e9di\u00e9es pour la gestion \u00e0 distance. Chaque innovation fait l\u2019objet d\u2019un <strong>processus de recherche et d\u2019\u00e9coute<\/strong> des v\u00e9ritables besoins et n\u00e9cessit\u00e9s du march\u00e9 en perp\u00e9tuelle \u00e9volution.<\/p>\n<\/div>\n\n\n\n<div class=\"wp-block-column is-layout-flow wp-block-column-is-layout-flow\">\n<p class=\"has-text-medium-font-size\">Notre <strong>\u00e9quipe R&amp;D d\u00e9veloppe<\/strong> aupr\u00e8s d\u2019ing\u00e9nieurs et technologues alimentaires de <strong>nouveaux outils et proc\u00e9d\u00e9s<\/strong> de fabrication de la plus haute qualit\u00e9, \u00e0 travers des tests et essais en laboratoire internes et chez les meilleurs organismes de certification.<\/p>\n<\/div>\n<\/div>\n<\/div>\n<\/div>\n\n\n\n<p class=\"has-heading-small-font-size\" style=\"margin-top:var(--wp--preset--spacing--xlarge);margin-bottom:var(--wp--preset--spacing--xhuge)\">UN PAS DE PLUS DANS L\u2019INNOVATION, DEUX PAS DE PLUS VERS LE FUTUR.<\/p>\n","protected":false},"excerpt":{"rendered":"<p>Innovation Nouvelles id\u00e9es et nouveaux proc\u00e9d\u00e9s Innovation technologique et industrielle L\u2019innovation repr\u00e9sente pour nous l\u2019adoption de nouveaux proc\u00e9d\u00e9s, id\u00e9es, technologies qui conduisent \u00e0 une am\u00e9lioration continue Produits Notre \u00e9quipe de recherche travaille sur la conception de machines et de fours toujours plus performants et fiables. Des produits qui r\u00e9pondent aux besoins et attentes du professionnel, [&hellip;]<\/p>\n","protected":false},"author":1,"featured_media":0,"parent":0,"menu_order":0,"comment_status":"closed","ping_status":"closed","template":"","meta":{"_acf_changed":false,"content-type":"","footnotes":""},"class_list":["post-23","page","type-page","status-publish","hentry"],"acf":[],"yoast_head":"<!-- This site is optimized with the Yoast SEO plugin v26.6 - https:\/\/yoast.com\/wordpress\/plugins\/seo\/ -->\n<title>Innovation - Waico Group Fran\u00e7ais<\/title>\n<meta name=\"robots\" content=\"index, follow, max-snippet:-1, max-image-preview:large, max-video-preview:-1\" \/>\n<link rel=\"canonical\" href=\"https:\/\/www.waicogroup.com\/fr\/innovation\/\" \/>\n<meta property=\"og:locale\" content=\"fr_FR\" \/>\n<meta property=\"og:type\" content=\"article\" \/>\n<meta property=\"og:title\" content=\"Innovation - Waico Group Fran\u00e7ais\" \/>\n<meta property=\"og:description\" content=\"Innovation Nouvelles id\u00e9es et nouveaux proc\u00e9d\u00e9s Innovation technologique et industrielle L\u2019innovation repr\u00e9sente pour nous l\u2019adoption de nouveaux proc\u00e9d\u00e9s, id\u00e9es, technologies qui conduisent \u00e0 une am\u00e9lioration continue Produits Notre \u00e9quipe de recherche travaille sur la conception de machines et de fours toujours plus performants et fiables. Des produits qui r\u00e9pondent aux besoins et attentes du professionnel, [&hellip;]\" \/>\n<meta property=\"og:url\" content=\"https:\/\/www.waicogroup.com\/fr\/innovation\/\" \/>\n<meta property=\"og:site_name\" content=\"Waico Group Fran\u00e7ais\" \/>\n<meta property=\"article:modified_time\" content=\"2025-01-27T09:36:15+00:00\" \/>\n<meta property=\"og:image\" content=\"https:\/\/www.waicogroup.com\/fr\/wp-content\/uploads\/sites\/3\/2023\/09\/Display-Diamond.jpg\" \/>\n<meta name=\"twitter:card\" content=\"summary_large_image\" \/>\n<meta name=\"twitter:label1\" content=\"Dur\u00e9e de lecture estim\u00e9e\" \/>\n\t<meta name=\"twitter:data1\" content=\"3 minutes\" \/>\n<script type=\"application\/ld+json\" class=\"yoast-schema-graph\">{\"@context\":\"https:\/\/schema.org\",\"@graph\":[{\"@type\":\"WebPage\",\"@id\":\"https:\/\/www.waicogroup.com\/fr\/innovation\/\",\"url\":\"https:\/\/www.waicogroup.com\/fr\/innovation\/\",\"name\":\"Innovation - Waico Group Fran\u00e7ais\",\"isPartOf\":{\"@id\":\"https:\/\/www.waicogroup.com\/fr\/#website\"},\"primaryImageOfPage\":{\"@id\":\"https:\/\/www.waicogroup.com\/fr\/innovation\/#primaryimage\"},\"image\":{\"@id\":\"https:\/\/www.waicogroup.com\/fr\/innovation\/#primaryimage\"},\"thumbnailUrl\":\"https:\/\/www.waicogroup.com\/fr\/wp-content\/uploads\/sites\/3\/2023\/09\/Display-Diamond.jpg\",\"datePublished\":\"2023-08-21T09:26:14+00:00\",\"dateModified\":\"2025-01-27T09:36:15+00:00\",\"breadcrumb\":{\"@id\":\"https:\/\/www.waicogroup.com\/fr\/innovation\/#breadcrumb\"},\"inLanguage\":\"fr-FR\",\"potentialAction\":[{\"@type\":\"ReadAction\",\"target\":[\"https:\/\/www.waicogroup.com\/fr\/innovation\/\"]}]},{\"@type\":\"ImageObject\",\"inLanguage\":\"fr-FR\",\"@id\":\"https:\/\/www.waicogroup.com\/fr\/innovation\/#primaryimage\",\"url\":\"https:\/\/www.waicogroup.com\/fr\/wp-content\/uploads\/sites\/3\/2023\/09\/Display-Diamond.jpg\",\"contentUrl\":\"https:\/\/www.waicogroup.com\/fr\/wp-content\/uploads\/sites\/3\/2023\/09\/Display-Diamond.jpg\",\"width\":836,\"height\":418},{\"@type\":\"BreadcrumbList\",\"@id\":\"https:\/\/www.waicogroup.com\/fr\/innovation\/#breadcrumb\",\"itemListElement\":[{\"@type\":\"ListItem\",\"position\":1,\"name\":\"Home\",\"item\":\"https:\/\/www.waicogroup.com\/fr\/\"},{\"@type\":\"ListItem\",\"position\":2,\"name\":\"Innovation\"}]},{\"@type\":\"WebSite\",\"@id\":\"https:\/\/www.waicogroup.com\/fr\/#website\",\"url\":\"https:\/\/www.waicogroup.com\/fr\/\",\"name\":\"Waico Group Fran\u00e7ais\",\"description\":\"\",\"potentialAction\":[{\"@type\":\"SearchAction\",\"target\":{\"@type\":\"EntryPoint\",\"urlTemplate\":\"https:\/\/www.waicogroup.com\/fr\/?s={search_term_string}\"},\"query-input\":{\"@type\":\"PropertyValueSpecification\",\"valueRequired\":true,\"valueName\":\"search_term_string\"}}],\"inLanguage\":\"fr-FR\"}]}<\/script>\n<!-- \/ Yoast SEO plugin. -->","yoast_head_json":{"title":"Innovation - Waico Group Fran\u00e7ais","robots":{"index":"index","follow":"follow","max-snippet":"max-snippet:-1","max-image-preview":"max-image-preview:large","max-video-preview":"max-video-preview:-1"},"canonical":"https:\/\/www.waicogroup.com\/fr\/innovation\/","og_locale":"fr_FR","og_type":"article","og_title":"Innovation - Waico Group Fran\u00e7ais","og_description":"Innovation Nouvelles id\u00e9es et nouveaux proc\u00e9d\u00e9s Innovation technologique et industrielle L\u2019innovation repr\u00e9sente pour nous l\u2019adoption de nouveaux proc\u00e9d\u00e9s, id\u00e9es, technologies qui conduisent \u00e0 une am\u00e9lioration continue Produits Notre \u00e9quipe de recherche travaille sur la conception de machines et de fours toujours plus performants et fiables. Des produits qui r\u00e9pondent aux besoins et attentes du professionnel, [&hellip;]","og_url":"https:\/\/www.waicogroup.com\/fr\/innovation\/","og_site_name":"Waico Group Fran\u00e7ais","article_modified_time":"2025-01-27T09:36:15+00:00","og_image":[{"url":"https:\/\/www.waicogroup.com\/fr\/wp-content\/uploads\/sites\/3\/2023\/09\/Display-Diamond.jpg","type":"","width":"","height":""}],"twitter_card":"summary_large_image","twitter_misc":{"Dur\u00e9e de lecture estim\u00e9e":"3 minutes"},"schema":{"@context":"https:\/\/schema.org","@graph":[{"@type":"WebPage","@id":"https:\/\/www.waicogroup.com\/fr\/innovation\/","url":"https:\/\/www.waicogroup.com\/fr\/innovation\/","name":"Innovation - Waico Group Fran\u00e7ais","isPartOf":{"@id":"https:\/\/www.waicogroup.com\/fr\/#website"},"primaryImageOfPage":{"@id":"https:\/\/www.waicogroup.com\/fr\/innovation\/#primaryimage"},"image":{"@id":"https:\/\/www.waicogroup.com\/fr\/innovation\/#primaryimage"},"thumbnailUrl":"https:\/\/www.waicogroup.com\/fr\/wp-content\/uploads\/sites\/3\/2023\/09\/Display-Diamond.jpg","datePublished":"2023-08-21T09:26:14+00:00","dateModified":"2025-01-27T09:36:15+00:00","breadcrumb":{"@id":"https:\/\/www.waicogroup.com\/fr\/innovation\/#breadcrumb"},"inLanguage":"fr-FR","potentialAction":[{"@type":"ReadAction","target":["https:\/\/www.waicogroup.com\/fr\/innovation\/"]}]},{"@type":"ImageObject","inLanguage":"fr-FR","@id":"https:\/\/www.waicogroup.com\/fr\/innovation\/#primaryimage","url":"https:\/\/www.waicogroup.com\/fr\/wp-content\/uploads\/sites\/3\/2023\/09\/Display-Diamond.jpg","contentUrl":"https:\/\/www.waicogroup.com\/fr\/wp-content\/uploads\/sites\/3\/2023\/09\/Display-Diamond.jpg","width":836,"height":418},{"@type":"BreadcrumbList","@id":"https:\/\/www.waicogroup.com\/fr\/innovation\/#breadcrumb","itemListElement":[{"@type":"ListItem","position":1,"name":"Home","item":"https:\/\/www.waicogroup.com\/fr\/"},{"@type":"ListItem","position":2,"name":"Innovation"}]},{"@type":"WebSite","@id":"https:\/\/www.waicogroup.com\/fr\/#website","url":"https:\/\/www.waicogroup.com\/fr\/","name":"Waico Group Fran\u00e7ais","description":"","potentialAction":[{"@type":"SearchAction","target":{"@type":"EntryPoint","urlTemplate":"https:\/\/www.waicogroup.com\/fr\/?s={search_term_string}"},"query-input":{"@type":"PropertyValueSpecification","valueRequired":true,"valueName":"search_term_string"}}],"inLanguage":"fr-FR"}]}},"_links":{"self":[{"href":"https:\/\/www.waicogroup.com\/fr\/wp-json\/wp\/v2\/pages\/23","targetHints":{"allow":["GET"]}}],"collection":[{"href":"https:\/\/www.waicogroup.com\/fr\/wp-json\/wp\/v2\/pages"}],"about":[{"href":"https:\/\/www.waicogroup.com\/fr\/wp-json\/wp\/v2\/types\/page"}],"author":[{"embeddable":true,"href":"https:\/\/www.waicogroup.com\/fr\/wp-json\/wp\/v2\/users\/1"}],"replies":[{"embeddable":true,"href":"https:\/\/www.waicogroup.com\/fr\/wp-json\/wp\/v2\/comments?post=23"}],"version-history":[{"count":0,"href":"https:\/\/www.waicogroup.com\/fr\/wp-json\/wp\/v2\/pages\/23\/revisions"}],"wp:attachment":[{"href":"https:\/\/www.waicogroup.com\/fr\/wp-json\/wp\/v2\/media?parent=23"}],"curies":[{"name":"wp","href":"https:\/\/api.w.org\/{rel}","templated":true}]}}