{"id":20,"date":"2023-08-21T11:25:53","date_gmt":"2023-08-21T09:25:53","guid":{"rendered":"https:\/\/www.waicogroup.com\/fr\/?page_id=20"},"modified":"2024-07-04T16:42:49","modified_gmt":"2024-07-04T14:42:49","slug":"contacts","status":"publish","type":"page","link":"https:\/\/www.waicogroup.com\/fr\/contacts\/","title":{"rendered":"Contacts"},"content":{"rendered":"\n<div class=\"wp-block-columns u-flex-row-reverse--small-up is-layout-flex wp-container-core-columns-is-layout-ee231690 wp-block-columns-is-layout-flex\" style=\"margin-top:var(--wp--preset--spacing--huge);margin-bottom:var(--wp--preset--spacing--huge);padding-top:var(--wp--preset--spacing--small);padding-bottom:var(--wp--preset--spacing--small)\">\n<div class=\"wp-block-column is-layout-flow wp-block-column-is-layout-flow\" style=\"padding-top:0px\">\n<h1 class=\"wp-block-heading has-heading-medium-font-size\">Contacts<\/h1>\n\n\n\n<p style=\"margin-top:var(--wp--preset--spacing--xlarge)\" class=\"\">WAICO GROUP<\/p>\n\n\n\n<p style=\"margin-top:var(--wp--preset--spacing--medium);margin-bottom:0\" class=\"\"><strong>Si\u00e8ge social<br><\/strong>Via Scotte, 1 &#8211; 36033<br>Isola Vicentina (VI) Italie<br>T\u00e9l. : <a data-type=\"tel\" data-id=\"tel:+3904451716598\" href=\"tel:+3904451716598\">+39 0445 1716598<\/a><br><a href=\"mailto:info@waicogroup.com\">info@waicogroup.com<\/a><\/p>\n\n\n\n<div class=\"wp-block-columns is-layout-flex wp-container-core-columns-is-layout-650ee209 wp-block-columns-is-layout-flex\" style=\"margin-top:var(--wp--preset--spacing--medium);margin-bottom:var(--wp--preset--spacing--xxlarge)\">\n<div class=\"wp-block-column is-layout-flow wp-block-column-is-layout-flow\" style=\"flex-basis:50%\">\n<p class=\"\"><strong>Division Machines<br><\/strong>Via Scotte, 1 &#8211; 36033<br>Isola Vicentina (VI) Italie<br>T\u00e9l. : <a data-type=\"tel\" data-id=\"tel:+3904451716598\" href=\"tel:+3904451716598\">+39 0445 1716598<\/a><br><a href=\"mailto:macchine@waicogroup.com\">macchine@waicogroup.com<\/a><\/p>\n<\/div>\n\n\n\n<div class=\"wp-block-column is-layout-flow wp-block-column-is-layout-flow\" style=\"flex-basis:50%\">\n<p class=\"\"><strong>Italforni<\/strong><br>Via dell\u2019Industria, 130<br>61122 Pesaro (PU) Italie<br>T\u00e9l. : <a data-type=\"tel\" data-id=\"tel:+390721481515\" href=\"tel:+390721481515\">+39 0721 481515<\/a><br><a href=\"mailto:italforni@waicogroup.com\">italforni@waicogroup.com<\/a><\/p>\n<\/div>\n<\/div>\n\n\n\n<script charset=\"utf-8\" type=\"text\/javascript\" src=\"\/\/js.hsforms.net\/forms\/embed\/v2.js\"><\/script>\n<script>\n  hbspt.forms.create({\n    region: \"na1\",\n    portalId: \"4659896\",\n    formId: \"4480e70d-ade8-4cae-840e-78fad79ea41c\"\n  });\n<\/script>\n<\/div>\n\n\n\n<div class=\"wp-block-column is-layout-flow wp-block-column-is-layout-flow\">\n<figure class=\"wp-block-image size-full u-image-full-width\"><img loading=\"lazy\" decoding=\"async\" width=\"660\" height=\"1017\" src=\"https:\/\/www.waicogroup.com\/fr\/wp-content\/uploads\/sites\/3\/2023\/09\/waico-contatti.jpg\" alt=\"\" class=\"wp-image-369\" srcset=\"https:\/\/www.waicogroup.com\/fr\/wp-content\/uploads\/sites\/3\/2023\/09\/waico-contatti.jpg 660w, https:\/\/www.waicogroup.com\/fr\/wp-content\/uploads\/sites\/3\/2023\/09\/waico-contatti-195x300.jpg 195w\" sizes=\"auto, (max-width: 660px) 100vw, 660px\" \/><\/figure>\n<\/div>\n<\/div>\n\n\n\n<div class=\"wp-block-columns is-layout-flex wp-container-core-columns-is-layout-565700e0 wp-block-columns-is-layout-flex\" style=\"margin-top:var(--wp--preset--spacing--xxhuge);margin-bottom:var(--wp--preset--spacing--xhuge)\">\n<div class=\"wp-block-column is-layout-flow wp-block-column-is-layout-flow\">\n<p class=\"has-meta-large-font-size\" style=\"margin-bottom:var(--wp--preset--spacing--xxsmall)\">FAQ<\/p>\n\n\n\n<h2 class=\"wp-block-heading has-heading-small-font-size\" style=\"margin-top:0;margin-right:0;margin-bottom:0;margin-left:0\">Questions fr\u00e9quentes<\/h2>\n<\/div>\n\n\n\n<div class=\"wp-block-column is-layout-flow wp-block-column-is-layout-flow\">\n<div class=\"js-wp-block-waico-accordion__target wp-block-waico-accordion\">\n\t<div class=\"wp-block-waico-accordion__title-wapper js-wp-block-waico-accordion__trigger\">\n\t\t<h3 class=\"wp-block-waico-accordion__title\">QUI EST WAICO GROUP\u00a0?<\/h3>\n\t\t<div class=\"wp-block-waico-accordion__icon\"><svg xmlns=\"http:\/\/www.w3.org\/2000\/svg\" width=\"24\" height=\"24\" viewbox=\"0 0 24 24\" fill=\"none\" class=\"icon-plus\"><path d=\"M20.8125 12C20.8125 12.1492 20.7532 12.2923 20.6477 12.3977C20.5423 12.5032 20.3992 12.5625 20.25 12.5625H12.5625V20.25C12.5625 20.3992 12.5032 20.5423 12.3977 20.6477C12.2923 20.7532 12.1492 20.8125 12 20.8125C11.8508 20.8125 11.7077 20.7532 11.6023 20.6477C11.4968 20.5423 11.4375 20.3992 11.4375 20.25V12.5625H3.75C3.60082 12.5625 3.45774 12.5032 3.35225 12.3977C3.24676 12.2923 3.1875 12.1492 3.1875 12C3.1875 11.8508 3.24676 11.7077 3.35225 11.6023C3.45774 11.4968 3.60082 11.4375 3.75 11.4375H11.4375V3.75C11.4375 3.60082 11.4968 3.45774 11.6023 3.35225C11.7077 3.24676 11.8508 3.1875 12 3.1875C12.1492 3.1875 12.2923 3.24676 12.3977 3.35225C12.5032 3.45774 12.5625 3.60082 12.5625 3.75V11.4375H20.25C20.3992 11.4375 20.5423 11.4968 20.6477 11.6023C20.7532 11.7077 20.8125 11.8508 20.8125 12Z\" fill=\"currentColor\" \/><\/svg><\/div>\n\t<\/div>\n\t<div class=\"wp-block-waico-accordion__content-wrapper\">\n\t\t<div class=\"wp-block-waico-accordion__content\">\n\t\t\t\n\n<p class=\"\">Le groupe Waico est 100% italien et, avec le soutien du fonds de capital-investissement Mindful Capital Partners, il se compose de 5 entreprises italiennes, Vitella, Effedue, Starmix, Flamic et Italforni, leaders dans les secteurs des \u00e9quipements pour boulangeries, pizz\u00e9rias et p\u00e2tisseries. Nous produisons ensemble des machines et des fours professionnels s\u00e9lectionn\u00e9s par les meilleurs professionnels de l\u2019art de la boulangerie\/p\u00e2tisserie au monde.<\/p>\n\n\t\t<\/div>\n\t<\/div>\n<\/div>\n\n\n\n<div class=\"js-wp-block-waico-accordion__target wp-block-waico-accordion\">\n\t<div class=\"wp-block-waico-accordion__title-wapper js-wp-block-waico-accordion__trigger\">\n\t\t<h3 class=\"wp-block-waico-accordion__title\">QUELS SONT LES AVANTAGES DE S\u2019ADRESSER \u00c0 UN GROUPE\u00a0?<\/h3>\n\t\t<div class=\"wp-block-waico-accordion__icon\"><svg xmlns=\"http:\/\/www.w3.org\/2000\/svg\" width=\"24\" height=\"24\" viewbox=\"0 0 24 24\" fill=\"none\" class=\"icon-plus\"><path d=\"M20.8125 12C20.8125 12.1492 20.7532 12.2923 20.6477 12.3977C20.5423 12.5032 20.3992 12.5625 20.25 12.5625H12.5625V20.25C12.5625 20.3992 12.5032 20.5423 12.3977 20.6477C12.2923 20.7532 12.1492 20.8125 12 20.8125C11.8508 20.8125 11.7077 20.7532 11.6023 20.6477C11.4968 20.5423 11.4375 20.3992 11.4375 20.25V12.5625H3.75C3.60082 12.5625 3.45774 12.5032 3.35225 12.3977C3.24676 12.2923 3.1875 12.1492 3.1875 12C3.1875 11.8508 3.24676 11.7077 3.35225 11.6023C3.45774 11.4968 3.60082 11.4375 3.75 11.4375H11.4375V3.75C11.4375 3.60082 11.4968 3.45774 11.6023 3.35225C11.7077 3.24676 11.8508 3.1875 12 3.1875C12.1492 3.1875 12.2923 3.24676 12.3977 3.35225C12.5032 3.45774 12.5625 3.60082 12.5625 3.75V11.4375H20.25C20.3992 11.4375 20.5423 11.4968 20.6477 11.6023C20.7532 11.7077 20.8125 11.8508 20.8125 12Z\" fill=\"currentColor\" \/><\/svg><\/div>\n\t<\/div>\n\t<div class=\"wp-block-waico-accordion__content-wrapper\">\n\t\t<div class=\"wp-block-waico-accordion__content\">\n\t\t\t\n\n<p class=\"\">Un service de support et assistance avant et apr\u00e8s-vente encore plus efficace pour les distributeurs, partenaires, clients et utilisateurs. Des proc\u00e9d\u00e9s et performances de production plus rapides. Des machines plus innovantes, sur le plan technique et technologique, car bas\u00e9es sur un travail constant de recherche et d\u00e9veloppement. Et bien d\u2019autres avantages.<\/p>\n\n\t\t<\/div>\n\t<\/div>\n<\/div>\n\n\n\n<div class=\"js-wp-block-waico-accordion__target wp-block-waico-accordion\">\n\t<div class=\"wp-block-waico-accordion__title-wapper js-wp-block-waico-accordion__trigger\">\n\t\t<h3 class=\"wp-block-waico-accordion__title\">PEUT-ON VOIR ET TESTER VOS PRODUITS\u00a0?<\/h3>\n\t\t<div class=\"wp-block-waico-accordion__icon\"><svg xmlns=\"http:\/\/www.w3.org\/2000\/svg\" width=\"24\" height=\"24\" viewbox=\"0 0 24 24\" fill=\"none\" class=\"icon-plus\"><path d=\"M20.8125 12C20.8125 12.1492 20.7532 12.2923 20.6477 12.3977C20.5423 12.5032 20.3992 12.5625 20.25 12.5625H12.5625V20.25C12.5625 20.3992 12.5032 20.5423 12.3977 20.6477C12.2923 20.7532 12.1492 20.8125 12 20.8125C11.8508 20.8125 11.7077 20.7532 11.6023 20.6477C11.4968 20.5423 11.4375 20.3992 11.4375 20.25V12.5625H3.75C3.60082 12.5625 3.45774 12.5032 3.35225 12.3977C3.24676 12.2923 3.1875 12.1492 3.1875 12C3.1875 11.8508 3.24676 11.7077 3.35225 11.6023C3.45774 11.4968 3.60082 11.4375 3.75 11.4375H11.4375V3.75C11.4375 3.60082 11.4968 3.45774 11.6023 3.35225C11.7077 3.24676 11.8508 3.1875 12 3.1875C12.1492 3.1875 12.2923 3.24676 12.3977 3.35225C12.5032 3.45774 12.5625 3.60082 12.5625 3.75V11.4375H20.25C20.3992 11.4375 20.5423 11.4968 20.6477 11.6023C20.7532 11.7077 20.8125 11.8508 20.8125 12Z\" fill=\"currentColor\" \/><\/svg><\/div>\n\t<\/div>\n\t<div class=\"wp-block-waico-accordion__content-wrapper\">\n\t\t<div class=\"wp-block-waico-accordion__content\">\n\t\t\t\n\n<p class=\"\">Sur le site d\u2019Isola Vicentina toutes les machines Starmix, Vitella, Effedue, Flamic et certains fours Italforni sont pr\u00e9sent\u00e9s dans un grand showroom am\u00e9nag\u00e9 pour les clients. Au-del\u00e0 d&rsquo;un laboratoire d\u00e9di\u00e9 o\u00f9 les machines peuvent \u00eatre test\u00e9es et des essais de p\u00e2te, coupe, laminage, etc. effectu\u00e9s, le site de Pesaro permet de voir et de tester la gamme \u00e9tendue de fours Italforni, en insistant sur la cuisson. Sur les deux sites, un rendez-vous peut \u00eatre pris avec des conseillers commerciaux sp\u00e9cialis\u00e9s et technologues alimentaires.<\/p>\n\n\t\t<\/div>\n\t<\/div>\n<\/div>\n\n\n\n<div class=\"js-wp-block-waico-accordion__target wp-block-waico-accordion\">\n\t<div class=\"wp-block-waico-accordion__title-wapper js-wp-block-waico-accordion__trigger\">\n\t\t<h3 class=\"wp-block-waico-accordion__title\">COMMENT PUIS-JE DEVENIR REVENDEUR DE VOS PRODUITS\u00a0?<\/h3>\n\t\t<div class=\"wp-block-waico-accordion__icon\"><svg xmlns=\"http:\/\/www.w3.org\/2000\/svg\" width=\"24\" height=\"24\" viewbox=\"0 0 24 24\" fill=\"none\" class=\"icon-plus\"><path d=\"M20.8125 12C20.8125 12.1492 20.7532 12.2923 20.6477 12.3977C20.5423 12.5032 20.3992 12.5625 20.25 12.5625H12.5625V20.25C12.5625 20.3992 12.5032 20.5423 12.3977 20.6477C12.2923 20.7532 12.1492 20.8125 12 20.8125C11.8508 20.8125 11.7077 20.7532 11.6023 20.6477C11.4968 20.5423 11.4375 20.3992 11.4375 20.25V12.5625H3.75C3.60082 12.5625 3.45774 12.5032 3.35225 12.3977C3.24676 12.2923 3.1875 12.1492 3.1875 12C3.1875 11.8508 3.24676 11.7077 3.35225 11.6023C3.45774 11.4968 3.60082 11.4375 3.75 11.4375H11.4375V3.75C11.4375 3.60082 11.4968 3.45774 11.6023 3.35225C11.7077 3.24676 11.8508 3.1875 12 3.1875C12.1492 3.1875 12.2923 3.24676 12.3977 3.35225C12.5032 3.45774 12.5625 3.60082 12.5625 3.75V11.4375H20.25C20.3992 11.4375 20.5423 11.4968 20.6477 11.6023C20.7532 11.7077 20.8125 11.8508 20.8125 12Z\" fill=\"currentColor\" \/><\/svg><\/div>\n\t<\/div>\n\t<div class=\"wp-block-waico-accordion__content-wrapper\">\n\t\t<div class=\"wp-block-waico-accordion__content\">\n\t\t\t\n\n<p class=\"\">Adressez une demande par e-mail \u00e0 <a href=\"mailto:info@waicogroup.com\">info@waicogroup.com<\/a>. Nous vous mettrons en contact direct avec nos responsables commerciaux r\u00e9gionaux, vous pourrez avec eux examiner les termes et conditions pour une collaboration professionnelle.<\/p>\n\n\t\t<\/div>\n\t<\/div>\n<\/div>\n<\/div>\n<\/div>\n\n\n\n<script>document.addEventListener('DOMContentLoaded',function(){\ndocument.querySelector('#form-contatti').addEventListener('submit',() => grecaptcha.reset(wpcf7_recaptcha.sitekey));\nconst gi = setInterval(function(){\nif(grecaptcha){\ngrecaptcha.reset(wpcf7_recaptcha.sitekey);\nclearInterval(gi);\n}\n},2000);\n}) ;<\/script>\n","protected":false},"excerpt":{"rendered":"<p>Contacts WAICO GROUP Si\u00e8ge socialVia Scotte, 1 &#8211; 36033Isola Vicentina (VI) ItalieT\u00e9l. : +39 0445 1716598info@waicogroup.com Division MachinesVia Scotte, 1 &#8211; 36033Isola Vicentina (VI) ItalieT\u00e9l. : +39 0445 1716598macchine@waicogroup.com ItalforniVia dell\u2019Industria, 13061122 Pesaro (PU) ItalieT\u00e9l. : +39 0721 481515italforni@waicogroup.com FAQ Questions fr\u00e9quentes<\/p>\n","protected":false},"author":1,"featured_media":0,"parent":0,"menu_order":0,"comment_status":"closed","ping_status":"closed","template":"","meta":{"_acf_changed":false,"content-type":"","footnotes":""},"class_list":["post-20","page","type-page","status-publish","hentry"],"acf":[],"yoast_head":"<!-- This site is optimized with the Yoast SEO plugin v26.6 - https:\/\/yoast.com\/wordpress\/plugins\/seo\/ -->\n<title>Contacts - Waico Group Fran\u00e7ais<\/title>\n<meta name=\"robots\" content=\"index, follow, max-snippet:-1, max-image-preview:large, max-video-preview:-1\" \/>\n<link rel=\"canonical\" href=\"https:\/\/www.waicogroup.com\/fr\/contacts\/\" \/>\n<meta property=\"og:locale\" content=\"fr_FR\" \/>\n<meta property=\"og:type\" content=\"article\" \/>\n<meta property=\"og:title\" content=\"Contacts - Waico Group Fran\u00e7ais\" \/>\n<meta property=\"og:description\" content=\"Contacts WAICO GROUP Si\u00e8ge socialVia Scotte, 1 &#8211; 36033Isola Vicentina (VI) ItalieT\u00e9l. : +39 0445 1716598info@waicogroup.com Division MachinesVia Scotte, 1 &#8211; 36033Isola Vicentina (VI) ItalieT\u00e9l. : +39 0445 1716598macchine@waicogroup.com ItalforniVia dell\u2019Industria, 13061122 Pesaro (PU) ItalieT\u00e9l. : +39 0721 481515italforni@waicogroup.com FAQ Questions fr\u00e9quentes\" \/>\n<meta property=\"og:url\" content=\"https:\/\/www.waicogroup.com\/fr\/contacts\/\" \/>\n<meta property=\"og:site_name\" content=\"Waico Group Fran\u00e7ais\" \/>\n<meta property=\"article:modified_time\" content=\"2024-07-04T14:42:49+00:00\" \/>\n<meta property=\"og:image\" content=\"https:\/\/www.waicogroup.com\/fr\/wp-content\/uploads\/sites\/3\/2023\/09\/waico-contatti.jpg\" \/>\n<meta name=\"twitter:card\" content=\"summary_large_image\" \/>\n<meta name=\"twitter:label1\" content=\"Dur\u00e9e de lecture estim\u00e9e\" \/>\n\t<meta name=\"twitter:data1\" content=\"2 minutes\" \/>\n<script type=\"application\/ld+json\" class=\"yoast-schema-graph\">{\"@context\":\"https:\/\/schema.org\",\"@graph\":[{\"@type\":\"WebPage\",\"@id\":\"https:\/\/www.waicogroup.com\/fr\/contacts\/\",\"url\":\"https:\/\/www.waicogroup.com\/fr\/contacts\/\",\"name\":\"Contacts - Waico Group Fran\u00e7ais\",\"isPartOf\":{\"@id\":\"https:\/\/www.waicogroup.com\/fr\/#website\"},\"primaryImageOfPage\":{\"@id\":\"https:\/\/www.waicogroup.com\/fr\/contacts\/#primaryimage\"},\"image\":{\"@id\":\"https:\/\/www.waicogroup.com\/fr\/contacts\/#primaryimage\"},\"thumbnailUrl\":\"https:\/\/www.waicogroup.com\/fr\/wp-content\/uploads\/sites\/3\/2023\/09\/waico-contatti.jpg\",\"datePublished\":\"2023-08-21T09:25:53+00:00\",\"dateModified\":\"2024-07-04T14:42:49+00:00\",\"breadcrumb\":{\"@id\":\"https:\/\/www.waicogroup.com\/fr\/contacts\/#breadcrumb\"},\"inLanguage\":\"fr-FR\",\"potentialAction\":[{\"@type\":\"ReadAction\",\"target\":[\"https:\/\/www.waicogroup.com\/fr\/contacts\/\"]}]},{\"@type\":\"ImageObject\",\"inLanguage\":\"fr-FR\",\"@id\":\"https:\/\/www.waicogroup.com\/fr\/contacts\/#primaryimage\",\"url\":\"https:\/\/www.waicogroup.com\/fr\/wp-content\/uploads\/sites\/3\/2023\/09\/waico-contatti.jpg\",\"contentUrl\":\"https:\/\/www.waicogroup.com\/fr\/wp-content\/uploads\/sites\/3\/2023\/09\/waico-contatti.jpg\",\"width\":660,\"height\":1017},{\"@type\":\"BreadcrumbList\",\"@id\":\"https:\/\/www.waicogroup.com\/fr\/contacts\/#breadcrumb\",\"itemListElement\":[{\"@type\":\"ListItem\",\"position\":1,\"name\":\"Home\",\"item\":\"https:\/\/www.waicogroup.com\/fr\/\"},{\"@type\":\"ListItem\",\"position\":2,\"name\":\"Contacts\"}]},{\"@type\":\"WebSite\",\"@id\":\"https:\/\/www.waicogroup.com\/fr\/#website\",\"url\":\"https:\/\/www.waicogroup.com\/fr\/\",\"name\":\"Waico Group Fran\u00e7ais\",\"description\":\"\",\"potentialAction\":[{\"@type\":\"SearchAction\",\"target\":{\"@type\":\"EntryPoint\",\"urlTemplate\":\"https:\/\/www.waicogroup.com\/fr\/?s={search_term_string}\"},\"query-input\":{\"@type\":\"PropertyValueSpecification\",\"valueRequired\":true,\"valueName\":\"search_term_string\"}}],\"inLanguage\":\"fr-FR\"}]}<\/script>\n<!-- \/ Yoast SEO plugin. -->","yoast_head_json":{"title":"Contacts - Waico Group Fran\u00e7ais","robots":{"index":"index","follow":"follow","max-snippet":"max-snippet:-1","max-image-preview":"max-image-preview:large","max-video-preview":"max-video-preview:-1"},"canonical":"https:\/\/www.waicogroup.com\/fr\/contacts\/","og_locale":"fr_FR","og_type":"article","og_title":"Contacts - Waico Group Fran\u00e7ais","og_description":"Contacts WAICO GROUP Si\u00e8ge socialVia Scotte, 1 &#8211; 36033Isola Vicentina (VI) ItalieT\u00e9l. : +39 0445 1716598info@waicogroup.com Division MachinesVia Scotte, 1 &#8211; 36033Isola Vicentina (VI) ItalieT\u00e9l. : +39 0445 1716598macchine@waicogroup.com ItalforniVia dell\u2019Industria, 13061122 Pesaro (PU) ItalieT\u00e9l. : +39 0721 481515italforni@waicogroup.com FAQ Questions fr\u00e9quentes","og_url":"https:\/\/www.waicogroup.com\/fr\/contacts\/","og_site_name":"Waico Group Fran\u00e7ais","article_modified_time":"2024-07-04T14:42:49+00:00","og_image":[{"url":"https:\/\/www.waicogroup.com\/fr\/wp-content\/uploads\/sites\/3\/2023\/09\/waico-contatti.jpg","type":"","width":"","height":""}],"twitter_card":"summary_large_image","twitter_misc":{"Dur\u00e9e de lecture estim\u00e9e":"2 minutes"},"schema":{"@context":"https:\/\/schema.org","@graph":[{"@type":"WebPage","@id":"https:\/\/www.waicogroup.com\/fr\/contacts\/","url":"https:\/\/www.waicogroup.com\/fr\/contacts\/","name":"Contacts - Waico Group Fran\u00e7ais","isPartOf":{"@id":"https:\/\/www.waicogroup.com\/fr\/#website"},"primaryImageOfPage":{"@id":"https:\/\/www.waicogroup.com\/fr\/contacts\/#primaryimage"},"image":{"@id":"https:\/\/www.waicogroup.com\/fr\/contacts\/#primaryimage"},"thumbnailUrl":"https:\/\/www.waicogroup.com\/fr\/wp-content\/uploads\/sites\/3\/2023\/09\/waico-contatti.jpg","datePublished":"2023-08-21T09:25:53+00:00","dateModified":"2024-07-04T14:42:49+00:00","breadcrumb":{"@id":"https:\/\/www.waicogroup.com\/fr\/contacts\/#breadcrumb"},"inLanguage":"fr-FR","potentialAction":[{"@type":"ReadAction","target":["https:\/\/www.waicogroup.com\/fr\/contacts\/"]}]},{"@type":"ImageObject","inLanguage":"fr-FR","@id":"https:\/\/www.waicogroup.com\/fr\/contacts\/#primaryimage","url":"https:\/\/www.waicogroup.com\/fr\/wp-content\/uploads\/sites\/3\/2023\/09\/waico-contatti.jpg","contentUrl":"https:\/\/www.waicogroup.com\/fr\/wp-content\/uploads\/sites\/3\/2023\/09\/waico-contatti.jpg","width":660,"height":1017},{"@type":"BreadcrumbList","@id":"https:\/\/www.waicogroup.com\/fr\/contacts\/#breadcrumb","itemListElement":[{"@type":"ListItem","position":1,"name":"Home","item":"https:\/\/www.waicogroup.com\/fr\/"},{"@type":"ListItem","position":2,"name":"Contacts"}]},{"@type":"WebSite","@id":"https:\/\/www.waicogroup.com\/fr\/#website","url":"https:\/\/www.waicogroup.com\/fr\/","name":"Waico Group Fran\u00e7ais","description":"","potentialAction":[{"@type":"SearchAction","target":{"@type":"EntryPoint","urlTemplate":"https:\/\/www.waicogroup.com\/fr\/?s={search_term_string}"},"query-input":{"@type":"PropertyValueSpecification","valueRequired":true,"valueName":"search_term_string"}}],"inLanguage":"fr-FR"}]}},"_links":{"self":[{"href":"https:\/\/www.waicogroup.com\/fr\/wp-json\/wp\/v2\/pages\/20","targetHints":{"allow":["GET"]}}],"collection":[{"href":"https:\/\/www.waicogroup.com\/fr\/wp-json\/wp\/v2\/pages"}],"about":[{"href":"https:\/\/www.waicogroup.com\/fr\/wp-json\/wp\/v2\/types\/page"}],"author":[{"embeddable":true,"href":"https:\/\/www.waicogroup.com\/fr\/wp-json\/wp\/v2\/users\/1"}],"replies":[{"embeddable":true,"href":"https:\/\/www.waicogroup.com\/fr\/wp-json\/wp\/v2\/comments?post=20"}],"version-history":[{"count":0,"href":"https:\/\/www.waicogroup.com\/fr\/wp-json\/wp\/v2\/pages\/20\/revisions"}],"wp:attachment":[{"href":"https:\/\/www.waicogroup.com\/fr\/wp-json\/wp\/v2\/media?parent=20"}],"curies":[{"name":"wp","href":"https:\/\/api.w.org\/{rel}","templated":true}]}}