{"id":23,"date":"2023-08-21T11:26:14","date_gmt":"2023-08-21T09:26:14","guid":{"rendered":"https:\/\/www.waicogroup.com\/es\/?page_id=23"},"modified":"2025-01-27T10:38:15","modified_gmt":"2025-01-27T09:38:15","slug":"innovacion","status":"publish","type":"page","link":"https:\/\/www.waicogroup.com\/es\/innovacion\/","title":{"rendered":"Innovaci\u00f3n"},"content":{"rendered":"\n<h1 class=\"wp-block-heading has-heading-xlarge-font-size\" style=\"margin-top:var(--wp--preset--spacing--huge);margin-bottom:var(--wp--preset--spacing--xlarge)\">Innovaci\u00f3n<\/h1>\n\n\n\n<div class=\"wp-block-columns is-layout-flex wp-container-core-columns-is-layout-5016e1a0 wp-block-columns-is-layout-flex\">\n<div class=\"wp-block-column is-layout-flow wp-block-column-is-layout-flow\">\n<figure class=\"wp-block-image size-full u-image-full-width\"><img loading=\"lazy\" decoding=\"async\" width=\"836\" height=\"418\" src=\"https:\/\/www.waicogroup.com\/es\/wp-content\/uploads\/sites\/5\/2023\/09\/Display-Diamond.jpg\" alt=\"\" class=\"wp-image-380\" srcset=\"https:\/\/www.waicogroup.com\/es\/wp-content\/uploads\/sites\/5\/2023\/09\/Display-Diamond.jpg 836w, https:\/\/www.waicogroup.com\/es\/wp-content\/uploads\/sites\/5\/2023\/09\/Display-Diamond-300x150.jpg 300w, https:\/\/www.waicogroup.com\/es\/wp-content\/uploads\/sites\/5\/2023\/09\/Display-Diamond-768x384.jpg 768w\" sizes=\"auto, (max-width: 836px) 100vw, 836px\" \/><\/figure>\n<\/div>\n\n\n\n<div class=\"wp-block-column has-white-color has-black-background-color has-text-color has-background is-layout-flow wp-block-column-is-layout-flow\" style=\"flex-basis:450px\">\n<div class=\"wp-block-group has-heading-h-3-font-size has-global-padding is-content-justification-center is-layout-constrained wp-container-core-group-is-layout-50790159 wp-block-group-is-layout-constrained\" style=\"padding-top:var(--wp--preset--spacing--medium);padding-right:var(--wp--preset--spacing--medium);padding-bottom:var(--wp--preset--spacing--medium);padding-left:var(--wp--preset--spacing--medium)\">\n<p class=\"has-heading-h-3-font-size\" style=\"margin-bottom:var(--wp--preset--spacing--medium)\">Nuevas ideas y nuevos procesos<br><br>Innovaci\u00f3n tecnol\u00f3gica e industrial<\/p>\n<\/div>\n<\/div>\n<\/div>\n\n\n\n<div class=\"wp-block-group container-xlarge has-global-padding is-layout-constrained wp-block-group-is-layout-constrained\">\n<h2 class=\"wp-block-heading container-large has-heading-h-2-font-size\" style=\"margin-top:var(--wp--preset--spacing--xxlarge);margin-bottom:var(--wp--preset--spacing--xxlarge)\">Innovaci\u00f3n para nosotros representa adoptar nuevas ideas, procesos, tecnolog\u00edas que llevan a una mejora continua<\/h2>\n<\/div>\n\n\n\n<div class=\"wp-block-group container-xlarge has-global-padding is-layout-constrained wp-block-group-is-layout-constrained\">\n<div class=\"wp-block-columns container-large is-layout-flex wp-container-core-columns-is-layout-28f84493 wp-block-columns-is-layout-flex\">\n<div class=\"wp-block-column is-layout-flow wp-block-column-is-layout-flow\" style=\"flex-basis:30%\">\n<p class=\"has-heading-h-4-font-size\">Productos<\/p>\n<\/div>\n\n\n\n<div class=\"wp-block-column is-layout-flow wp-block-column-is-layout-flow\">\n<p class=\"has-text-medium-font-size\">Nuestro equipo de investigaci\u00f3n y desarrollo se concentra en <strong>proyectar m\u00e1quinas y hornos<\/strong> cada vez con m\u00e1s rendimiento y m\u00e1s fiables. Productos capaces de satisfacer exigencias y necesidades del profesional, apoyarlo en las diferentes fases de trabajo con una <strong>simplificaci\u00f3n de los procesos<\/strong> y una <strong>mayor flexibilidad<\/strong>. El desaf\u00edo de la innovaci\u00f3n para m\u00e1quinas y hornos profesionales se juega sobre todo en la tecnolog\u00eda avanzada, ahorro energ\u00e9tico e integraci\u00f3n digital.<\/p>\n<\/div>\n<\/div>\n\n\n\n<hr class=\"wp-block-separator has-alpha-channel-opacity container-large\" style=\"margin-top:var(--wp--preset--spacing--medium);margin-bottom:var(--wp--preset--spacing--medium)\"\/>\n<\/div>\n\n\n\n<div class=\"wp-block-group container-xlarge has-global-padding is-layout-constrained wp-block-group-is-layout-constrained\">\n<div class=\"wp-block-columns container-large is-layout-flex wp-container-core-columns-is-layout-28f84493 wp-block-columns-is-layout-flex\">\n<div class=\"wp-block-column is-layout-flow wp-block-column-is-layout-flow\" style=\"flex-basis:30%\">\n<p class=\"has-heading-h-4-font-size\">Servicios<\/p>\n<\/div>\n\n\n\n<div class=\"wp-block-column is-layout-flow wp-block-column-is-layout-flow\">\n<p class=\"has-text-medium-font-size\">Nos centramos siempre en la <strong>personalizaci\u00f3n de los servicios ofrecidos<\/strong> durante todo el proceso de compra, para satisfacer las necesidades espec\u00edficas de cada cliente y <strong>crear un valor a\u00f1adido<\/strong> que vaya m\u00e1s all\u00e1 de la calidad t\u00e9cnica del producto. La automatizaci\u00f3n de los procesos, la <strong>simplificaci\u00f3n de los procedimientos<\/strong>, la <strong>formaci\u00f3n<\/strong> de los clientes o la <strong>asesor\u00eda especializada<\/strong> son solo algunos de los servicios que ofrecemos.<\/p>\n<\/div>\n<\/div>\n\n\n\n<hr class=\"wp-block-separator has-alpha-channel-opacity container-large\" style=\"margin-top:var(--wp--preset--spacing--medium);margin-bottom:var(--wp--preset--spacing--medium)\"\/>\n<\/div>\n\n\n\n<div class=\"wp-block-group container-xlarge has-global-padding is-layout-constrained wp-block-group-is-layout-constrained\">\n<div class=\"wp-block-columns container-large is-layout-flex wp-container-core-columns-is-layout-28f84493 wp-block-columns-is-layout-flex\">\n<div class=\"wp-block-column is-layout-flow wp-block-column-is-layout-flow\" style=\"flex-basis:30%\">\n<p class=\"has-heading-h-4-font-size\">Procesos<\/p>\n<\/div>\n\n\n\n<div class=\"wp-block-column is-layout-flow wp-block-column-is-layout-flow\">\n<p class=\"has-text-medium-font-size\">En la primavera de 2023 el grupo ha iniciado un importante proceso de <strong>integraci\u00f3n industrial<\/strong>. Las actividades operativas de las cuatro marcas de la divisi\u00f3n de m\u00e1quinas \u2014Starmix, Vitella, Effedue, Flamic\u2014 se han transferido a la <strong>nueva sede de Isola Vicentina<\/strong>. Aqu\u00ed se han introducido nuevos procesos productivos integrados y se han digitalizado numerosos procedimientos con el objetivo de servir mejor a nuestros clientes y preparar el grupo para una ulterior fase de <strong>desarrollo tecnol\u00f3gico y comercial<\/strong>.<\/p>\n<\/div>\n<\/div>\n\n\n\n<hr class=\"wp-block-separator has-alpha-channel-opacity container-large\" style=\"margin-top:var(--wp--preset--spacing--medium);margin-bottom:var(--wp--preset--spacing--medium)\"\/>\n<\/div>\n\n\n\n<div class=\"wp-block-group container-xlarge has-global-padding is-layout-constrained wp-block-group-is-layout-constrained\">\n<div class=\"wp-block-columns container-large is-layout-flex wp-container-core-columns-is-layout-28f84493 wp-block-columns-is-layout-flex\">\n<div class=\"wp-block-column is-layout-flow wp-block-column-is-layout-flow\" style=\"flex-basis:30%\">\n<p class=\"has-heading-h-4-font-size\">Cultura<\/p>\n<\/div>\n\n\n\n<div class=\"wp-block-column is-layout-flow wp-block-column-is-layout-flow\">\n<p class=\"has-text-medium-font-size\">Estamos creando un ambiente que promueve la <strong>innovaci\u00f3n<\/strong> entre los empleados y los alienta a <strong>compartir ideas<\/strong>, desarrollar un pensamiento cr\u00edtico e implicarse de <strong>forma activa<\/strong> en los procesos de la empresa, a fin de ayudar a que surjan nuevas y v\u00e1lidas soluciones en tiempos r\u00e1pidos. Adem\u00e1s de <strong>promover la formaci\u00f3n y el aprendizaje<\/strong> constante entre empleados estimulando un enfoque natura a la innovaci\u00f3n.<\/p>\n<\/div>\n<\/div>\n<\/div>\n\n\n\n<div class=\"wp-block-group alignfull has-global-padding is-layout-constrained wp-container-core-group-is-layout-3b2fa69b wp-block-group-is-layout-constrained\" style=\"margin-top:var(--wp--preset--spacing--xhuge);margin-bottom:var(--wp--preset--spacing--xhuge);padding-top:var(--wp--preset--spacing--xlarge);padding-right:0;padding-bottom:var(--wp--preset--spacing--xlarge);padding-left:0\">\n<hr class=\"wp-block-separator has-alpha-channel-opacity\"\/>\n<\/div>\n\n\n\n<div class=\"wp-block-columns is-layout-flex wp-container-core-columns-is-layout-6a3c3214 wp-block-columns-is-layout-flex\" style=\"margin-top:var(--wp--preset--spacing--xhuge)\">\n<div class=\"wp-block-column is-layout-flow wp-block-column-is-layout-flow\" style=\"flex-basis:30%\">\n<figure class=\"wp-block-image size-full u-image-full-width\"><img loading=\"lazy\" decoding=\"async\" width=\"415\" height=\"415\" src=\"https:\/\/www.waicogroup.com\/es\/wp-content\/uploads\/sites\/5\/2023\/09\/quadro-vitella.jpg\" alt=\"\" class=\"wp-image-381\" srcset=\"https:\/\/www.waicogroup.com\/es\/wp-content\/uploads\/sites\/5\/2023\/09\/quadro-vitella.jpg 415w, https:\/\/www.waicogroup.com\/es\/wp-content\/uploads\/sites\/5\/2023\/09\/quadro-vitella-300x300.jpg 300w, https:\/\/www.waicogroup.com\/es\/wp-content\/uploads\/sites\/5\/2023\/09\/quadro-vitella-150x150.jpg 150w\" sizes=\"auto, (max-width: 415px) 100vw, 415px\" \/><\/figure>\n<\/div>\n\n\n\n<div class=\"wp-block-column has-max-width is-layout-flow wp-block-column-is-layout-flow\" style=\"--c-max-width:60%\">\n<h2 class=\"wp-block-heading\" style=\"margin-bottom:var(--wp--preset--spacing--xlarge)\">Poder adaptarse r\u00e1pidamente a los cambios en el mercado.<\/h2>\n\n\n\n<div class=\"wp-block-columns is-layout-flex wp-container-core-columns-is-layout-28f84493 wp-block-columns-is-layout-flex\">\n<div class=\"wp-block-column is-layout-flow wp-block-column-is-layout-flow\">\n<p class=\"has-text-medium-font-size\">Para nosotros innovaci\u00f3n, dise\u00f1o de producto y servicio al cliente son instrumentos centrales para el desarrollo del <strong>grupo Waico<\/strong>. Dise\u00f1o entendido como atenci\u00f3n a la funcionalidad, a la ergonom\u00eda, a los rendimientos y al coste, a la facilidad de uso, a la eficiencia y a la sostenibilidad. M\u00e1quinas cada vez m\u00e1s <strong>inteligentes<\/strong> y con un <strong>rendimiento m\u00e1s elevado<\/strong>, capaces de apoyar al profesional durante todas las fases de trabajo mediante input, programas <strong>personalizados<\/strong> y aplicaciones espec\u00edficas para la gesti\u00f3n desde remoto. Hoy nuestra innovaci\u00f3n es fruto de un <strong>proceso de b\u00fasqueda y escucha<\/strong> de los requisitos y necesidades reales del mercado en constante evoluci\u00f3n.<\/p>\n<\/div>\n\n\n\n<div class=\"wp-block-column is-layout-flow wp-block-column-is-layout-flow\">\n<p class=\"has-text-medium-font-size\">Nuestro <strong>equipo de I&amp;D desarrolla<\/strong>, en colaboraci\u00f3n con ingenieros y especialistas en tecnolog\u00eda alimentaria, <strong>nuevos instrumentos y procesos<\/strong> productivos capaces de ofrecer los m\u00e1s elevados est\u00e1ndares de calidad, mediante las pruebas y test de laboratorio internas y en los mejores entes de certificaci\u00f3n.<\/p>\n<\/div>\n<\/div>\n<\/div>\n<\/div>\n\n\n\n<p class=\"has-heading-small-font-size\" style=\"margin-top:var(--wp--preset--spacing--xlarge);margin-bottom:var(--wp--preset--spacing--xhuge)\">UN PASO ADELANTE EN LA INNOVACI\u00d3N, DOS PASOS ADELANTE EN EL FUTURO.<\/p>\n","protected":false},"excerpt":{"rendered":"<p>Innovaci\u00f3n Nuevas ideas y nuevos procesos Innovaci\u00f3n tecnol\u00f3gica e industrial Innovaci\u00f3n para nosotros representa adoptar nuevas ideas, procesos, tecnolog\u00edas que llevan a una mejora continua Productos Nuestro equipo de investigaci\u00f3n y desarrollo se concentra en proyectar m\u00e1quinas y hornos cada vez con m\u00e1s rendimiento y m\u00e1s fiables. Productos capaces de satisfacer exigencias y necesidades del [&hellip;]<\/p>\n","protected":false},"author":1,"featured_media":0,"parent":0,"menu_order":0,"comment_status":"closed","ping_status":"closed","template":"","meta":{"_acf_changed":false,"content-type":"","footnotes":""},"class_list":["post-23","page","type-page","status-publish","hentry"],"acf":[],"yoast_head":"<!-- This site is optimized with the Yoast SEO plugin v26.6 - https:\/\/yoast.com\/wordpress\/plugins\/seo\/ -->\n<title>Innovaci\u00f3n - Waico Group ES<\/title>\n<meta name=\"robots\" content=\"index, follow, max-snippet:-1, max-image-preview:large, max-video-preview:-1\" \/>\n<link rel=\"canonical\" href=\"https:\/\/www.waicogroup.com\/es\/innovacion\/\" \/>\n<meta property=\"og:locale\" content=\"es_ES\" \/>\n<meta property=\"og:type\" content=\"article\" \/>\n<meta property=\"og:title\" content=\"Innovaci\u00f3n - Waico Group ES\" \/>\n<meta property=\"og:description\" content=\"Innovaci\u00f3n Nuevas ideas y nuevos procesos Innovaci\u00f3n tecnol\u00f3gica e industrial Innovaci\u00f3n para nosotros representa adoptar nuevas ideas, procesos, tecnolog\u00edas que llevan a una mejora continua Productos Nuestro equipo de investigaci\u00f3n y desarrollo se concentra en proyectar m\u00e1quinas y hornos cada vez con m\u00e1s rendimiento y m\u00e1s fiables. Productos capaces de satisfacer exigencias y necesidades del [&hellip;]\" \/>\n<meta property=\"og:url\" content=\"https:\/\/www.waicogroup.com\/es\/innovacion\/\" \/>\n<meta property=\"og:site_name\" content=\"Waico Group ES\" \/>\n<meta property=\"article:modified_time\" content=\"2025-01-27T09:38:15+00:00\" \/>\n<meta property=\"og:image\" content=\"https:\/\/www.waicogroup.com\/es\/wp-content\/uploads\/sites\/5\/2023\/09\/Display-Diamond.jpg\" \/>\n<meta name=\"twitter:card\" content=\"summary_large_image\" \/>\n<meta name=\"twitter:label1\" content=\"Tiempo de lectura\" \/>\n\t<meta name=\"twitter:data1\" content=\"3 minutos\" \/>\n<script type=\"application\/ld+json\" class=\"yoast-schema-graph\">{\"@context\":\"https:\/\/schema.org\",\"@graph\":[{\"@type\":\"WebPage\",\"@id\":\"https:\/\/www.waicogroup.com\/es\/innovacion\/\",\"url\":\"https:\/\/www.waicogroup.com\/es\/innovacion\/\",\"name\":\"Innovaci\u00f3n - Waico Group ES\",\"isPartOf\":{\"@id\":\"https:\/\/www.waicogroup.com\/es\/#website\"},\"primaryImageOfPage\":{\"@id\":\"https:\/\/www.waicogroup.com\/es\/innovacion\/#primaryimage\"},\"image\":{\"@id\":\"https:\/\/www.waicogroup.com\/es\/innovacion\/#primaryimage\"},\"thumbnailUrl\":\"https:\/\/www.waicogroup.com\/es\/wp-content\/uploads\/sites\/5\/2023\/09\/Display-Diamond.jpg\",\"datePublished\":\"2023-08-21T09:26:14+00:00\",\"dateModified\":\"2025-01-27T09:38:15+00:00\",\"breadcrumb\":{\"@id\":\"https:\/\/www.waicogroup.com\/es\/innovacion\/#breadcrumb\"},\"inLanguage\":\"es\",\"potentialAction\":[{\"@type\":\"ReadAction\",\"target\":[\"https:\/\/www.waicogroup.com\/es\/innovacion\/\"]}]},{\"@type\":\"ImageObject\",\"inLanguage\":\"es\",\"@id\":\"https:\/\/www.waicogroup.com\/es\/innovacion\/#primaryimage\",\"url\":\"https:\/\/www.waicogroup.com\/es\/wp-content\/uploads\/sites\/5\/2023\/09\/Display-Diamond.jpg\",\"contentUrl\":\"https:\/\/www.waicogroup.com\/es\/wp-content\/uploads\/sites\/5\/2023\/09\/Display-Diamond.jpg\",\"width\":836,\"height\":418},{\"@type\":\"BreadcrumbList\",\"@id\":\"https:\/\/www.waicogroup.com\/es\/innovacion\/#breadcrumb\",\"itemListElement\":[{\"@type\":\"ListItem\",\"position\":1,\"name\":\"Home\",\"item\":\"https:\/\/www.waicogroup.com\/es\/\"},{\"@type\":\"ListItem\",\"position\":2,\"name\":\"Innovaci\u00f3n\"}]},{\"@type\":\"WebSite\",\"@id\":\"https:\/\/www.waicogroup.com\/es\/#website\",\"url\":\"https:\/\/www.waicogroup.com\/es\/\",\"name\":\"Waico Group ES\",\"description\":\"\",\"potentialAction\":[{\"@type\":\"SearchAction\",\"target\":{\"@type\":\"EntryPoint\",\"urlTemplate\":\"https:\/\/www.waicogroup.com\/es\/?s={search_term_string}\"},\"query-input\":{\"@type\":\"PropertyValueSpecification\",\"valueRequired\":true,\"valueName\":\"search_term_string\"}}],\"inLanguage\":\"es\"}]}<\/script>\n<!-- \/ Yoast SEO plugin. -->","yoast_head_json":{"title":"Innovaci\u00f3n - Waico Group ES","robots":{"index":"index","follow":"follow","max-snippet":"max-snippet:-1","max-image-preview":"max-image-preview:large","max-video-preview":"max-video-preview:-1"},"canonical":"https:\/\/www.waicogroup.com\/es\/innovacion\/","og_locale":"es_ES","og_type":"article","og_title":"Innovaci\u00f3n - Waico Group ES","og_description":"Innovaci\u00f3n Nuevas ideas y nuevos procesos Innovaci\u00f3n tecnol\u00f3gica e industrial Innovaci\u00f3n para nosotros representa adoptar nuevas ideas, procesos, tecnolog\u00edas que llevan a una mejora continua Productos Nuestro equipo de investigaci\u00f3n y desarrollo se concentra en proyectar m\u00e1quinas y hornos cada vez con m\u00e1s rendimiento y m\u00e1s fiables. Productos capaces de satisfacer exigencias y necesidades del [&hellip;]","og_url":"https:\/\/www.waicogroup.com\/es\/innovacion\/","og_site_name":"Waico Group ES","article_modified_time":"2025-01-27T09:38:15+00:00","og_image":[{"url":"https:\/\/www.waicogroup.com\/es\/wp-content\/uploads\/sites\/5\/2023\/09\/Display-Diamond.jpg","type":"","width":"","height":""}],"twitter_card":"summary_large_image","twitter_misc":{"Tiempo de lectura":"3 minutos"},"schema":{"@context":"https:\/\/schema.org","@graph":[{"@type":"WebPage","@id":"https:\/\/www.waicogroup.com\/es\/innovacion\/","url":"https:\/\/www.waicogroup.com\/es\/innovacion\/","name":"Innovaci\u00f3n - Waico Group ES","isPartOf":{"@id":"https:\/\/www.waicogroup.com\/es\/#website"},"primaryImageOfPage":{"@id":"https:\/\/www.waicogroup.com\/es\/innovacion\/#primaryimage"},"image":{"@id":"https:\/\/www.waicogroup.com\/es\/innovacion\/#primaryimage"},"thumbnailUrl":"https:\/\/www.waicogroup.com\/es\/wp-content\/uploads\/sites\/5\/2023\/09\/Display-Diamond.jpg","datePublished":"2023-08-21T09:26:14+00:00","dateModified":"2025-01-27T09:38:15+00:00","breadcrumb":{"@id":"https:\/\/www.waicogroup.com\/es\/innovacion\/#breadcrumb"},"inLanguage":"es","potentialAction":[{"@type":"ReadAction","target":["https:\/\/www.waicogroup.com\/es\/innovacion\/"]}]},{"@type":"ImageObject","inLanguage":"es","@id":"https:\/\/www.waicogroup.com\/es\/innovacion\/#primaryimage","url":"https:\/\/www.waicogroup.com\/es\/wp-content\/uploads\/sites\/5\/2023\/09\/Display-Diamond.jpg","contentUrl":"https:\/\/www.waicogroup.com\/es\/wp-content\/uploads\/sites\/5\/2023\/09\/Display-Diamond.jpg","width":836,"height":418},{"@type":"BreadcrumbList","@id":"https:\/\/www.waicogroup.com\/es\/innovacion\/#breadcrumb","itemListElement":[{"@type":"ListItem","position":1,"name":"Home","item":"https:\/\/www.waicogroup.com\/es\/"},{"@type":"ListItem","position":2,"name":"Innovaci\u00f3n"}]},{"@type":"WebSite","@id":"https:\/\/www.waicogroup.com\/es\/#website","url":"https:\/\/www.waicogroup.com\/es\/","name":"Waico Group ES","description":"","potentialAction":[{"@type":"SearchAction","target":{"@type":"EntryPoint","urlTemplate":"https:\/\/www.waicogroup.com\/es\/?s={search_term_string}"},"query-input":{"@type":"PropertyValueSpecification","valueRequired":true,"valueName":"search_term_string"}}],"inLanguage":"es"}]}},"_links":{"self":[{"href":"https:\/\/www.waicogroup.com\/es\/wp-json\/wp\/v2\/pages\/23","targetHints":{"allow":["GET"]}}],"collection":[{"href":"https:\/\/www.waicogroup.com\/es\/wp-json\/wp\/v2\/pages"}],"about":[{"href":"https:\/\/www.waicogroup.com\/es\/wp-json\/wp\/v2\/types\/page"}],"author":[{"embeddable":true,"href":"https:\/\/www.waicogroup.com\/es\/wp-json\/wp\/v2\/users\/1"}],"replies":[{"embeddable":true,"href":"https:\/\/www.waicogroup.com\/es\/wp-json\/wp\/v2\/comments?post=23"}],"version-history":[{"count":0,"href":"https:\/\/www.waicogroup.com\/es\/wp-json\/wp\/v2\/pages\/23\/revisions"}],"wp:attachment":[{"href":"https:\/\/www.waicogroup.com\/es\/wp-json\/wp\/v2\/media?parent=23"}],"curies":[{"name":"wp","href":"https:\/\/api.w.org\/{rel}","templated":true}]}}