{"id":20,"date":"2023-08-21T11:25:53","date_gmt":"2023-08-21T09:25:53","guid":{"rendered":"https:\/\/www.waicogroup.com\/es\/?page_id=20"},"modified":"2024-07-04T09:27:41","modified_gmt":"2024-07-04T07:27:41","slug":"contacto","status":"publish","type":"page","link":"https:\/\/www.waicogroup.com\/es\/contacto\/","title":{"rendered":"Contacto"},"content":{"rendered":"\n<div class=\"wp-block-columns u-flex-row-reverse--small-up is-layout-flex wp-container-core-columns-is-layout-ee231690 wp-block-columns-is-layout-flex\" style=\"margin-top:var(--wp--preset--spacing--huge);margin-bottom:var(--wp--preset--spacing--huge);padding-top:var(--wp--preset--spacing--small);padding-bottom:var(--wp--preset--spacing--small)\">\n<div class=\"wp-block-column is-layout-flow wp-block-column-is-layout-flow\" style=\"padding-top:0px\">\n<h1 class=\"wp-block-heading has-heading-medium-font-size\">Ponte en contacto<\/h1>\n\n\n\n<p style=\"margin-top:var(--wp--preset--spacing--xlarge)\" class=\"\">WAICO GROUP<\/p>\n\n\n\n<p style=\"margin-top:var(--wp--preset--spacing--medium);margin-bottom:0\" class=\"\"><strong>Sede<br><\/strong>Via Scotte, 1 &#8211; 36033<br>Isola Vicentina (VI) Italia<br>Tel\u00e9fono: <a data-type=\"tel\" data-id=\"tel:+3904451716598\" href=\"tel:+3904451716598\">+39 0445 1716598<\/a><br><a href=\"mailto:info@waicogroup.com\">info@waicogroup.com<\/a><\/p>\n\n\n\n<div class=\"wp-block-columns is-layout-flex wp-container-core-columns-is-layout-650ee209 wp-block-columns-is-layout-flex\" style=\"margin-top:var(--wp--preset--spacing--medium);margin-bottom:var(--wp--preset--spacing--xxlarge)\">\n<div class=\"wp-block-column is-layout-flow wp-block-column-is-layout-flow\" style=\"flex-basis:50%\">\n<p class=\"\"><strong>Divisi\u00f3n M\u00e1quinas<\/strong><br>Via Scotte, 1 &#8211; 36033<br>Isola Vicentina (VI) Italia<br>Tel\u00e9fono: <a data-type=\"tel\" data-id=\"tel:+3904451716598\" href=\"tel:+3904451716598\">+39 0445 1716598<\/a><br><a href=\"mailto:macchine@waicogroup.com\">macchine@waicogroup.com<\/a><\/p>\n<\/div>\n\n\n\n<div class=\"wp-block-column is-layout-flow wp-block-column-is-layout-flow\" style=\"flex-basis:50%\">\n<p class=\"\"><strong>Italforni<\/strong><br>Via dell\u2019Industria, 130<br>61122 Pesaro (PU) Italia<br>Tel\u00e9fono: <a data-type=\"tel\" data-id=\"tel:+390721481515\" href=\"tel:+390721481515\">+39 0721 481515<\/a><br><a href=\"mailto:italforni@waicogroup.com\">italforni@waicogroup.com<\/a><\/p>\n<\/div>\n<\/div>\n\n\n\n<script charset=\"utf-8\" type=\"text\/javascript\" src=\"\/\/js.hsforms.net\/forms\/embed\/v2.js\"><\/script>\n<script>\n  hbspt.forms.create({\n    region: \"na1\",\n    portalId: \"4659896\",\n    formId: \"d17a934b-4912-47e2-8181-ed6a53de1a6b\"\n  });\n<\/script>\n<\/div>\n\n\n\n<div class=\"wp-block-column is-layout-flow wp-block-column-is-layout-flow\">\n<figure class=\"wp-block-image size-full u-image-full-width\"><img loading=\"lazy\" decoding=\"async\" width=\"660\" height=\"1017\" src=\"https:\/\/www.waicogroup.com\/es\/wp-content\/uploads\/sites\/5\/2023\/09\/waico-contatti.jpg\" alt=\"\" class=\"wp-image-369\" srcset=\"https:\/\/www.waicogroup.com\/es\/wp-content\/uploads\/sites\/5\/2023\/09\/waico-contatti.jpg 660w, https:\/\/www.waicogroup.com\/es\/wp-content\/uploads\/sites\/5\/2023\/09\/waico-contatti-195x300.jpg 195w\" sizes=\"auto, (max-width: 660px) 100vw, 660px\" \/><\/figure>\n<\/div>\n<\/div>\n\n\n\n<div class=\"wp-block-columns is-layout-flex wp-container-core-columns-is-layout-565700e0 wp-block-columns-is-layout-flex\" style=\"margin-top:var(--wp--preset--spacing--xxhuge);margin-bottom:var(--wp--preset--spacing--xhuge)\">\n<div class=\"wp-block-column is-layout-flow wp-block-column-is-layout-flow\">\n<p class=\"has-meta-large-font-size\" style=\"margin-bottom:var(--wp--preset--spacing--xxsmall)\">Pmq<\/p>\n\n\n\n<h2 class=\"wp-block-heading has-heading-small-font-size\" style=\"margin-top:0;margin-right:0;margin-bottom:0;margin-left:0\">Preguntas m\u00e1s frecuentes<\/h2>\n<\/div>\n\n\n\n<div class=\"wp-block-column is-layout-flow wp-block-column-is-layout-flow\">\n<div class=\"js-wp-block-waico-accordion__target wp-block-waico-accordion\">\n\t<div class=\"wp-block-waico-accordion__title-wapper js-wp-block-waico-accordion__trigger\">\n\t\t<h3 class=\"wp-block-waico-accordion__title\">QU\u00c9 ES WAICO GROUP<\/h3>\n\t\t<div class=\"wp-block-waico-accordion__icon\"><svg xmlns=\"http:\/\/www.w3.org\/2000\/svg\" width=\"24\" height=\"24\" viewbox=\"0 0 24 24\" fill=\"none\" class=\"icon-plus\"><path d=\"M20.8125 12C20.8125 12.1492 20.7532 12.2923 20.6477 12.3977C20.5423 12.5032 20.3992 12.5625 20.25 12.5625H12.5625V20.25C12.5625 20.3992 12.5032 20.5423 12.3977 20.6477C12.2923 20.7532 12.1492 20.8125 12 20.8125C11.8508 20.8125 11.7077 20.7532 11.6023 20.6477C11.4968 20.5423 11.4375 20.3992 11.4375 20.25V12.5625H3.75C3.60082 12.5625 3.45774 12.5032 3.35225 12.3977C3.24676 12.2923 3.1875 12.1492 3.1875 12C3.1875 11.8508 3.24676 11.7077 3.35225 11.6023C3.45774 11.4968 3.60082 11.4375 3.75 11.4375H11.4375V3.75C11.4375 3.60082 11.4968 3.45774 11.6023 3.35225C11.7077 3.24676 11.8508 3.1875 12 3.1875C12.1492 3.1875 12.2923 3.24676 12.3977 3.35225C12.5032 3.45774 12.5625 3.60082 12.5625 3.75V11.4375H20.25C20.3992 11.4375 20.5423 11.4968 20.6477 11.6023C20.7532 11.7077 20.8125 11.8508 20.8125 12Z\" fill=\"currentColor\" \/><\/svg><\/div>\n\t<\/div>\n\t<div class=\"wp-block-waico-accordion__content-wrapper\">\n\t\t<div class=\"wp-block-waico-accordion__content\">\n\t\t\t\n\n<p class=\"\">El grupo Waico es completamente italiano y nace con el apoyo del fondo de private equity Mindful Capital Partners, gracias a la uni\u00f3n de 5 empresas italiana: Vitella, Effedue, Starmix, Flamic e Italforni, l\u00edderes en los sectores de los equipos para panader\u00eda, pasteler\u00eda y pizzer\u00eda. Juntos desarrollamos m\u00e1quinas y hornos profesionales elegidos por los mejores profesionales del arte de la elaboraci\u00f3n de la harina en el mundo.<\/p>\n\n\t\t<\/div>\n\t<\/div>\n<\/div>\n\n\n\n<div class=\"js-wp-block-waico-accordion__target wp-block-waico-accordion\">\n\t<div class=\"wp-block-waico-accordion__title-wapper js-wp-block-waico-accordion__trigger\">\n\t\t<h3 class=\"wp-block-waico-accordion__title\">CU\u00c1LES SON LAS VENTAJAS DE CONFIAR EN UN GRUPO<\/h3>\n\t\t<div class=\"wp-block-waico-accordion__icon\"><svg xmlns=\"http:\/\/www.w3.org\/2000\/svg\" width=\"24\" height=\"24\" viewbox=\"0 0 24 24\" fill=\"none\" class=\"icon-plus\"><path d=\"M20.8125 12C20.8125 12.1492 20.7532 12.2923 20.6477 12.3977C20.5423 12.5032 20.3992 12.5625 20.25 12.5625H12.5625V20.25C12.5625 20.3992 12.5032 20.5423 12.3977 20.6477C12.2923 20.7532 12.1492 20.8125 12 20.8125C11.8508 20.8125 11.7077 20.7532 11.6023 20.6477C11.4968 20.5423 11.4375 20.3992 11.4375 20.25V12.5625H3.75C3.60082 12.5625 3.45774 12.5032 3.35225 12.3977C3.24676 12.2923 3.1875 12.1492 3.1875 12C3.1875 11.8508 3.24676 11.7077 3.35225 11.6023C3.45774 11.4968 3.60082 11.4375 3.75 11.4375H11.4375V3.75C11.4375 3.60082 11.4968 3.45774 11.6023 3.35225C11.7077 3.24676 11.8508 3.1875 12 3.1875C12.1492 3.1875 12.2923 3.24676 12.3977 3.35225C12.5032 3.45774 12.5625 3.60082 12.5625 3.75V11.4375H20.25C20.3992 11.4375 20.5423 11.4968 20.6477 11.6023C20.7532 11.7077 20.8125 11.8508 20.8125 12Z\" fill=\"currentColor\" \/><\/svg><\/div>\n\t<\/div>\n\t<div class=\"wp-block-waico-accordion__content-wrapper\">\n\t\t<div class=\"wp-block-waico-accordion__content\">\n\t\t\t\n\n<p class=\"\">Un servicio de soporte y asistencia pre y posventa cada vez m\u00e1s eficaz para los distribuidores, socios, clientes y usuarios. Mayor velocidad de los procesos y de los rendimientos de producci\u00f3n. M\u00e1quinas m\u00e1s innovadoras, tanto desde el punto de vista t\u00e9cnico como tecnol\u00f3gico ya que est\u00e1n apoyadas por un trabajo constante de investigaci\u00f3n y desarrollo. Y otras m\u00faltiples ventajas.<\/p>\n\n\t\t<\/div>\n\t<\/div>\n<\/div>\n\n\n\n<div class=\"js-wp-block-waico-accordion__target wp-block-waico-accordion\">\n\t<div class=\"wp-block-waico-accordion__title-wapper js-wp-block-waico-accordion__trigger\">\n\t\t<h3 class=\"wp-block-waico-accordion__title\">SE PUEDEN VER Y PROBAR LOS PRODUCTOS<\/h3>\n\t\t<div class=\"wp-block-waico-accordion__icon\"><svg xmlns=\"http:\/\/www.w3.org\/2000\/svg\" width=\"24\" height=\"24\" viewbox=\"0 0 24 24\" fill=\"none\" class=\"icon-plus\"><path d=\"M20.8125 12C20.8125 12.1492 20.7532 12.2923 20.6477 12.3977C20.5423 12.5032 20.3992 12.5625 20.25 12.5625H12.5625V20.25C12.5625 20.3992 12.5032 20.5423 12.3977 20.6477C12.2923 20.7532 12.1492 20.8125 12 20.8125C11.8508 20.8125 11.7077 20.7532 11.6023 20.6477C11.4968 20.5423 11.4375 20.3992 11.4375 20.25V12.5625H3.75C3.60082 12.5625 3.45774 12.5032 3.35225 12.3977C3.24676 12.2923 3.1875 12.1492 3.1875 12C3.1875 11.8508 3.24676 11.7077 3.35225 11.6023C3.45774 11.4968 3.60082 11.4375 3.75 11.4375H11.4375V3.75C11.4375 3.60082 11.4968 3.45774 11.6023 3.35225C11.7077 3.24676 11.8508 3.1875 12 3.1875C12.1492 3.1875 12.2923 3.24676 12.3977 3.35225C12.5032 3.45774 12.5625 3.60082 12.5625 3.75V11.4375H20.25C20.3992 11.4375 20.5423 11.4968 20.6477 11.6023C20.7532 11.7077 20.8125 11.8508 20.8125 12Z\" fill=\"currentColor\" \/><\/svg><\/div>\n\t<\/div>\n\t<div class=\"wp-block-waico-accordion__content-wrapper\">\n\t\t<div class=\"wp-block-waico-accordion__content\">\n\t\t\t\n\n<p class=\"\">En la sede de Isola Vicentina se pueden ver todas las m\u00e1quinas de las marcas Starmix, Vitella, Effedue, Flamic y algunos hornos Italforni, con un amplio showroom preparado para los clientes. Adem\u00e1s de un laboratorio espec\u00edfico donde poder probar f\u00edsicamente las m\u00e1quinas y realizar pruebas de amasado, corte, laminado, etc., en la sede de Pesaro se pueden ver y probar la amplia gama de los hornos Italforni, centrados en la cocci\u00f3n. En ambas sedes se puede concertar una cita junto con los asesores comerciales especializados y tecn\u00f3logos alimentarios.<\/p>\n\n\t\t<\/div>\n\t<\/div>\n<\/div>\n\n\n\n<div class=\"js-wp-block-waico-accordion__target wp-block-waico-accordion\">\n\t<div class=\"wp-block-waico-accordion__title-wapper js-wp-block-waico-accordion__trigger\">\n\t\t<h3 class=\"wp-block-waico-accordion__title\">C\u00d3MO PUEDO CONVERTIRME EN VENDEDOR<\/h3>\n\t\t<div class=\"wp-block-waico-accordion__icon\"><svg xmlns=\"http:\/\/www.w3.org\/2000\/svg\" width=\"24\" height=\"24\" viewbox=\"0 0 24 24\" fill=\"none\" class=\"icon-plus\"><path d=\"M20.8125 12C20.8125 12.1492 20.7532 12.2923 20.6477 12.3977C20.5423 12.5032 20.3992 12.5625 20.25 12.5625H12.5625V20.25C12.5625 20.3992 12.5032 20.5423 12.3977 20.6477C12.2923 20.7532 12.1492 20.8125 12 20.8125C11.8508 20.8125 11.7077 20.7532 11.6023 20.6477C11.4968 20.5423 11.4375 20.3992 11.4375 20.25V12.5625H3.75C3.60082 12.5625 3.45774 12.5032 3.35225 12.3977C3.24676 12.2923 3.1875 12.1492 3.1875 12C3.1875 11.8508 3.24676 11.7077 3.35225 11.6023C3.45774 11.4968 3.60082 11.4375 3.75 11.4375H11.4375V3.75C11.4375 3.60082 11.4968 3.45774 11.6023 3.35225C11.7077 3.24676 11.8508 3.1875 12 3.1875C12.1492 3.1875 12.2923 3.24676 12.3977 3.35225C12.5032 3.45774 12.5625 3.60082 12.5625 3.75V11.4375H20.25C20.3992 11.4375 20.5423 11.4968 20.6477 11.6023C20.7532 11.7077 20.8125 11.8508 20.8125 12Z\" fill=\"currentColor\" \/><\/svg><\/div>\n\t<\/div>\n\t<div class=\"wp-block-waico-accordion__content-wrapper\">\n\t\t<div class=\"wp-block-waico-accordion__content\">\n\t\t\t\n\n<p class=\"\">Env\u00eda un correo con la solicitud a <a href=\"mailto:info@waicogroup.com\">info@waicogroup.com<\/a>. Te pondremos en contacto directo con nuestros responsables comerciales de zona y junto a ellos podr\u00e1s valorar los t\u00e9rminos y las condiciones para poner en marcha una nueva colaboraci\u00f3n profesional.<\/p>\n\n\t\t<\/div>\n\t<\/div>\n<\/div>\n<\/div>\n<\/div>\n\n\n\n<script>document.addEventListener('DOMContentLoaded',function(){\ndocument.querySelector('#form-contatti').addEventListener('submit',() => grecaptcha.reset(wpcf7_recaptcha.sitekey));\nconst gi = setInterval(function(){\nif(grecaptcha){\ngrecaptcha.reset(wpcf7_recaptcha.sitekey);\nclearInterval(gi);\n}\n},2000);\n}) ;<\/script>\n","protected":false},"excerpt":{"rendered":"<p>Ponte en contacto WAICO GROUP SedeVia Scotte, 1 &#8211; 36033Isola Vicentina (VI) ItaliaTel\u00e9fono: +39 0445 1716598info@waicogroup.com Divisi\u00f3n M\u00e1quinasVia Scotte, 1 &#8211; 36033Isola Vicentina (VI) ItaliaTel\u00e9fono: +39 0445 1716598macchine@waicogroup.com ItalforniVia dell\u2019Industria, 13061122 Pesaro (PU) ItaliaTel\u00e9fono: +39 0721 481515italforni@waicogroup.com Pmq Preguntas m\u00e1s frecuentes<\/p>\n","protected":false},"author":1,"featured_media":0,"parent":0,"menu_order":0,"comment_status":"closed","ping_status":"closed","template":"","meta":{"_acf_changed":false,"content-type":"","footnotes":""},"class_list":["post-20","page","type-page","status-publish","hentry"],"acf":[],"yoast_head":"<!-- This site is optimized with the Yoast SEO plugin v26.6 - https:\/\/yoast.com\/wordpress\/plugins\/seo\/ -->\n<title>Contacto - Waico Group ES<\/title>\n<meta name=\"robots\" content=\"index, follow, max-snippet:-1, max-image-preview:large, max-video-preview:-1\" \/>\n<link rel=\"canonical\" href=\"https:\/\/www.waicogroup.com\/es\/contacto\/\" \/>\n<meta property=\"og:locale\" content=\"es_ES\" \/>\n<meta property=\"og:type\" content=\"article\" \/>\n<meta property=\"og:title\" content=\"Contacto - Waico Group ES\" \/>\n<meta property=\"og:description\" content=\"Ponte en contacto WAICO GROUP SedeVia Scotte, 1 &#8211; 36033Isola Vicentina (VI) ItaliaTel\u00e9fono: +39 0445 1716598info@waicogroup.com Divisi\u00f3n M\u00e1quinasVia Scotte, 1 &#8211; 36033Isola Vicentina (VI) ItaliaTel\u00e9fono: +39 0445 1716598macchine@waicogroup.com ItalforniVia dell\u2019Industria, 13061122 Pesaro (PU) ItaliaTel\u00e9fono: +39 0721 481515italforni@waicogroup.com Pmq Preguntas m\u00e1s frecuentes\" \/>\n<meta property=\"og:url\" content=\"https:\/\/www.waicogroup.com\/es\/contacto\/\" \/>\n<meta property=\"og:site_name\" content=\"Waico Group ES\" \/>\n<meta property=\"article:modified_time\" content=\"2024-07-04T07:27:41+00:00\" \/>\n<meta property=\"og:image\" content=\"https:\/\/www.waicogroup.com\/es\/wp-content\/uploads\/sites\/5\/2023\/09\/waico-contatti.jpg\" \/>\n<meta name=\"twitter:card\" content=\"summary_large_image\" \/>\n<meta name=\"twitter:label1\" content=\"Tiempo de lectura\" \/>\n\t<meta name=\"twitter:data1\" content=\"2 minutos\" \/>\n<script type=\"application\/ld+json\" class=\"yoast-schema-graph\">{\"@context\":\"https:\/\/schema.org\",\"@graph\":[{\"@type\":\"WebPage\",\"@id\":\"https:\/\/www.waicogroup.com\/es\/contacto\/\",\"url\":\"https:\/\/www.waicogroup.com\/es\/contacto\/\",\"name\":\"Contacto - Waico Group ES\",\"isPartOf\":{\"@id\":\"https:\/\/www.waicogroup.com\/es\/#website\"},\"primaryImageOfPage\":{\"@id\":\"https:\/\/www.waicogroup.com\/es\/contacto\/#primaryimage\"},\"image\":{\"@id\":\"https:\/\/www.waicogroup.com\/es\/contacto\/#primaryimage\"},\"thumbnailUrl\":\"https:\/\/www.waicogroup.com\/es\/wp-content\/uploads\/sites\/5\/2023\/09\/waico-contatti.jpg\",\"datePublished\":\"2023-08-21T09:25:53+00:00\",\"dateModified\":\"2024-07-04T07:27:41+00:00\",\"breadcrumb\":{\"@id\":\"https:\/\/www.waicogroup.com\/es\/contacto\/#breadcrumb\"},\"inLanguage\":\"es\",\"potentialAction\":[{\"@type\":\"ReadAction\",\"target\":[\"https:\/\/www.waicogroup.com\/es\/contacto\/\"]}]},{\"@type\":\"ImageObject\",\"inLanguage\":\"es\",\"@id\":\"https:\/\/www.waicogroup.com\/es\/contacto\/#primaryimage\",\"url\":\"https:\/\/www.waicogroup.com\/es\/wp-content\/uploads\/sites\/5\/2023\/09\/waico-contatti.jpg\",\"contentUrl\":\"https:\/\/www.waicogroup.com\/es\/wp-content\/uploads\/sites\/5\/2023\/09\/waico-contatti.jpg\",\"width\":660,\"height\":1017},{\"@type\":\"BreadcrumbList\",\"@id\":\"https:\/\/www.waicogroup.com\/es\/contacto\/#breadcrumb\",\"itemListElement\":[{\"@type\":\"ListItem\",\"position\":1,\"name\":\"Home\",\"item\":\"https:\/\/www.waicogroup.com\/es\/\"},{\"@type\":\"ListItem\",\"position\":2,\"name\":\"Contacto\"}]},{\"@type\":\"WebSite\",\"@id\":\"https:\/\/www.waicogroup.com\/es\/#website\",\"url\":\"https:\/\/www.waicogroup.com\/es\/\",\"name\":\"Waico Group ES\",\"description\":\"\",\"potentialAction\":[{\"@type\":\"SearchAction\",\"target\":{\"@type\":\"EntryPoint\",\"urlTemplate\":\"https:\/\/www.waicogroup.com\/es\/?s={search_term_string}\"},\"query-input\":{\"@type\":\"PropertyValueSpecification\",\"valueRequired\":true,\"valueName\":\"search_term_string\"}}],\"inLanguage\":\"es\"}]}<\/script>\n<!-- \/ Yoast SEO plugin. -->","yoast_head_json":{"title":"Contacto - Waico Group ES","robots":{"index":"index","follow":"follow","max-snippet":"max-snippet:-1","max-image-preview":"max-image-preview:large","max-video-preview":"max-video-preview:-1"},"canonical":"https:\/\/www.waicogroup.com\/es\/contacto\/","og_locale":"es_ES","og_type":"article","og_title":"Contacto - Waico Group ES","og_description":"Ponte en contacto WAICO GROUP SedeVia Scotte, 1 &#8211; 36033Isola Vicentina (VI) ItaliaTel\u00e9fono: +39 0445 1716598info@waicogroup.com Divisi\u00f3n M\u00e1quinasVia Scotte, 1 &#8211; 36033Isola Vicentina (VI) ItaliaTel\u00e9fono: +39 0445 1716598macchine@waicogroup.com ItalforniVia dell\u2019Industria, 13061122 Pesaro (PU) ItaliaTel\u00e9fono: +39 0721 481515italforni@waicogroup.com Pmq Preguntas m\u00e1s frecuentes","og_url":"https:\/\/www.waicogroup.com\/es\/contacto\/","og_site_name":"Waico Group ES","article_modified_time":"2024-07-04T07:27:41+00:00","og_image":[{"url":"https:\/\/www.waicogroup.com\/es\/wp-content\/uploads\/sites\/5\/2023\/09\/waico-contatti.jpg","type":"","width":"","height":""}],"twitter_card":"summary_large_image","twitter_misc":{"Tiempo de lectura":"2 minutos"},"schema":{"@context":"https:\/\/schema.org","@graph":[{"@type":"WebPage","@id":"https:\/\/www.waicogroup.com\/es\/contacto\/","url":"https:\/\/www.waicogroup.com\/es\/contacto\/","name":"Contacto - Waico Group ES","isPartOf":{"@id":"https:\/\/www.waicogroup.com\/es\/#website"},"primaryImageOfPage":{"@id":"https:\/\/www.waicogroup.com\/es\/contacto\/#primaryimage"},"image":{"@id":"https:\/\/www.waicogroup.com\/es\/contacto\/#primaryimage"},"thumbnailUrl":"https:\/\/www.waicogroup.com\/es\/wp-content\/uploads\/sites\/5\/2023\/09\/waico-contatti.jpg","datePublished":"2023-08-21T09:25:53+00:00","dateModified":"2024-07-04T07:27:41+00:00","breadcrumb":{"@id":"https:\/\/www.waicogroup.com\/es\/contacto\/#breadcrumb"},"inLanguage":"es","potentialAction":[{"@type":"ReadAction","target":["https:\/\/www.waicogroup.com\/es\/contacto\/"]}]},{"@type":"ImageObject","inLanguage":"es","@id":"https:\/\/www.waicogroup.com\/es\/contacto\/#primaryimage","url":"https:\/\/www.waicogroup.com\/es\/wp-content\/uploads\/sites\/5\/2023\/09\/waico-contatti.jpg","contentUrl":"https:\/\/www.waicogroup.com\/es\/wp-content\/uploads\/sites\/5\/2023\/09\/waico-contatti.jpg","width":660,"height":1017},{"@type":"BreadcrumbList","@id":"https:\/\/www.waicogroup.com\/es\/contacto\/#breadcrumb","itemListElement":[{"@type":"ListItem","position":1,"name":"Home","item":"https:\/\/www.waicogroup.com\/es\/"},{"@type":"ListItem","position":2,"name":"Contacto"}]},{"@type":"WebSite","@id":"https:\/\/www.waicogroup.com\/es\/#website","url":"https:\/\/www.waicogroup.com\/es\/","name":"Waico Group ES","description":"","potentialAction":[{"@type":"SearchAction","target":{"@type":"EntryPoint","urlTemplate":"https:\/\/www.waicogroup.com\/es\/?s={search_term_string}"},"query-input":{"@type":"PropertyValueSpecification","valueRequired":true,"valueName":"search_term_string"}}],"inLanguage":"es"}]}},"_links":{"self":[{"href":"https:\/\/www.waicogroup.com\/es\/wp-json\/wp\/v2\/pages\/20","targetHints":{"allow":["GET"]}}],"collection":[{"href":"https:\/\/www.waicogroup.com\/es\/wp-json\/wp\/v2\/pages"}],"about":[{"href":"https:\/\/www.waicogroup.com\/es\/wp-json\/wp\/v2\/types\/page"}],"author":[{"embeddable":true,"href":"https:\/\/www.waicogroup.com\/es\/wp-json\/wp\/v2\/users\/1"}],"replies":[{"embeddable":true,"href":"https:\/\/www.waicogroup.com\/es\/wp-json\/wp\/v2\/comments?post=20"}],"version-history":[{"count":0,"href":"https:\/\/www.waicogroup.com\/es\/wp-json\/wp\/v2\/pages\/20\/revisions"}],"wp:attachment":[{"href":"https:\/\/www.waicogroup.com\/es\/wp-json\/wp\/v2\/media?parent=20"}],"curies":[{"name":"wp","href":"https:\/\/api.w.org\/{rel}","templated":true}]}}