{"id":24,"date":"2023-08-21T11:26:23","date_gmt":"2023-08-21T09:26:23","guid":{"rendered":"https:\/\/www.waicogroup.com\/de\/?page_id=24"},"modified":"2024-10-24T11:13:08","modified_gmt":"2024-10-24T09:13:08","slug":"nachhaltigkeit","status":"publish","type":"page","link":"https:\/\/www.waicogroup.com\/de\/nachhaltigkeit\/","title":{"rendered":"Nachhaltigkeit"},"content":{"rendered":"\n<h1 class=\"wp-block-heading has-heading-large-font-size\" style=\"margin-top:var(--wp--preset--spacing--huge);margin-bottom:var(--wp--preset--spacing--xlarge)\">Nachhaltigkeit<\/h1>\n\n\n\n<div class=\"wp-block-columns is-layout-flex wp-container-core-columns-is-layout-97ba4f2d wp-block-columns-is-layout-flex\" style=\"margin-bottom:var(--wp--preset--spacing--xhuge)\">\n<div class=\"wp-block-column is-layout-flow wp-block-column-is-layout-flow\">\n<h1 class=\"wp-block-heading has-heading-h-1-font-size\">Produzieren mit Achtung f\u00fcr die Gemeinschaft und die Umwelt<\/h1>\n\n\n\n<div class=\"wp-block-group has-max-width is-layout-flow wp-block-group-is-layout-flow\" style=\"--c-max-width:82%\">\n<p class=\"has-text-medium-font-size\">F\u00fcr uns von der Waico Group bedeutet <strong>Nachhaltigkeit<\/strong> die F\u00e4higkeit des Unternehmens, <strong>langfristig zu wirtschaften<\/strong> und dabei negative Auswirkungen auf die Umwelt und ihre Ressourcen zu minimieren, um ein nachhaltiges Wachstum zu gew\u00e4hrleisten, ohne die Zukunft der n\u00e4chsten Generationen zu gef\u00e4hrden. Unser <strong>Ziel<\/strong> ist es, <strong>Wertsch\u00f6pfung mit sozialer und \u00f6kologischer Verantwortung in Einklang zu bringen<\/strong>.<br><br>Wir sind sehr sensibel bei den Themen Energieeffizienz sowie \u00f6kologische und soziale Nachhaltigkeit. In diesem Bereich t\u00e4tigen wir <strong>erhebliche Investitionen<\/strong>. Stetige und zunehmende Anstrengungen sind auf die Verbesserung von Produktionsprozessen sowie die Verwendung <strong>langlebiger Materialien<\/strong> und <strong>Technologien<\/strong> gerichtet, die das Energiemanagement verbessern und den <strong>Verbrauch senken<\/strong>.\u00a0<\/p>\n<\/div>\n<\/div>\n\n\n\n<div class=\"wp-block-column is-layout-flow wp-block-column-is-layout-flow\" style=\"flex-basis:45%\">\n<figure class=\"wp-block-image size-full u-image-full-width\"><img loading=\"lazy\" decoding=\"async\" width=\"622\" height=\"678\" src=\"https:\/\/www.waicogroup.com\/de\/wp-content\/uploads\/sites\/4\/2023\/09\/Sostenibilita-impresa.jpg\" alt=\"\" class=\"wp-image-515\" srcset=\"https:\/\/www.waicogroup.com\/de\/wp-content\/uploads\/sites\/4\/2023\/09\/Sostenibilita-impresa.jpg 622w, https:\/\/www.waicogroup.com\/de\/wp-content\/uploads\/sites\/4\/2023\/09\/Sostenibilita-impresa-275x300.jpg 275w\" sizes=\"auto, (max-width: 622px) 100vw, 622px\" \/><\/figure>\n<\/div>\n<\/div>\n\n\n\n<figure class=\"wp-block-image alignfull size-full\"><img loading=\"lazy\" decoding=\"async\" width=\"2560\" height=\"745\" src=\"https:\/\/www.waicogroup.com\/de\/wp-content\/uploads\/sites\/4\/2023\/09\/panoramica-azienda-bianco-e-nero-1.jpg\" alt=\"\" class=\"wp-image-696\" srcset=\"https:\/\/www.waicogroup.com\/de\/wp-content\/uploads\/sites\/4\/2023\/09\/panoramica-azienda-bianco-e-nero-1.jpg 2560w, https:\/\/www.waicogroup.com\/de\/wp-content\/uploads\/sites\/4\/2023\/09\/panoramica-azienda-bianco-e-nero-1-300x87.jpg 300w, https:\/\/www.waicogroup.com\/de\/wp-content\/uploads\/sites\/4\/2023\/09\/panoramica-azienda-bianco-e-nero-1-1024x298.jpg 1024w, https:\/\/www.waicogroup.com\/de\/wp-content\/uploads\/sites\/4\/2023\/09\/panoramica-azienda-bianco-e-nero-1-768x224.jpg 768w, https:\/\/www.waicogroup.com\/de\/wp-content\/uploads\/sites\/4\/2023\/09\/panoramica-azienda-bianco-e-nero-1-1536x447.jpg 1536w, https:\/\/www.waicogroup.com\/de\/wp-content\/uploads\/sites\/4\/2023\/09\/panoramica-azienda-bianco-e-nero-1-2048x596.jpg 2048w\" sizes=\"auto, (max-width: 2560px) 100vw, 2560px\" \/><\/figure>\n\n\n\n<div class=\"wp-block-columns is-layout-flex wp-container-core-columns-is-layout-6b17d054 wp-block-columns-is-layout-flex\" style=\"margin-top:var(--wp--preset--spacing--xhuge)\">\n<div class=\"wp-block-column is-layout-flow wp-block-column-is-layout-flow\" style=\"flex-basis:75%\">\n<p class=\"has-heading-h-1-font-size\">Wertsch\u00f6pfung sowie soziale und \u00f6kologische Verantwortung in Einklang bringen.<\/p>\n<\/div>\n\n\n\n<div class=\"wp-block-column is-vertically-aligned-bottom is-layout-flow wp-block-column-is-layout-flow\" style=\"flex-basis:25%\"><\/div>\n<\/div>\n\n\n\n<div class=\"wp-block-columns is-layout-flex wp-container-core-columns-is-layout-5016e1a0 wp-block-columns-is-layout-flex\">\n<div class=\"wp-block-column is-layout-flow wp-block-column-is-layout-flow\" style=\"flex-basis:21.4%\">\n<div class=\"wp-block-group has-white-color has-grey-100-background-color has-text-color has-background has-heading-h-3-font-size has-global-padding is-layout-constrained wp-container-core-group-is-layout-5fbedae1 wp-block-group-is-layout-constrained wp-container-1 is-position-sticky\" style=\"padding-top:var(--wp--preset--spacing--large);padding-right:var(--wp--preset--spacing--large);padding-bottom:var(--wp--preset--spacing--large);padding-left:var(--wp--preset--spacing--large)\">\n<p class=\"\">Unser Einsatz f\u00fcr den Planeten<\/p>\n<\/div>\n<\/div>\n\n\n\n<div class=\"wp-block-column is-layout-flow wp-block-column-is-layout-flow\" style=\"flex-basis:48%\">\n<figure class=\"wp-block-image aligncenter size-full u-image-full-width\"><img loading=\"lazy\" decoding=\"async\" width=\"613\" height=\"613\" src=\"https:\/\/www.waicogroup.com\/de\/wp-content\/uploads\/sites\/4\/2023\/09\/Waico-impegno-sostenibile-1.jpg\" alt=\"\" class=\"wp-image-374\" style=\"object-fit:cover\" srcset=\"https:\/\/www.waicogroup.com\/de\/wp-content\/uploads\/sites\/4\/2023\/09\/Waico-impegno-sostenibile-1.jpg 613w, https:\/\/www.waicogroup.com\/de\/wp-content\/uploads\/sites\/4\/2023\/09\/Waico-impegno-sostenibile-1-300x300.jpg 300w, https:\/\/www.waicogroup.com\/de\/wp-content\/uploads\/sites\/4\/2023\/09\/Waico-impegno-sostenibile-1-150x150.jpg 150w\" sizes=\"auto, (max-width: 613px) 100vw, 613px\" \/><\/figure>\n<\/div>\n\n\n\n<div class=\"wp-block-column is-vertically-aligned-bottom is-layout-flow wp-block-column-is-layout-flow\" style=\"flex-basis:30%\">\n<h2 class=\"wp-block-heading has-heading-h-2-font-size\" style=\"font-style:normal\">Senkung des Verbrauchs bei gleichzeitig hoher Leistung.<\/h2>\n\n\n\n<p class=\"has-text-medium-font-size\">Der gesamte Produktionszyklus unserer Produkte zeigt unseren Einsatz f\u00fcr Nachhaltigkeit. Eine <strong>Reihe von gezielten Ma\u00dfnahmen<\/strong>, die zu einer <strong>Verringerung der Emissionen<\/strong>, einem <strong>umsichtigen Ressourcenmanagement<\/strong> und einem aktiven Ansatz zur <strong>F\u00f6rderung des Recyclings<\/strong> und der Wiederverwendung von Materialien f\u00fchren.<\/p>\n<\/div>\n<\/div>\n\n\n\n<div class=\"wp-block-columns is-layout-flex wp-container-core-columns-is-layout-494b7923 wp-block-columns-is-layout-flex\">\n<div class=\"wp-block-column is-layout-flow wp-block-column-is-layout-flow\" style=\"flex-basis:23%\"><\/div>\n\n\n\n<div class=\"wp-block-column is-layout-flow wp-block-column-is-layout-flow\" style=\"flex-basis:75%\">\n<div style=\"margin-top:var(--wp--preset--spacing--medium);margin-bottom:var(--wp--preset--spacing--medium);\" class=\"is-variation-secondary is-style-secondary wp-block-waico-card\">\n\t<div class=\"wp-block-waico-card__number has-heading-h-4-font-size\">01<\/div>\n\t<div class=\"wp-block-waico-card__title has-heading-h-4-font-size\">ENERGIEEINSPARUNG<\/div>\n\t<p class=\"wp-block-waico-card__description\">Bei jedem neuen Produkt fokussieren wir uns auf die Verringerung der Energieverschwendung durch technische Verbesserungen, indem wir Maschinen und \u00d6fen mit hoher Leistung und niedrigem Verbrauch anbieten. Wir haben in die Selbsterzeugung von Energie durch die im Bau befindliche Fotovoltaikanlage auf dem Dach des neuen Hauptsitzes investiert.<\/p>\n<\/div>\n\n\n\n<div style=\"margin-top:var(--wp--preset--spacing--medium);margin-bottom:var(--wp--preset--spacing--medium);\" class=\"is-variation-secondary is-style-secondary wp-block-waico-card\">\n\t<div class=\"wp-block-waico-card__number has-heading-h-4-font-size\">02<\/div>\n\t<div class=\"wp-block-waico-card__title has-heading-h-4-font-size\">QUALIT\u00c4T UND LANGLEBIGKEIT<\/div>\n\t<p class=\"wp-block-waico-card__description\">Die von uns hergestellten Maschinen und \u00d6fen haben eine lange Lebensdauer, weil sie aus hochwertigen Materialien gebaut sind und wir die Zahl der Komponenten und Verarbeitungsschritte senken. Dieser Ansatz tr\u00e4gt dazu bei, die Vision einer Kreislaufwirtschaft mit vollem Respekt f\u00fcr die Umwelt zu f\u00f6rdern.<\/p>\n<\/div>\n\n\n\n<div style=\"margin-top:var(--wp--preset--spacing--medium);margin-bottom:var(--wp--preset--spacing--medium);\" class=\"is-variation-secondary is-style-secondary wp-block-waico-card\">\n\t<div class=\"wp-block-waico-card__number has-heading-h-4-font-size\">03<\/div>\n\t<div class=\"wp-block-waico-card__title has-heading-h-4-font-size\">UMWELTFREUNDLICHE VERPACKUNGEN<\/div>\n\t<p class=\"wp-block-waico-card__description\">F\u00fcr unsere Verpackungen verwenden wir bereits heute in hohem Ma\u00dfe recycelbare und umweltfreundliche Materialien, die so konzipiert sind, dass die mit ihrer Herstellung, Verwendung und Entsorgung verbundenen Umweltauswirkungen gemindert werden. St\u00e4ndig sind wir auf der Suche nach Vereinfachungen, die die Anzahl der Formen und Dicken sowie den Materialverbrauch senken.<\/p>\n<\/div>\n\n\n\n<div style=\"margin-top:var(--wp--preset--spacing--medium);margin-bottom:var(--wp--preset--spacing--medium);\" class=\"is-variation-secondary is-style-secondary wp-block-waico-card\">\n\t<div class=\"wp-block-waico-card__number has-heading-h-4-font-size\">04<\/div>\n\t<div class=\"wp-block-waico-card__title has-heading-h-4-font-size\">ARBEITSUMGEBUNG<\/div>\n\t<p class=\"wp-block-waico-card__description\">Waico hat erhebliche Ressourcen f\u00fcr das Wohlbefinden seiner Mitarbeiter eingesetzt, indem es in die Verbesserung der Qualit\u00e4t des Arbeitsumfelds investiert hat.<\/p>\n<\/div>\n<\/div>\n<\/div>\n\n\n\n<p class=\"has-heading-small-font-size\" style=\"margin-top:var(--wp--preset--spacing--xlarge);margin-bottom:var(--wp--preset--spacing--xhuge)\">Industrielle Innovation f\u00fcr eine nachhaltige Welt: unser Engagement f\u00fcr die Zukunft<\/p>\n","protected":false},"excerpt":{"rendered":"<p>Nachhaltigkeit Produzieren mit Achtung f\u00fcr die Gemeinschaft und die Umwelt F\u00fcr uns von der Waico Group bedeutet Nachhaltigkeit die F\u00e4higkeit des Unternehmens, langfristig zu wirtschaften und dabei negative Auswirkungen auf die Umwelt und ihre Ressourcen zu minimieren, um ein nachhaltiges Wachstum zu gew\u00e4hrleisten, ohne die Zukunft der n\u00e4chsten Generationen zu gef\u00e4hrden. Unser Ziel ist es, [&hellip;]<\/p>\n","protected":false},"author":1,"featured_media":0,"parent":0,"menu_order":0,"comment_status":"closed","ping_status":"closed","template":"","meta":{"_acf_changed":false,"content-type":"","footnotes":""},"class_list":["post-24","page","type-page","status-publish","hentry"],"acf":[],"yoast_head":"<!-- This site is optimized with the Yoast SEO plugin v26.6 - https:\/\/yoast.com\/wordpress\/plugins\/seo\/ -->\n<title>Nachhaltigkeit - Waico Group DE<\/title>\n<meta name=\"robots\" content=\"index, follow, max-snippet:-1, max-image-preview:large, max-video-preview:-1\" \/>\n<link rel=\"canonical\" href=\"https:\/\/www.waicogroup.com\/de\/nachhaltigkeit\/\" \/>\n<meta property=\"og:locale\" content=\"de_DE\" \/>\n<meta property=\"og:type\" content=\"article\" \/>\n<meta property=\"og:title\" content=\"Nachhaltigkeit - Waico Group DE\" \/>\n<meta property=\"og:description\" content=\"Nachhaltigkeit Produzieren mit Achtung f\u00fcr die Gemeinschaft und die Umwelt F\u00fcr uns von der Waico Group bedeutet Nachhaltigkeit die F\u00e4higkeit des Unternehmens, langfristig zu wirtschaften und dabei negative Auswirkungen auf die Umwelt und ihre Ressourcen zu minimieren, um ein nachhaltiges Wachstum zu gew\u00e4hrleisten, ohne die Zukunft der n\u00e4chsten Generationen zu gef\u00e4hrden. Unser Ziel ist es, [&hellip;]\" \/>\n<meta property=\"og:url\" content=\"https:\/\/www.waicogroup.com\/de\/nachhaltigkeit\/\" \/>\n<meta property=\"og:site_name\" content=\"Waico Group DE\" \/>\n<meta property=\"article:modified_time\" content=\"2024-10-24T09:13:08+00:00\" \/>\n<meta property=\"og:image\" content=\"https:\/\/www.waicogroup.com\/de\/wp-content\/uploads\/sites\/4\/2023\/09\/Sostenibilita-impresa.jpg\" \/>\n<meta name=\"twitter:card\" content=\"summary_large_image\" \/>\n<meta name=\"twitter:label1\" content=\"Gesch\u00e4tzte Lesezeit\" \/>\n\t<meta name=\"twitter:data1\" content=\"2\u00a0Minuten\" \/>\n<script type=\"application\/ld+json\" class=\"yoast-schema-graph\">{\"@context\":\"https:\/\/schema.org\",\"@graph\":[{\"@type\":\"WebPage\",\"@id\":\"https:\/\/www.waicogroup.com\/de\/nachhaltigkeit\/\",\"url\":\"https:\/\/www.waicogroup.com\/de\/nachhaltigkeit\/\",\"name\":\"Nachhaltigkeit - Waico Group DE\",\"isPartOf\":{\"@id\":\"https:\/\/www.waicogroup.com\/de\/#website\"},\"primaryImageOfPage\":{\"@id\":\"https:\/\/www.waicogroup.com\/de\/nachhaltigkeit\/#primaryimage\"},\"image\":{\"@id\":\"https:\/\/www.waicogroup.com\/de\/nachhaltigkeit\/#primaryimage\"},\"thumbnailUrl\":\"https:\/\/www.waicogroup.com\/de\/wp-content\/uploads\/sites\/4\/2023\/09\/Sostenibilita-impresa.jpg\",\"datePublished\":\"2023-08-21T09:26:23+00:00\",\"dateModified\":\"2024-10-24T09:13:08+00:00\",\"breadcrumb\":{\"@id\":\"https:\/\/www.waicogroup.com\/de\/nachhaltigkeit\/#breadcrumb\"},\"inLanguage\":\"de\",\"potentialAction\":[{\"@type\":\"ReadAction\",\"target\":[\"https:\/\/www.waicogroup.com\/de\/nachhaltigkeit\/\"]}]},{\"@type\":\"ImageObject\",\"inLanguage\":\"de\",\"@id\":\"https:\/\/www.waicogroup.com\/de\/nachhaltigkeit\/#primaryimage\",\"url\":\"https:\/\/www.waicogroup.com\/de\/wp-content\/uploads\/sites\/4\/2023\/09\/Sostenibilita-impresa.jpg\",\"contentUrl\":\"https:\/\/www.waicogroup.com\/de\/wp-content\/uploads\/sites\/4\/2023\/09\/Sostenibilita-impresa.jpg\",\"width\":622,\"height\":678},{\"@type\":\"BreadcrumbList\",\"@id\":\"https:\/\/www.waicogroup.com\/de\/nachhaltigkeit\/#breadcrumb\",\"itemListElement\":[{\"@type\":\"ListItem\",\"position\":1,\"name\":\"Home\",\"item\":\"https:\/\/www.waicogroup.com\/de\/\"},{\"@type\":\"ListItem\",\"position\":2,\"name\":\"Nachhaltigkeit\"}]},{\"@type\":\"WebSite\",\"@id\":\"https:\/\/www.waicogroup.com\/de\/#website\",\"url\":\"https:\/\/www.waicogroup.com\/de\/\",\"name\":\"Waico Group DE\",\"description\":\"\",\"potentialAction\":[{\"@type\":\"SearchAction\",\"target\":{\"@type\":\"EntryPoint\",\"urlTemplate\":\"https:\/\/www.waicogroup.com\/de\/?s={search_term_string}\"},\"query-input\":{\"@type\":\"PropertyValueSpecification\",\"valueRequired\":true,\"valueName\":\"search_term_string\"}}],\"inLanguage\":\"de\"}]}<\/script>\n<!-- \/ Yoast SEO plugin. -->","yoast_head_json":{"title":"Nachhaltigkeit - Waico Group DE","robots":{"index":"index","follow":"follow","max-snippet":"max-snippet:-1","max-image-preview":"max-image-preview:large","max-video-preview":"max-video-preview:-1"},"canonical":"https:\/\/www.waicogroup.com\/de\/nachhaltigkeit\/","og_locale":"de_DE","og_type":"article","og_title":"Nachhaltigkeit - Waico Group DE","og_description":"Nachhaltigkeit Produzieren mit Achtung f\u00fcr die Gemeinschaft und die Umwelt F\u00fcr uns von der Waico Group bedeutet Nachhaltigkeit die F\u00e4higkeit des Unternehmens, langfristig zu wirtschaften und dabei negative Auswirkungen auf die Umwelt und ihre Ressourcen zu minimieren, um ein nachhaltiges Wachstum zu gew\u00e4hrleisten, ohne die Zukunft der n\u00e4chsten Generationen zu gef\u00e4hrden. Unser Ziel ist es, [&hellip;]","og_url":"https:\/\/www.waicogroup.com\/de\/nachhaltigkeit\/","og_site_name":"Waico Group DE","article_modified_time":"2024-10-24T09:13:08+00:00","og_image":[{"url":"https:\/\/www.waicogroup.com\/de\/wp-content\/uploads\/sites\/4\/2023\/09\/Sostenibilita-impresa.jpg","type":"","width":"","height":""}],"twitter_card":"summary_large_image","twitter_misc":{"Gesch\u00e4tzte Lesezeit":"2\u00a0Minuten"},"schema":{"@context":"https:\/\/schema.org","@graph":[{"@type":"WebPage","@id":"https:\/\/www.waicogroup.com\/de\/nachhaltigkeit\/","url":"https:\/\/www.waicogroup.com\/de\/nachhaltigkeit\/","name":"Nachhaltigkeit - Waico Group DE","isPartOf":{"@id":"https:\/\/www.waicogroup.com\/de\/#website"},"primaryImageOfPage":{"@id":"https:\/\/www.waicogroup.com\/de\/nachhaltigkeit\/#primaryimage"},"image":{"@id":"https:\/\/www.waicogroup.com\/de\/nachhaltigkeit\/#primaryimage"},"thumbnailUrl":"https:\/\/www.waicogroup.com\/de\/wp-content\/uploads\/sites\/4\/2023\/09\/Sostenibilita-impresa.jpg","datePublished":"2023-08-21T09:26:23+00:00","dateModified":"2024-10-24T09:13:08+00:00","breadcrumb":{"@id":"https:\/\/www.waicogroup.com\/de\/nachhaltigkeit\/#breadcrumb"},"inLanguage":"de","potentialAction":[{"@type":"ReadAction","target":["https:\/\/www.waicogroup.com\/de\/nachhaltigkeit\/"]}]},{"@type":"ImageObject","inLanguage":"de","@id":"https:\/\/www.waicogroup.com\/de\/nachhaltigkeit\/#primaryimage","url":"https:\/\/www.waicogroup.com\/de\/wp-content\/uploads\/sites\/4\/2023\/09\/Sostenibilita-impresa.jpg","contentUrl":"https:\/\/www.waicogroup.com\/de\/wp-content\/uploads\/sites\/4\/2023\/09\/Sostenibilita-impresa.jpg","width":622,"height":678},{"@type":"BreadcrumbList","@id":"https:\/\/www.waicogroup.com\/de\/nachhaltigkeit\/#breadcrumb","itemListElement":[{"@type":"ListItem","position":1,"name":"Home","item":"https:\/\/www.waicogroup.com\/de\/"},{"@type":"ListItem","position":2,"name":"Nachhaltigkeit"}]},{"@type":"WebSite","@id":"https:\/\/www.waicogroup.com\/de\/#website","url":"https:\/\/www.waicogroup.com\/de\/","name":"Waico Group DE","description":"","potentialAction":[{"@type":"SearchAction","target":{"@type":"EntryPoint","urlTemplate":"https:\/\/www.waicogroup.com\/de\/?s={search_term_string}"},"query-input":{"@type":"PropertyValueSpecification","valueRequired":true,"valueName":"search_term_string"}}],"inLanguage":"de"}]}},"_links":{"self":[{"href":"https:\/\/www.waicogroup.com\/de\/wp-json\/wp\/v2\/pages\/24","targetHints":{"allow":["GET"]}}],"collection":[{"href":"https:\/\/www.waicogroup.com\/de\/wp-json\/wp\/v2\/pages"}],"about":[{"href":"https:\/\/www.waicogroup.com\/de\/wp-json\/wp\/v2\/types\/page"}],"author":[{"embeddable":true,"href":"https:\/\/www.waicogroup.com\/de\/wp-json\/wp\/v2\/users\/1"}],"replies":[{"embeddable":true,"href":"https:\/\/www.waicogroup.com\/de\/wp-json\/wp\/v2\/comments?post=24"}],"version-history":[{"count":0,"href":"https:\/\/www.waicogroup.com\/de\/wp-json\/wp\/v2\/pages\/24\/revisions"}],"wp:attachment":[{"href":"https:\/\/www.waicogroup.com\/de\/wp-json\/wp\/v2\/media?parent=24"}],"curies":[{"name":"wp","href":"https:\/\/api.w.org\/{rel}","templated":true}]}}