{"id":23,"date":"2023-08-21T11:26:14","date_gmt":"2023-08-21T09:26:14","guid":{"rendered":"https:\/\/www.waicogroup.com\/de\/?page_id=23"},"modified":"2025-01-27T10:37:39","modified_gmt":"2025-01-27T09:37:39","slug":"innovation","status":"publish","type":"page","link":"https:\/\/www.waicogroup.com\/de\/innovation\/","title":{"rendered":"Innovation"},"content":{"rendered":"\n<h1 class=\"wp-block-heading has-heading-xlarge-font-size\" style=\"margin-top:var(--wp--preset--spacing--huge);margin-bottom:var(--wp--preset--spacing--xlarge)\">Innovation<\/h1>\n\n\n\n<div class=\"wp-block-columns is-layout-flex wp-container-core-columns-is-layout-5016e1a0 wp-block-columns-is-layout-flex\">\n<div class=\"wp-block-column is-layout-flow wp-block-column-is-layout-flow\">\n<figure class=\"wp-block-image size-full u-image-full-width\"><img loading=\"lazy\" decoding=\"async\" width=\"836\" height=\"418\" src=\"https:\/\/www.waicogroup.com\/de\/wp-content\/uploads\/sites\/4\/2023\/09\/Display-Diamond.jpg\" alt=\"\" class=\"wp-image-380\" srcset=\"https:\/\/www.waicogroup.com\/de\/wp-content\/uploads\/sites\/4\/2023\/09\/Display-Diamond.jpg 836w, https:\/\/www.waicogroup.com\/de\/wp-content\/uploads\/sites\/4\/2023\/09\/Display-Diamond-300x150.jpg 300w, https:\/\/www.waicogroup.com\/de\/wp-content\/uploads\/sites\/4\/2023\/09\/Display-Diamond-768x384.jpg 768w\" sizes=\"auto, (max-width: 836px) 100vw, 836px\" \/><\/figure>\n<\/div>\n\n\n\n<div class=\"wp-block-column has-white-color has-black-background-color has-text-color has-background is-layout-flow wp-block-column-is-layout-flow\" style=\"flex-basis:450px\">\n<div class=\"wp-block-group has-heading-h-3-font-size has-global-padding is-content-justification-center is-layout-constrained wp-container-core-group-is-layout-50790159 wp-block-group-is-layout-constrained\" style=\"padding-top:var(--wp--preset--spacing--medium);padding-right:var(--wp--preset--spacing--medium);padding-bottom:var(--wp--preset--spacing--medium);padding-left:var(--wp--preset--spacing--medium)\">\n<p class=\"has-heading-h-3-font-size\" style=\"margin-bottom:var(--wp--preset--spacing--medium)\">Neue Ideen und neue Verfahren<br><br>Technologische und industrielle Innovation<\/p>\n<\/div>\n<\/div>\n<\/div>\n\n\n\n<div class=\"wp-block-group container-xlarge has-global-padding is-layout-constrained wp-block-group-is-layout-constrained\">\n<h2 class=\"wp-block-heading container-large has-heading-h-2-font-size\" style=\"margin-top:var(--wp--preset--spacing--xxlarge);margin-bottom:var(--wp--preset--spacing--xxlarge)\">Innovation bedeutet f\u00fcr uns die Umsetzung neuer Ideen, Prozesse und Technologien, die zu einer kontinuierlichen Verbesserung f\u00fchren.<\/h2>\n<\/div>\n\n\n\n<div class=\"wp-block-group container-xlarge has-global-padding is-layout-constrained wp-block-group-is-layout-constrained\">\n<div class=\"wp-block-columns container-large is-layout-flex wp-container-core-columns-is-layout-28f84493 wp-block-columns-is-layout-flex\">\n<div class=\"wp-block-column is-layout-flow wp-block-column-is-layout-flow\" style=\"flex-basis:30%\">\n<p class=\"has-heading-h-4-font-size\">Produkte<\/p>\n<\/div>\n\n\n\n<div class=\"wp-block-column is-layout-flow wp-block-column-is-layout-flow\">\n<p class=\"has-text-medium-font-size\">Unser Forschungs- und Entwicklungsteam konzentriert sich auf die <strong>Entwicklung<\/strong> immer leistungsf\u00e4higerer und zuverl\u00e4ssigerer <strong>Maschinen und \u00d6fen<\/strong>. Produkte, die die Bed\u00fcrfnisse und Anforderungen der Fachleute erf\u00fcllen und sie in den verschiedenen Arbeitsphasen durch <strong>einfachere Prozesse<\/strong> und <strong>mehr Flexibilit\u00e4t<\/strong> unterst\u00fctzen. Die Herausforderung der Innovation bei professionellen Maschinen und \u00d6fen wird sich haupts\u00e4chlich auf fortschrittliche Technologien, die Energieeinsparung und die digitale Integration erstrecken.<\/p>\n<\/div>\n<\/div>\n\n\n\n<hr class=\"wp-block-separator has-alpha-channel-opacity container-large\" style=\"margin-top:var(--wp--preset--spacing--medium);margin-bottom:var(--wp--preset--spacing--medium)\"\/>\n<\/div>\n\n\n\n<div class=\"wp-block-group container-xlarge has-global-padding is-layout-constrained wp-block-group-is-layout-constrained\">\n<div class=\"wp-block-columns container-large is-layout-flex wp-container-core-columns-is-layout-28f84493 wp-block-columns-is-layout-flex\">\n<div class=\"wp-block-column is-layout-flow wp-block-column-is-layout-flow\" style=\"flex-basis:30%\">\n<p class=\"has-heading-h-4-font-size\">Dienstleistungen<\/p>\n<\/div>\n\n\n\n<div class=\"wp-block-column is-layout-flow wp-block-column-is-layout-flow\">\n<p class=\"has-text-medium-font-size\">Wir haben schon immer den Fokus darauf gelegt, die <strong>angebotenen Dienstleistungen<\/strong> w\u00e4hrend des gesamten Kaufprozesses zu <strong>individualisieren<\/strong>, um die spezifischen Bed\u00fcrfnisse jedes einzelnen Kunden zu erf\u00fcllen und einen <strong>Mehrwert zu schaffen<\/strong>, der \u00fcber die technische Qualit\u00e4t des Produkts hinausgeht. <strong>Die Automatisierung<\/strong> der Prozesse, die <strong>Vereinfachung der Verfahren<\/strong>, die <strong>Schulung<\/strong> der Kunden oder eine <strong>spezialisierte Beratung<\/strong> sind nur einige der von uns angebotenen Dienste.<\/p>\n<\/div>\n<\/div>\n\n\n\n<hr class=\"wp-block-separator has-alpha-channel-opacity container-large\" style=\"margin-top:var(--wp--preset--spacing--medium);margin-bottom:var(--wp--preset--spacing--medium)\"\/>\n<\/div>\n\n\n\n<div class=\"wp-block-group container-xlarge has-global-padding is-layout-constrained wp-block-group-is-layout-constrained\">\n<div class=\"wp-block-columns container-large is-layout-flex wp-container-core-columns-is-layout-28f84493 wp-block-columns-is-layout-flex\">\n<div class=\"wp-block-column is-layout-flow wp-block-column-is-layout-flow\" style=\"flex-basis:30%\">\n<p class=\"has-heading-h-4-font-size\">Prozesse<\/p>\n<\/div>\n\n\n\n<div class=\"wp-block-column is-layout-flow wp-block-column-is-layout-flow\">\n<p class=\"has-text-medium-font-size\">Im Fr\u00fchjahr 2023 hat die Gruppe einen umfassenden <strong>industriellen Integrationsprozess<\/strong> eingeleitet. Die operativen Aktivit\u00e4ten der Maschinensparte mit ihren vier Marken Starmix, Vitella, Effedue und Flamic wurden in den <strong>neuen Standort Isola Vicentina<\/strong> verlegt. Hier wurden neue integrierte Produktionsprozesse eingef\u00fchrt und zahlreiche Verfahren digitalisiert, um den Dienst an unseren Kunden zu verbessern und die Gruppe auf eine weitere Phase der <strong>technologischen und kommerziellen Entwicklung<\/strong> vorzubereiten.<\/p>\n<\/div>\n<\/div>\n\n\n\n<hr class=\"wp-block-separator has-alpha-channel-opacity container-large\" style=\"margin-top:var(--wp--preset--spacing--medium);margin-bottom:var(--wp--preset--spacing--medium)\"\/>\n<\/div>\n\n\n\n<div class=\"wp-block-group container-xlarge has-global-padding is-layout-constrained wp-block-group-is-layout-constrained\">\n<div class=\"wp-block-columns container-large is-layout-flex wp-container-core-columns-is-layout-28f84493 wp-block-columns-is-layout-flex\">\n<div class=\"wp-block-column is-layout-flow wp-block-column-is-layout-flow\" style=\"flex-basis:30%\">\n<p class=\"has-heading-h-4-font-size\">Kultur<\/p>\n<\/div>\n\n\n\n<div class=\"wp-block-column is-layout-flow wp-block-column-is-layout-flow\">\n<p class=\"has-text-medium-font-size\">Wir schaffen ein Umfeld, das die <strong>Innovation<\/strong> unter den Mitarbeitern f\u00f6rdert und zum <strong>Austausch von Ideen<\/strong>, zum kritischen Denken und zur <strong>aktiven Beteiligung<\/strong> an Gesch\u00e4ftsprozessen anregt, so dass schnell neue und wertvolle L\u00f6sungen entstehen k\u00f6nnen. Au\u00dferdem <strong>f\u00f6rdern wir die st\u00e4ndige Weiterbildung und das Lernen<\/strong> der Mitarbeiter, indem wir eine nat\u00fcrliche Einstellung zur Innovation f\u00f6rdern.<\/p>\n<\/div>\n<\/div>\n<\/div>\n\n\n\n<div class=\"wp-block-group alignfull has-global-padding is-layout-constrained wp-container-core-group-is-layout-3b2fa69b wp-block-group-is-layout-constrained\" style=\"margin-top:var(--wp--preset--spacing--xhuge);margin-bottom:var(--wp--preset--spacing--xhuge);padding-top:var(--wp--preset--spacing--xlarge);padding-right:0;padding-bottom:var(--wp--preset--spacing--xlarge);padding-left:0\">\n<hr class=\"wp-block-separator has-alpha-channel-opacity\"\/>\n<\/div>\n\n\n\n<div class=\"wp-block-columns is-layout-flex wp-container-core-columns-is-layout-6a3c3214 wp-block-columns-is-layout-flex\" style=\"margin-top:var(--wp--preset--spacing--xhuge)\">\n<div class=\"wp-block-column is-layout-flow wp-block-column-is-layout-flow\" style=\"flex-basis:30%\">\n<figure class=\"wp-block-image size-full u-image-full-width\"><img loading=\"lazy\" decoding=\"async\" width=\"415\" height=\"415\" src=\"https:\/\/www.waicogroup.com\/de\/wp-content\/uploads\/sites\/4\/2023\/09\/quadro-vitella.jpg\" alt=\"\" class=\"wp-image-381\" srcset=\"https:\/\/www.waicogroup.com\/de\/wp-content\/uploads\/sites\/4\/2023\/09\/quadro-vitella.jpg 415w, https:\/\/www.waicogroup.com\/de\/wp-content\/uploads\/sites\/4\/2023\/09\/quadro-vitella-300x300.jpg 300w, https:\/\/www.waicogroup.com\/de\/wp-content\/uploads\/sites\/4\/2023\/09\/quadro-vitella-150x150.jpg 150w\" sizes=\"auto, (max-width: 415px) 100vw, 415px\" \/><\/figure>\n<\/div>\n\n\n\n<div class=\"wp-block-column has-max-width is-layout-flow wp-block-column-is-layout-flow\" style=\"--c-max-width:60%\">\n<h2 class=\"wp-block-heading\" style=\"margin-bottom:var(--wp--preset--spacing--xlarge)\">Anpassungsf\u00e4higkeit bei Marktver\u00e4nderungen.<\/h2>\n\n\n\n<div class=\"wp-block-columns is-layout-flex wp-container-core-columns-is-layout-28f84493 wp-block-columns-is-layout-flex\">\n<div class=\"wp-block-column is-layout-flow wp-block-column-is-layout-flow\">\n<p class=\"has-text-medium-font-size\">F\u00fcr uns sind Innovation, Produktdesign und Dienst am Kunden zentrale Aspekte bei der Weiterentwicklung der <strong>Waico Gruppe<\/strong>. Design, unter Ber\u00fccksichtigung von Funktionalit\u00e4t, Ergonomie, Leistung und Kosten, von Benutzerfreundlichkeit, Effizienz und Nachhaltigkeit. Immer <strong>intelligentere<\/strong> und <strong>leistungsf\u00e4higere<\/strong> Maschinen, die den Fachmann in allen Arbeitsphasen durch Eingaben, <strong>ma\u00dfgeschneiderte<\/strong> Programme und spezielle Apps f\u00fcr die dezentrale Bedienung unterst\u00fctzen. Jede unserer Innovationen steht am Ende eines <strong>Prozesses der Forschung und des Eingehens<\/strong> auf die tats\u00e4chlichen Bed\u00fcrfnisse und Anforderungen des sich st\u00e4ndig weiterentwickelnden Marktes.<\/p>\n<\/div>\n\n\n\n<div class=\"wp-block-column is-layout-flow wp-block-column-is-layout-flow\">\n<p class=\"has-text-medium-font-size\">Unser <strong>F&amp;E-Team entwickelt<\/strong> in Zusammenarbeit mit Ingenieuren und Lebensmitteltechnologen <strong>neue Ger\u00e4te und Produktionsprozesse<\/strong>, die h\u00f6chste Qualit\u00e4tsstandards bieten. Tests und Laborversuche werden dabei intern und bei den besten Zertifizierungsstellen durchgef\u00fchrt.<\/p>\n<\/div>\n<\/div>\n<\/div>\n<\/div>\n\n\n\n<p class=\"has-heading-small-font-size\" style=\"margin-top:var(--wp--preset--spacing--xlarge);margin-bottom:var(--wp--preset--spacing--xhuge)\">EIN SCHRITT VORAUS IN DER INNOVATION, ZWEI SCHRITTE VORAUS IN DER ZUKUNFT.<\/p>\n","protected":false},"excerpt":{"rendered":"<p>Innovation Neue Ideen und neue Verfahren Technologische und industrielle Innovation Innovation bedeutet f\u00fcr uns die Umsetzung neuer Ideen, Prozesse und Technologien, die zu einer kontinuierlichen Verbesserung f\u00fchren. Produkte Unser Forschungs- und Entwicklungsteam konzentriert sich auf die Entwicklung immer leistungsf\u00e4higerer und zuverl\u00e4ssigerer Maschinen und \u00d6fen. Produkte, die die Bed\u00fcrfnisse und Anforderungen der Fachleute erf\u00fcllen und sie [&hellip;]<\/p>\n","protected":false},"author":1,"featured_media":0,"parent":0,"menu_order":0,"comment_status":"closed","ping_status":"closed","template":"","meta":{"_acf_changed":false,"content-type":"","footnotes":""},"class_list":["post-23","page","type-page","status-publish","hentry"],"acf":[],"yoast_head":"<!-- This site is optimized with the Yoast SEO plugin v26.6 - https:\/\/yoast.com\/wordpress\/plugins\/seo\/ -->\n<title>Innovation - Waico Group DE<\/title>\n<meta name=\"robots\" content=\"index, follow, max-snippet:-1, max-image-preview:large, max-video-preview:-1\" \/>\n<link rel=\"canonical\" href=\"https:\/\/www.waicogroup.com\/de\/innovation\/\" \/>\n<meta property=\"og:locale\" content=\"de_DE\" \/>\n<meta property=\"og:type\" content=\"article\" \/>\n<meta property=\"og:title\" content=\"Innovation - Waico Group DE\" \/>\n<meta property=\"og:description\" content=\"Innovation Neue Ideen und neue Verfahren Technologische und industrielle Innovation Innovation bedeutet f\u00fcr uns die Umsetzung neuer Ideen, Prozesse und Technologien, die zu einer kontinuierlichen Verbesserung f\u00fchren. Produkte Unser Forschungs- und Entwicklungsteam konzentriert sich auf die Entwicklung immer leistungsf\u00e4higerer und zuverl\u00e4ssigerer Maschinen und \u00d6fen. Produkte, die die Bed\u00fcrfnisse und Anforderungen der Fachleute erf\u00fcllen und sie [&hellip;]\" \/>\n<meta property=\"og:url\" content=\"https:\/\/www.waicogroup.com\/de\/innovation\/\" \/>\n<meta property=\"og:site_name\" content=\"Waico Group DE\" \/>\n<meta property=\"article:modified_time\" content=\"2025-01-27T09:37:39+00:00\" \/>\n<meta property=\"og:image\" content=\"https:\/\/www.waicogroup.com\/de\/wp-content\/uploads\/sites\/4\/2023\/09\/Display-Diamond.jpg\" \/>\n<meta name=\"twitter:card\" content=\"summary_large_image\" \/>\n<meta name=\"twitter:label1\" content=\"Gesch\u00e4tzte Lesezeit\" \/>\n\t<meta name=\"twitter:data1\" content=\"3\u00a0Minuten\" \/>\n<script type=\"application\/ld+json\" class=\"yoast-schema-graph\">{\"@context\":\"https:\/\/schema.org\",\"@graph\":[{\"@type\":\"WebPage\",\"@id\":\"https:\/\/www.waicogroup.com\/de\/innovation\/\",\"url\":\"https:\/\/www.waicogroup.com\/de\/innovation\/\",\"name\":\"Innovation - Waico Group DE\",\"isPartOf\":{\"@id\":\"https:\/\/www.waicogroup.com\/de\/#website\"},\"primaryImageOfPage\":{\"@id\":\"https:\/\/www.waicogroup.com\/de\/innovation\/#primaryimage\"},\"image\":{\"@id\":\"https:\/\/www.waicogroup.com\/de\/innovation\/#primaryimage\"},\"thumbnailUrl\":\"https:\/\/www.waicogroup.com\/de\/wp-content\/uploads\/sites\/4\/2023\/09\/Display-Diamond.jpg\",\"datePublished\":\"2023-08-21T09:26:14+00:00\",\"dateModified\":\"2025-01-27T09:37:39+00:00\",\"breadcrumb\":{\"@id\":\"https:\/\/www.waicogroup.com\/de\/innovation\/#breadcrumb\"},\"inLanguage\":\"de\",\"potentialAction\":[{\"@type\":\"ReadAction\",\"target\":[\"https:\/\/www.waicogroup.com\/de\/innovation\/\"]}]},{\"@type\":\"ImageObject\",\"inLanguage\":\"de\",\"@id\":\"https:\/\/www.waicogroup.com\/de\/innovation\/#primaryimage\",\"url\":\"https:\/\/www.waicogroup.com\/de\/wp-content\/uploads\/sites\/4\/2023\/09\/Display-Diamond.jpg\",\"contentUrl\":\"https:\/\/www.waicogroup.com\/de\/wp-content\/uploads\/sites\/4\/2023\/09\/Display-Diamond.jpg\",\"width\":836,\"height\":418},{\"@type\":\"BreadcrumbList\",\"@id\":\"https:\/\/www.waicogroup.com\/de\/innovation\/#breadcrumb\",\"itemListElement\":[{\"@type\":\"ListItem\",\"position\":1,\"name\":\"Home\",\"item\":\"https:\/\/www.waicogroup.com\/de\/\"},{\"@type\":\"ListItem\",\"position\":2,\"name\":\"Innovation\"}]},{\"@type\":\"WebSite\",\"@id\":\"https:\/\/www.waicogroup.com\/de\/#website\",\"url\":\"https:\/\/www.waicogroup.com\/de\/\",\"name\":\"Waico Group DE\",\"description\":\"\",\"potentialAction\":[{\"@type\":\"SearchAction\",\"target\":{\"@type\":\"EntryPoint\",\"urlTemplate\":\"https:\/\/www.waicogroup.com\/de\/?s={search_term_string}\"},\"query-input\":{\"@type\":\"PropertyValueSpecification\",\"valueRequired\":true,\"valueName\":\"search_term_string\"}}],\"inLanguage\":\"de\"}]}<\/script>\n<!-- \/ Yoast SEO plugin. -->","yoast_head_json":{"title":"Innovation - Waico Group DE","robots":{"index":"index","follow":"follow","max-snippet":"max-snippet:-1","max-image-preview":"max-image-preview:large","max-video-preview":"max-video-preview:-1"},"canonical":"https:\/\/www.waicogroup.com\/de\/innovation\/","og_locale":"de_DE","og_type":"article","og_title":"Innovation - Waico Group DE","og_description":"Innovation Neue Ideen und neue Verfahren Technologische und industrielle Innovation Innovation bedeutet f\u00fcr uns die Umsetzung neuer Ideen, Prozesse und Technologien, die zu einer kontinuierlichen Verbesserung f\u00fchren. Produkte Unser Forschungs- und Entwicklungsteam konzentriert sich auf die Entwicklung immer leistungsf\u00e4higerer und zuverl\u00e4ssigerer Maschinen und \u00d6fen. Produkte, die die Bed\u00fcrfnisse und Anforderungen der Fachleute erf\u00fcllen und sie [&hellip;]","og_url":"https:\/\/www.waicogroup.com\/de\/innovation\/","og_site_name":"Waico Group DE","article_modified_time":"2025-01-27T09:37:39+00:00","og_image":[{"url":"https:\/\/www.waicogroup.com\/de\/wp-content\/uploads\/sites\/4\/2023\/09\/Display-Diamond.jpg","type":"","width":"","height":""}],"twitter_card":"summary_large_image","twitter_misc":{"Gesch\u00e4tzte Lesezeit":"3\u00a0Minuten"},"schema":{"@context":"https:\/\/schema.org","@graph":[{"@type":"WebPage","@id":"https:\/\/www.waicogroup.com\/de\/innovation\/","url":"https:\/\/www.waicogroup.com\/de\/innovation\/","name":"Innovation - Waico Group DE","isPartOf":{"@id":"https:\/\/www.waicogroup.com\/de\/#website"},"primaryImageOfPage":{"@id":"https:\/\/www.waicogroup.com\/de\/innovation\/#primaryimage"},"image":{"@id":"https:\/\/www.waicogroup.com\/de\/innovation\/#primaryimage"},"thumbnailUrl":"https:\/\/www.waicogroup.com\/de\/wp-content\/uploads\/sites\/4\/2023\/09\/Display-Diamond.jpg","datePublished":"2023-08-21T09:26:14+00:00","dateModified":"2025-01-27T09:37:39+00:00","breadcrumb":{"@id":"https:\/\/www.waicogroup.com\/de\/innovation\/#breadcrumb"},"inLanguage":"de","potentialAction":[{"@type":"ReadAction","target":["https:\/\/www.waicogroup.com\/de\/innovation\/"]}]},{"@type":"ImageObject","inLanguage":"de","@id":"https:\/\/www.waicogroup.com\/de\/innovation\/#primaryimage","url":"https:\/\/www.waicogroup.com\/de\/wp-content\/uploads\/sites\/4\/2023\/09\/Display-Diamond.jpg","contentUrl":"https:\/\/www.waicogroup.com\/de\/wp-content\/uploads\/sites\/4\/2023\/09\/Display-Diamond.jpg","width":836,"height":418},{"@type":"BreadcrumbList","@id":"https:\/\/www.waicogroup.com\/de\/innovation\/#breadcrumb","itemListElement":[{"@type":"ListItem","position":1,"name":"Home","item":"https:\/\/www.waicogroup.com\/de\/"},{"@type":"ListItem","position":2,"name":"Innovation"}]},{"@type":"WebSite","@id":"https:\/\/www.waicogroup.com\/de\/#website","url":"https:\/\/www.waicogroup.com\/de\/","name":"Waico Group DE","description":"","potentialAction":[{"@type":"SearchAction","target":{"@type":"EntryPoint","urlTemplate":"https:\/\/www.waicogroup.com\/de\/?s={search_term_string}"},"query-input":{"@type":"PropertyValueSpecification","valueRequired":true,"valueName":"search_term_string"}}],"inLanguage":"de"}]}},"_links":{"self":[{"href":"https:\/\/www.waicogroup.com\/de\/wp-json\/wp\/v2\/pages\/23","targetHints":{"allow":["GET"]}}],"collection":[{"href":"https:\/\/www.waicogroup.com\/de\/wp-json\/wp\/v2\/pages"}],"about":[{"href":"https:\/\/www.waicogroup.com\/de\/wp-json\/wp\/v2\/types\/page"}],"author":[{"embeddable":true,"href":"https:\/\/www.waicogroup.com\/de\/wp-json\/wp\/v2\/users\/1"}],"replies":[{"embeddable":true,"href":"https:\/\/www.waicogroup.com\/de\/wp-json\/wp\/v2\/comments?post=23"}],"version-history":[{"count":0,"href":"https:\/\/www.waicogroup.com\/de\/wp-json\/wp\/v2\/pages\/23\/revisions"}],"wp:attachment":[{"href":"https:\/\/www.waicogroup.com\/de\/wp-json\/wp\/v2\/media?parent=23"}],"curies":[{"name":"wp","href":"https:\/\/api.w.org\/{rel}","templated":true}]}}