{"id":20,"date":"2023-08-21T11:25:53","date_gmt":"2023-08-21T09:25:53","guid":{"rendered":"https:\/\/www.waicogroup.com\/de\/?page_id=20"},"modified":"2024-07-04T09:26:16","modified_gmt":"2024-07-04T07:26:16","slug":"kontakt","status":"publish","type":"page","link":"https:\/\/www.waicogroup.com\/de\/kontakt\/","title":{"rendered":"Kontakt"},"content":{"rendered":"\n<div class=\"wp-block-columns u-flex-row-reverse--small-up is-layout-flex wp-container-core-columns-is-layout-ee231690 wp-block-columns-is-layout-flex\" style=\"margin-top:var(--wp--preset--spacing--huge);margin-bottom:var(--wp--preset--spacing--huge);padding-top:var(--wp--preset--spacing--small);padding-bottom:var(--wp--preset--spacing--small)\">\n<div class=\"wp-block-column is-layout-flow wp-block-column-is-layout-flow\" style=\"padding-top:0px\">\n<h1 class=\"wp-block-heading has-heading-medium-font-size\">Kontakt<\/h1>\n\n\n\n<p style=\"margin-top:var(--wp--preset--spacing--xlarge)\" class=\"\">WAICO GROUP<\/p>\n\n\n\n<p style=\"margin-top:var(--wp--preset--spacing--medium);margin-bottom:0\" class=\"\"><strong>Headquarter<br><\/strong>Via Scotte 1 &#8211; 36033<br>Isola Vicentina (VI) Italien<br>Tel.: <a data-type=\"tel\" data-id=\"tel:+3904451716598\" href=\"tel:+3904451716598\">+39 0445 1716598<\/a><br><a href=\"mailto:info@waicogroup.com\">info@waicogroup.com<\/a><\/p>\n\n\n\n<div class=\"wp-block-columns is-layout-flex wp-container-core-columns-is-layout-650ee209 wp-block-columns-is-layout-flex\" style=\"margin-top:var(--wp--preset--spacing--medium);margin-bottom:var(--wp--preset--spacing--xxlarge)\">\n<div class=\"wp-block-column is-layout-flow wp-block-column-is-layout-flow\" style=\"flex-basis:50%\">\n<p class=\"\"><strong>Maschinensparte<br><\/strong>Via Scotte 1 &#8211; 36033<br>Isola Vicentina (VI) Italien<br>Tel.: <a data-type=\"tel\" data-id=\"tel:+3904451716598\" href=\"tel:+3904451716598\">+39 0445 1716598<\/a><br><a href=\"mailto:macchine@waicogroup.com\">macchine@waicogroup.com<\/a><\/p>\n<\/div>\n\n\n\n<div class=\"wp-block-column is-layout-flow wp-block-column-is-layout-flow\" style=\"flex-basis:50%\">\n<p class=\"\"><strong>Italforni<\/strong><br>Via dell\u2019Industria 130<br>61122 Pesaro (PU) Italien<br>Tel.: <a data-type=\"tel\" data-id=\"tel:+390721481515\" href=\"tel:+390721481515\">+39 0721 481515<\/a><br><a href=\"mailto:italforni@waicogroup.com\">italforni@waicogroup.com<\/a><\/p>\n<\/div>\n<\/div>\n\n\n\n<script charset=\"utf-8\" type=\"text\/javascript\" src=\"\/\/js.hsforms.net\/forms\/embed\/v2.js\"><\/script>\n<script>\n  hbspt.forms.create({\n    region: \"na1\",\n    portalId: \"4659896\",\n    formId: \"c8d5eb70-218f-4203-88ea-48beef24c6d2\"\n  });\n<\/script>\n<\/div>\n\n\n\n<div class=\"wp-block-column is-layout-flow wp-block-column-is-layout-flow\">\n<figure class=\"wp-block-image size-full u-image-full-width\"><img loading=\"lazy\" decoding=\"async\" width=\"660\" height=\"1017\" src=\"https:\/\/www.waicogroup.com\/de\/wp-content\/uploads\/sites\/4\/2023\/09\/waico-contatti.jpg\" alt=\"\" class=\"wp-image-369\" srcset=\"https:\/\/www.waicogroup.com\/de\/wp-content\/uploads\/sites\/4\/2023\/09\/waico-contatti.jpg 660w, https:\/\/www.waicogroup.com\/de\/wp-content\/uploads\/sites\/4\/2023\/09\/waico-contatti-195x300.jpg 195w\" sizes=\"auto, (max-width: 660px) 100vw, 660px\" \/><\/figure>\n<\/div>\n<\/div>\n\n\n\n<div class=\"wp-block-columns is-layout-flex wp-container-core-columns-is-layout-565700e0 wp-block-columns-is-layout-flex\" style=\"margin-top:var(--wp--preset--spacing--xxhuge);margin-bottom:var(--wp--preset--spacing--xhuge)\">\n<div class=\"wp-block-column is-layout-flow wp-block-column-is-layout-flow\">\n<p class=\"has-meta-large-font-size\" style=\"margin-bottom:var(--wp--preset--spacing--xxsmall)\">FAQ<\/p>\n\n\n\n<h2 class=\"wp-block-heading has-heading-small-font-size\" style=\"margin-top:0;margin-right:0;margin-bottom:0;margin-left:0\">H\u00e4ufig gestellte Fragen<\/h2>\n<\/div>\n\n\n\n<div class=\"wp-block-column is-layout-flow wp-block-column-is-layout-flow\">\n<div class=\"js-wp-block-waico-accordion__target wp-block-waico-accordion\">\n\t<div class=\"wp-block-waico-accordion__title-wapper js-wp-block-waico-accordion__trigger\">\n\t\t<h3 class=\"wp-block-waico-accordion__title\">WAS IST DIE WAICO GROUP?<\/h3>\n\t\t<div class=\"wp-block-waico-accordion__icon\"><svg xmlns=\"http:\/\/www.w3.org\/2000\/svg\" width=\"24\" height=\"24\" viewbox=\"0 0 24 24\" fill=\"none\" class=\"icon-plus\"><path d=\"M20.8125 12C20.8125 12.1492 20.7532 12.2923 20.6477 12.3977C20.5423 12.5032 20.3992 12.5625 20.25 12.5625H12.5625V20.25C12.5625 20.3992 12.5032 20.5423 12.3977 20.6477C12.2923 20.7532 12.1492 20.8125 12 20.8125C11.8508 20.8125 11.7077 20.7532 11.6023 20.6477C11.4968 20.5423 11.4375 20.3992 11.4375 20.25V12.5625H3.75C3.60082 12.5625 3.45774 12.5032 3.35225 12.3977C3.24676 12.2923 3.1875 12.1492 3.1875 12C3.1875 11.8508 3.24676 11.7077 3.35225 11.6023C3.45774 11.4968 3.60082 11.4375 3.75 11.4375H11.4375V3.75C11.4375 3.60082 11.4968 3.45774 11.6023 3.35225C11.7077 3.24676 11.8508 3.1875 12 3.1875C12.1492 3.1875 12.2923 3.24676 12.3977 3.35225C12.5032 3.45774 12.5625 3.60082 12.5625 3.75V11.4375H20.25C20.3992 11.4375 20.5423 11.4968 20.6477 11.6023C20.7532 11.7077 20.8125 11.8508 20.8125 12Z\" fill=\"currentColor\" \/><\/svg><\/div>\n\t<\/div>\n\t<div class=\"wp-block-waico-accordion__content-wrapper\">\n\t\t<div class=\"wp-block-waico-accordion__content\">\n\t\t\t\n\n<p class=\"\">Die zu 100% italienische Waico Gruppe ist mit Unterst\u00fctzung des Private-Equity-Fonds Mindful Capital Partners aus dem Zusammenschluss der 5 italienischen Unternehmen Vitella, Effedue, Starmix, Flamic und Italforni hervorgegangen, die in den Bereichen Bakery, Pizza &amp; Pastry Equipment f\u00fchrend sind. Gemeinsam stellen sie professionelle Maschinen und \u00d6fen her, die von den weltweit anerkanntesten Profis aus dem Bereich der Backkunst gesch\u00e4tzt werden.<\/p>\n\n\t\t<\/div>\n\t<\/div>\n<\/div>\n\n\n\n<div class=\"js-wp-block-waico-accordion__target wp-block-waico-accordion\">\n\t<div class=\"wp-block-waico-accordion__title-wapper js-wp-block-waico-accordion__trigger\">\n\t\t<h3 class=\"wp-block-waico-accordion__title\">WAS SIND DIE VORTEILE, WENN MAN SICH AUF EINE GRUPPE VERL\u00c4SST?<\/h3>\n\t\t<div class=\"wp-block-waico-accordion__icon\"><svg xmlns=\"http:\/\/www.w3.org\/2000\/svg\" width=\"24\" height=\"24\" viewbox=\"0 0 24 24\" fill=\"none\" class=\"icon-plus\"><path d=\"M20.8125 12C20.8125 12.1492 20.7532 12.2923 20.6477 12.3977C20.5423 12.5032 20.3992 12.5625 20.25 12.5625H12.5625V20.25C12.5625 20.3992 12.5032 20.5423 12.3977 20.6477C12.2923 20.7532 12.1492 20.8125 12 20.8125C11.8508 20.8125 11.7077 20.7532 11.6023 20.6477C11.4968 20.5423 11.4375 20.3992 11.4375 20.25V12.5625H3.75C3.60082 12.5625 3.45774 12.5032 3.35225 12.3977C3.24676 12.2923 3.1875 12.1492 3.1875 12C3.1875 11.8508 3.24676 11.7077 3.35225 11.6023C3.45774 11.4968 3.60082 11.4375 3.75 11.4375H11.4375V3.75C11.4375 3.60082 11.4968 3.45774 11.6023 3.35225C11.7077 3.24676 11.8508 3.1875 12 3.1875C12.1492 3.1875 12.2923 3.24676 12.3977 3.35225C12.5032 3.45774 12.5625 3.60082 12.5625 3.75V11.4375H20.25C20.3992 11.4375 20.5423 11.4968 20.6477 11.6023C20.7532 11.7077 20.8125 11.8508 20.8125 12Z\" fill=\"currentColor\" \/><\/svg><\/div>\n\t<\/div>\n\t<div class=\"wp-block-waico-accordion__content-wrapper\">\n\t\t<div class=\"wp-block-waico-accordion__content\">\n\t\t\t\n\n<p class=\"\">Vor und nach dem Kauf ein noch effektiverer Support und Service f\u00fcr die H\u00e4ndler, Partner, Kunden und Nutzer. H\u00f6here Prozessgeschwindigkeiten und Produktionsleistungen. Maschinen, die sowohl technisch als auch technologisch innovativer sind, weil st\u00e4ndige Forschungs- und Entwicklungsarbeit dahinter steht. Und viele andere Vorteile.<\/p>\n\n\t\t<\/div>\n\t<\/div>\n<\/div>\n\n\n\n<div class=\"js-wp-block-waico-accordion__target wp-block-waico-accordion\">\n\t<div class=\"wp-block-waico-accordion__title-wapper js-wp-block-waico-accordion__trigger\">\n\t\t<h3 class=\"wp-block-waico-accordion__title\">IST ES M\u00d6GLICH, IHRE PRODUKTE ANZUSEHEN UND AUSZUPROBIEREN?<\/h3>\n\t\t<div class=\"wp-block-waico-accordion__icon\"><svg xmlns=\"http:\/\/www.w3.org\/2000\/svg\" width=\"24\" height=\"24\" viewbox=\"0 0 24 24\" fill=\"none\" class=\"icon-plus\"><path d=\"M20.8125 12C20.8125 12.1492 20.7532 12.2923 20.6477 12.3977C20.5423 12.5032 20.3992 12.5625 20.25 12.5625H12.5625V20.25C12.5625 20.3992 12.5032 20.5423 12.3977 20.6477C12.2923 20.7532 12.1492 20.8125 12 20.8125C11.8508 20.8125 11.7077 20.7532 11.6023 20.6477C11.4968 20.5423 11.4375 20.3992 11.4375 20.25V12.5625H3.75C3.60082 12.5625 3.45774 12.5032 3.35225 12.3977C3.24676 12.2923 3.1875 12.1492 3.1875 12C3.1875 11.8508 3.24676 11.7077 3.35225 11.6023C3.45774 11.4968 3.60082 11.4375 3.75 11.4375H11.4375V3.75C11.4375 3.60082 11.4968 3.45774 11.6023 3.35225C11.7077 3.24676 11.8508 3.1875 12 3.1875C12.1492 3.1875 12.2923 3.24676 12.3977 3.35225C12.5032 3.45774 12.5625 3.60082 12.5625 3.75V11.4375H20.25C20.3992 11.4375 20.5423 11.4968 20.6477 11.6023C20.7532 11.7077 20.8125 11.8508 20.8125 12Z\" fill=\"currentColor\" \/><\/svg><\/div>\n\t<\/div>\n\t<div class=\"wp-block-waico-accordion__content-wrapper\">\n\t\t<div class=\"wp-block-waico-accordion__content\">\n\t\t\t\n\n<p class=\"\">Am Standort Isola Vicentina k\u00f6nnen alle Maschinen der Marken Starmix, Vitella, Effedue und Flamic sowie einige Back\u00f6fen von Italforni in einem gro\u00dfen, f\u00fcr Kunden eingerichteten Ausstellungsraum besichtigt werden. Au\u00dferdem gibt es ein spezielles Labor, in dem die Maschinen ausprobiert und Tests etwa zum Kneten, Schneiden oder Ausrollen von Teig vorgenommen werden k\u00f6nnen. Am Standort Pesaro l\u00e4sst sich die breite Palette der Back\u00f6fen Italforni besichtigen und testen, wobei der Schwerpunkt auf dem Backen liegt. An beiden Standorten kann ein Termin mit spezialisierten Verkaufsberatern und Lebensmitteltechnologen vereinbart werden.<\/p>\n\n\t\t<\/div>\n\t<\/div>\n<\/div>\n\n\n\n<div class=\"js-wp-block-waico-accordion__target wp-block-waico-accordion\">\n\t<div class=\"wp-block-waico-accordion__title-wapper js-wp-block-waico-accordion__trigger\">\n\t\t<h3 class=\"wp-block-waico-accordion__title\">WIE KANN ICH IHR H\u00c4NDLER WERDEN?<\/h3>\n\t\t<div class=\"wp-block-waico-accordion__icon\"><svg xmlns=\"http:\/\/www.w3.org\/2000\/svg\" width=\"24\" height=\"24\" viewbox=\"0 0 24 24\" fill=\"none\" class=\"icon-plus\"><path d=\"M20.8125 12C20.8125 12.1492 20.7532 12.2923 20.6477 12.3977C20.5423 12.5032 20.3992 12.5625 20.25 12.5625H12.5625V20.25C12.5625 20.3992 12.5032 20.5423 12.3977 20.6477C12.2923 20.7532 12.1492 20.8125 12 20.8125C11.8508 20.8125 11.7077 20.7532 11.6023 20.6477C11.4968 20.5423 11.4375 20.3992 11.4375 20.25V12.5625H3.75C3.60082 12.5625 3.45774 12.5032 3.35225 12.3977C3.24676 12.2923 3.1875 12.1492 3.1875 12C3.1875 11.8508 3.24676 11.7077 3.35225 11.6023C3.45774 11.4968 3.60082 11.4375 3.75 11.4375H11.4375V3.75C11.4375 3.60082 11.4968 3.45774 11.6023 3.35225C11.7077 3.24676 11.8508 3.1875 12 3.1875C12.1492 3.1875 12.2923 3.24676 12.3977 3.35225C12.5032 3.45774 12.5625 3.60082 12.5625 3.75V11.4375H20.25C20.3992 11.4375 20.5423 11.4968 20.6477 11.6023C20.7532 11.7077 20.8125 11.8508 20.8125 12Z\" fill=\"currentColor\" \/><\/svg><\/div>\n\t<\/div>\n\t<div class=\"wp-block-waico-accordion__content-wrapper\">\n\t\t<div class=\"wp-block-waico-accordion__content\">\n\t\t\t\n\n<p class=\"\">Sie k\u00f6nnen per E-Mail eine Anfrage an <a href=\"mailto:info@waicogroup.com\">info@waicogroup.com<\/a> richten. Wir werden Sie direkt mit unseren Gebietsverkaufsleitern in Verbindung setzen. Gemeinsam mit ihnen k\u00f6nnen Sie die Bedingungen f\u00fcr den Beginn einer neuen gesch\u00e4ftlichen Zusammenarbeit pr\u00fcfen.<\/p>\n\n\t\t<\/div>\n\t<\/div>\n<\/div>\n<\/div>\n<\/div>\n\n\n\n<script>document.addEventListener('DOMContentLoaded',function(){\ndocument.querySelector('#form-contatti').addEventListener('submit',() => grecaptcha.reset(wpcf7_recaptcha.sitekey));\nconst gi = setInterval(function(){\nif(grecaptcha){\ngrecaptcha.reset(wpcf7_recaptcha.sitekey);\nclearInterval(gi);\n}\n},2000);\n}) ;<\/script>\n","protected":false},"excerpt":{"rendered":"<p>Kontakt WAICO GROUP HeadquarterVia Scotte 1 &#8211; 36033Isola Vicentina (VI) ItalienTel.: +39 0445 1716598info@waicogroup.com MaschinensparteVia Scotte 1 &#8211; 36033Isola Vicentina (VI) ItalienTel.: +39 0445 1716598macchine@waicogroup.com ItalforniVia dell\u2019Industria 13061122 Pesaro (PU) ItalienTel.: +39 0721 481515italforni@waicogroup.com FAQ H\u00e4ufig gestellte Fragen<\/p>\n","protected":false},"author":1,"featured_media":0,"parent":0,"menu_order":0,"comment_status":"closed","ping_status":"closed","template":"","meta":{"_acf_changed":false,"content-type":"","footnotes":""},"class_list":["post-20","page","type-page","status-publish","hentry"],"acf":[],"yoast_head":"<!-- This site is optimized with the Yoast SEO plugin v26.6 - https:\/\/yoast.com\/wordpress\/plugins\/seo\/ -->\n<title>Kontakt - Waico Group DE<\/title>\n<meta name=\"robots\" content=\"index, follow, max-snippet:-1, max-image-preview:large, max-video-preview:-1\" \/>\n<link rel=\"canonical\" href=\"https:\/\/www.waicogroup.com\/de\/kontakt\/\" \/>\n<meta property=\"og:locale\" content=\"de_DE\" \/>\n<meta property=\"og:type\" content=\"article\" \/>\n<meta property=\"og:title\" content=\"Kontakt - Waico Group DE\" \/>\n<meta property=\"og:description\" content=\"Kontakt WAICO GROUP HeadquarterVia Scotte 1 &#8211; 36033Isola Vicentina (VI) ItalienTel.: +39 0445 1716598info@waicogroup.com MaschinensparteVia Scotte 1 &#8211; 36033Isola Vicentina (VI) ItalienTel.: +39 0445 1716598macchine@waicogroup.com ItalforniVia dell\u2019Industria 13061122 Pesaro (PU) ItalienTel.: +39 0721 481515italforni@waicogroup.com FAQ H\u00e4ufig gestellte Fragen\" \/>\n<meta property=\"og:url\" content=\"https:\/\/www.waicogroup.com\/de\/kontakt\/\" \/>\n<meta property=\"og:site_name\" content=\"Waico Group DE\" \/>\n<meta property=\"article:modified_time\" content=\"2024-07-04T07:26:16+00:00\" \/>\n<meta property=\"og:image\" content=\"https:\/\/www.waicogroup.com\/de\/wp-content\/uploads\/sites\/4\/2023\/09\/waico-contatti.jpg\" \/>\n<meta name=\"twitter:card\" content=\"summary_large_image\" \/>\n<meta name=\"twitter:label1\" content=\"Gesch\u00e4tzte Lesezeit\" \/>\n\t<meta name=\"twitter:data1\" content=\"2\u00a0Minuten\" \/>\n<script type=\"application\/ld+json\" class=\"yoast-schema-graph\">{\"@context\":\"https:\/\/schema.org\",\"@graph\":[{\"@type\":\"WebPage\",\"@id\":\"https:\/\/www.waicogroup.com\/de\/kontakt\/\",\"url\":\"https:\/\/www.waicogroup.com\/de\/kontakt\/\",\"name\":\"Kontakt - Waico Group DE\",\"isPartOf\":{\"@id\":\"https:\/\/www.waicogroup.com\/de\/#website\"},\"primaryImageOfPage\":{\"@id\":\"https:\/\/www.waicogroup.com\/de\/kontakt\/#primaryimage\"},\"image\":{\"@id\":\"https:\/\/www.waicogroup.com\/de\/kontakt\/#primaryimage\"},\"thumbnailUrl\":\"https:\/\/www.waicogroup.com\/de\/wp-content\/uploads\/sites\/4\/2023\/09\/waico-contatti.jpg\",\"datePublished\":\"2023-08-21T09:25:53+00:00\",\"dateModified\":\"2024-07-04T07:26:16+00:00\",\"breadcrumb\":{\"@id\":\"https:\/\/www.waicogroup.com\/de\/kontakt\/#breadcrumb\"},\"inLanguage\":\"de\",\"potentialAction\":[{\"@type\":\"ReadAction\",\"target\":[\"https:\/\/www.waicogroup.com\/de\/kontakt\/\"]}]},{\"@type\":\"ImageObject\",\"inLanguage\":\"de\",\"@id\":\"https:\/\/www.waicogroup.com\/de\/kontakt\/#primaryimage\",\"url\":\"https:\/\/www.waicogroup.com\/de\/wp-content\/uploads\/sites\/4\/2023\/09\/waico-contatti.jpg\",\"contentUrl\":\"https:\/\/www.waicogroup.com\/de\/wp-content\/uploads\/sites\/4\/2023\/09\/waico-contatti.jpg\",\"width\":660,\"height\":1017},{\"@type\":\"BreadcrumbList\",\"@id\":\"https:\/\/www.waicogroup.com\/de\/kontakt\/#breadcrumb\",\"itemListElement\":[{\"@type\":\"ListItem\",\"position\":1,\"name\":\"Home\",\"item\":\"https:\/\/www.waicogroup.com\/de\/\"},{\"@type\":\"ListItem\",\"position\":2,\"name\":\"Kontakt\"}]},{\"@type\":\"WebSite\",\"@id\":\"https:\/\/www.waicogroup.com\/de\/#website\",\"url\":\"https:\/\/www.waicogroup.com\/de\/\",\"name\":\"Waico Group DE\",\"description\":\"\",\"potentialAction\":[{\"@type\":\"SearchAction\",\"target\":{\"@type\":\"EntryPoint\",\"urlTemplate\":\"https:\/\/www.waicogroup.com\/de\/?s={search_term_string}\"},\"query-input\":{\"@type\":\"PropertyValueSpecification\",\"valueRequired\":true,\"valueName\":\"search_term_string\"}}],\"inLanguage\":\"de\"}]}<\/script>\n<!-- \/ Yoast SEO plugin. -->","yoast_head_json":{"title":"Kontakt - Waico Group DE","robots":{"index":"index","follow":"follow","max-snippet":"max-snippet:-1","max-image-preview":"max-image-preview:large","max-video-preview":"max-video-preview:-1"},"canonical":"https:\/\/www.waicogroup.com\/de\/kontakt\/","og_locale":"de_DE","og_type":"article","og_title":"Kontakt - Waico Group DE","og_description":"Kontakt WAICO GROUP HeadquarterVia Scotte 1 &#8211; 36033Isola Vicentina (VI) ItalienTel.: +39 0445 1716598info@waicogroup.com MaschinensparteVia Scotte 1 &#8211; 36033Isola Vicentina (VI) ItalienTel.: +39 0445 1716598macchine@waicogroup.com ItalforniVia dell\u2019Industria 13061122 Pesaro (PU) ItalienTel.: +39 0721 481515italforni@waicogroup.com FAQ H\u00e4ufig gestellte Fragen","og_url":"https:\/\/www.waicogroup.com\/de\/kontakt\/","og_site_name":"Waico Group DE","article_modified_time":"2024-07-04T07:26:16+00:00","og_image":[{"url":"https:\/\/www.waicogroup.com\/de\/wp-content\/uploads\/sites\/4\/2023\/09\/waico-contatti.jpg","type":"","width":"","height":""}],"twitter_card":"summary_large_image","twitter_misc":{"Gesch\u00e4tzte Lesezeit":"2\u00a0Minuten"},"schema":{"@context":"https:\/\/schema.org","@graph":[{"@type":"WebPage","@id":"https:\/\/www.waicogroup.com\/de\/kontakt\/","url":"https:\/\/www.waicogroup.com\/de\/kontakt\/","name":"Kontakt - Waico Group DE","isPartOf":{"@id":"https:\/\/www.waicogroup.com\/de\/#website"},"primaryImageOfPage":{"@id":"https:\/\/www.waicogroup.com\/de\/kontakt\/#primaryimage"},"image":{"@id":"https:\/\/www.waicogroup.com\/de\/kontakt\/#primaryimage"},"thumbnailUrl":"https:\/\/www.waicogroup.com\/de\/wp-content\/uploads\/sites\/4\/2023\/09\/waico-contatti.jpg","datePublished":"2023-08-21T09:25:53+00:00","dateModified":"2024-07-04T07:26:16+00:00","breadcrumb":{"@id":"https:\/\/www.waicogroup.com\/de\/kontakt\/#breadcrumb"},"inLanguage":"de","potentialAction":[{"@type":"ReadAction","target":["https:\/\/www.waicogroup.com\/de\/kontakt\/"]}]},{"@type":"ImageObject","inLanguage":"de","@id":"https:\/\/www.waicogroup.com\/de\/kontakt\/#primaryimage","url":"https:\/\/www.waicogroup.com\/de\/wp-content\/uploads\/sites\/4\/2023\/09\/waico-contatti.jpg","contentUrl":"https:\/\/www.waicogroup.com\/de\/wp-content\/uploads\/sites\/4\/2023\/09\/waico-contatti.jpg","width":660,"height":1017},{"@type":"BreadcrumbList","@id":"https:\/\/www.waicogroup.com\/de\/kontakt\/#breadcrumb","itemListElement":[{"@type":"ListItem","position":1,"name":"Home","item":"https:\/\/www.waicogroup.com\/de\/"},{"@type":"ListItem","position":2,"name":"Kontakt"}]},{"@type":"WebSite","@id":"https:\/\/www.waicogroup.com\/de\/#website","url":"https:\/\/www.waicogroup.com\/de\/","name":"Waico Group DE","description":"","potentialAction":[{"@type":"SearchAction","target":{"@type":"EntryPoint","urlTemplate":"https:\/\/www.waicogroup.com\/de\/?s={search_term_string}"},"query-input":{"@type":"PropertyValueSpecification","valueRequired":true,"valueName":"search_term_string"}}],"inLanguage":"de"}]}},"_links":{"self":[{"href":"https:\/\/www.waicogroup.com\/de\/wp-json\/wp\/v2\/pages\/20","targetHints":{"allow":["GET"]}}],"collection":[{"href":"https:\/\/www.waicogroup.com\/de\/wp-json\/wp\/v2\/pages"}],"about":[{"href":"https:\/\/www.waicogroup.com\/de\/wp-json\/wp\/v2\/types\/page"}],"author":[{"embeddable":true,"href":"https:\/\/www.waicogroup.com\/de\/wp-json\/wp\/v2\/users\/1"}],"replies":[{"embeddable":true,"href":"https:\/\/www.waicogroup.com\/de\/wp-json\/wp\/v2\/comments?post=20"}],"version-history":[{"count":0,"href":"https:\/\/www.waicogroup.com\/de\/wp-json\/wp\/v2\/pages\/20\/revisions"}],"wp:attachment":[{"href":"https:\/\/www.waicogroup.com\/de\/wp-json\/wp\/v2\/media?parent=20"}],"curies":[{"name":"wp","href":"https:\/\/api.w.org\/{rel}","templated":true}]}}